{"id":54449,"date":"2024-03-11T15:42:27","date_gmt":"2024-03-11T14:42:27","guid":{"rendered":"https:\/\/trader-magazine.com\/?page_id=54449"},"modified":"2026-01-20T14:58:31","modified_gmt":"2026-01-20T13:58:31","slug":"rynki-ceny-i-wykresy","status":"publish","type":"page","link":"https:\/\/trader-magazine.com\/pl\/rynki-ceny-i-wykresy\/","title":{"rendered":"Rynki \u2013 Ceny i wykresy"},"content":{"rendered":"\n<figure class=\"wp-block-image size-large is-resized\"><img loading=\"lazy\" decoding=\"async\" width=\"1024\" height=\"607\" src=\"https:\/\/trader-magazine.com\/wp-content\/uploads\/2024\/02\/stock-prices-charts-1024x607.jpeg\" alt=\"\" class=\"wp-image-53451\" style=\"width:498px;height:auto\" srcset=\"https:\/\/trader-magazine.com\/wp-content\/uploads\/2024\/02\/stock-prices-charts-1024x607.jpeg 1024w, https:\/\/trader-magazine.com\/wp-content\/uploads\/2024\/02\/stock-prices-charts-300x178.jpeg 300w, https:\/\/trader-magazine.com\/wp-content\/uploads\/2024\/02\/stock-prices-charts-768x455.jpeg 768w, https:\/\/trader-magazine.com\/wp-content\/uploads\/2024\/02\/stock-prices-charts-1536x910.jpeg 1536w, https:\/\/trader-magazine.com\/wp-content\/uploads\/2024\/02\/stock-prices-charts-2048x1214.jpeg 2048w, https:\/\/trader-magazine.com\/wp-content\/uploads\/2024\/02\/stock-prices-charts-696x412.jpeg 696w, https:\/\/trader-magazine.com\/wp-content\/uploads\/2024\/02\/stock-prices-charts-1068x633.jpeg 1068w, https:\/\/trader-magazine.com\/wp-content\/uploads\/2024\/02\/stock-prices-charts-709x420.jpeg 709w\" sizes=\"auto, (max-width: 1024px) 100vw, 1024px\" \/><\/figure>\n\n\n\n<p><strong>Na tej stronie znajdziesz przegl\u0105d wszystkich tytu\u0142\u00f3w, dla kt\u00f3rych mo\u017cesz \u015bledzi\u0107 ich aktualne ceny oraz historyczne wykresy w Trader-Magazine.<\/strong><\/p>\n\n\n\n<p>Dodajemy tak\u017ce aktualne informacje i ciekawostki dotycz\u0105ce poszczeg\u00f3lnych rynk\u00f3w.<\/p>\n\n\n\n<p>Udanego inwestowania i handlu!<\/p>\n\n\n\n<h2 class=\"wp-block-heading\">Akcje \u2013 ceny, wykresy i informacje \u2013 alfabetycznie<\/h2>\n\n\n\n<ul class=\"wp-block-list\">\n<li><a href=\"https:\/\/trader-magazine.com\/pl\/aktualnosci\/apple-inc-aapl-cena-akcji-itp\/\" target=\"_blank\" rel=\"noopener\" title=\"\">Apple Inc. (AAPL)<\/a><\/li>\n\n\n\n<li><a href=\"https:\/\/trader-magazine.com\/pl\/aktualnosci\/delta-air-lines-inc-dal-cena-akcji-wykres-uslugi-historia\/\" target=\"_blank\" rel=\"noopener\" title=\"\">Delta Air Lines, Inc. (DAL)<\/a><\/li>\n\n\n\n<li><a href=\"https:\/\/trader-magazine.com\/pl\/aktualnosci\/nvidia-corporation-nvda-cena-akcji-wykres-produkty-historia\/\" target=\"_blank\" rel=\"noopener\" title=\"\">NVIDIA Corporation (NVDA)<\/a><\/li>\n\n\n\n<li><a href=\"https:\/\/trader-magazine.com\/pl\/aktualnosci\/tesla-inc-tsla-cena-akcji-wykres-produkty-historia\/\" target=\"_blank\" rel=\"noopener\" title=\"\">Tesla, Inc. (TSLA)<\/a><\/li>\n<\/ul>\n\n\n<p>[stock_market_widget type=&#8221;table-quotes&#8221; template=&#8221;basic&#8221; assets=&#8221;AAPL,DAL,NVDA,TSLA&#8221; fields=&#8221;logo_name_symbol,price,change_abs,change_pct,market_cap&#8221; display_header=&#8221;true&#8221; display_chart=&#8221;true&#8221; search=&#8221;false&#8221; pagination=&#8221;true&#8221; scroll=&#8221;false&#8221; rows_per_page=&#8221;4&#8243; sort_direction=&#8221;asc&#8221; alignment=&#8221;left&#8221; api=&#8221;yahoo-finance&#8221;]<\/p>\n\n\n\n<h2 class=\"wp-block-heading\"><\/h2>\n","protected":false},"excerpt":{"rendered":"<p>Na tej stronie znajdziesz przegl\u0105d wszystkich tytu\u0142\u00f3w, dla kt\u00f3rych mo\u017cesz \u015bledzi\u0107 ich aktualne ceny oraz historyczne wykresy w Trader-Magazine. Dodajemy tak\u017ce aktualne informacje i ciekawostki dotycz\u0105ce poszczeg\u00f3lnych rynk\u00f3w. Udanego inwestowania i handlu! Akcje \u2013 ceny, wykresy i informacje \u2013 alfabetycznie<\/p>\n","protected":false},"author":44,"featured_media":53456,"parent":0,"menu_order":0,"comment_status":"closed","ping_status":"closed","template":"","meta":{"yasr_overall_rating":0,"yasr_post_is_review":"","yasr_auto_insert_disabled":"","yasr_review_type":"","footnotes":""},"class_list":["post-54449","page","type-page","status-publish","has-post-thumbnail"],"aioseo_notices":[],"yasr_visitor_votes":{"stars_attributes":{"read_only":false,"span_bottom":false},"number_of_votes":0,"sum_votes":0},"aioseo_head":"\n\t\t<!-- All in One SEO Pro 4.9.5.2 - aioseo.com -->\n\t<meta name=\"description\" content=\"Na tej stronie znajdziesz przegl\u0105d wszystkich tytu\u0142\u00f3w, dla kt\u00f3rych mo\u017cesz \u015bledzi\u0107 ich aktualne ceny oraz historyczne wykresy w Trader-Magazine. Dodajemy tak\u017ce aktualne informacje i ciekawostki dotycz\u0105ce poszczeg\u00f3lnych rynk\u00f3w. Udanego inwestowania i handlu! Akcje \u2013 ceny, wykresy i informacje \u2013 alfabetycznie Apple Inc. (AAPL) Delta Air Lines, Inc. (DAL) NVIDIA Corporation (NVDA) Tesla, Inc. (TSLA) [stock_market_widget\" \/>\n\t<meta name=\"robots\" content=\"max-image-preview:large\" \/>\n\t<link rel=\"canonical\" href=\"https:\/\/trader-magazine.com\/pl\/rynki-ceny-i-wykresy\/\" \/>\n\t<meta name=\"generator\" content=\"All in One SEO Pro (AIOSEO) 4.9.5.2\" \/>\n\t\t<meta property=\"og:locale\" content=\"pl_PL\" \/>\n\t\t<meta property=\"og:site_name\" content=\"ForexMag\" \/>\n\t\t<meta property=\"og:type\" content=\"article\" \/>\n\t\t<meta property=\"og:title\" content=\"Rynki \u2013 Ceny i wykresy | Trader Magazine\" \/>\n\t\t<meta property=\"og:description\" content=\"Na tej stronie znajdziesz przegl\u0105d wszystkich tytu\u0142\u00f3w, dla kt\u00f3rych mo\u017cesz \u015bledzi\u0107 ich aktualne ceny oraz historyczne wykresy w Trader-Magazine. Dodajemy tak\u017ce aktualne informacje i ciekawostki dotycz\u0105ce poszczeg\u00f3lnych rynk\u00f3w. Udanego inwestowania i handlu! Akcje \u2013 ceny, wykresy i informacje \u2013 alfabetycznie Apple Inc. (AAPL) Delta Air Lines, Inc. (DAL) NVIDIA Corporation (NVDA) Tesla, Inc. (TSLA) [stock_market_widget\" \/>\n\t\t<meta property=\"og:url\" content=\"https:\/\/trader-magazine.com\/pl\/rynki-ceny-i-wykresy\/\" \/>\n\t\t<meta property=\"og:image\" content=\"https:\/\/trader-magazine.com\/wp-content\/uploads\/2024\/02\/stock-prices-charts-1024x607.jpeg\" \/>\n\t\t<meta property=\"og:image:secure_url\" content=\"https:\/\/trader-magazine.com\/wp-content\/uploads\/2024\/02\/stock-prices-charts-1024x607.jpeg\" \/>\n\t\t<meta property=\"article:published_time\" content=\"2024-03-11T14:42:27+00:00\" \/>\n\t\t<meta property=\"article:modified_time\" content=\"2026-01-20T13:58:31+00:00\" \/>\n\t\t<meta name=\"twitter:card\" content=\"summary\" \/>\n\t\t<meta name=\"twitter:title\" content=\"Rynki \u2013 Ceny i wykresy | Trader Magazine\" \/>\n\t\t<meta name=\"twitter:description\" content=\"Na tej stronie znajdziesz przegl\u0105d wszystkich tytu\u0142\u00f3w, dla kt\u00f3rych mo\u017cesz \u015bledzi\u0107 ich aktualne ceny oraz historyczne wykresy w Trader-Magazine. Dodajemy tak\u017ce aktualne informacje i ciekawostki dotycz\u0105ce poszczeg\u00f3lnych rynk\u00f3w. Udanego inwestowania i handlu! Akcje \u2013 ceny, wykresy i informacje \u2013 alfabetycznie Apple Inc. (AAPL) Delta Air Lines, Inc. (DAL) NVIDIA Corporation (NVDA) Tesla, Inc. (TSLA) [stock_market_widget\" \/>\n\t\t<meta name=\"twitter:image\" content=\"https:\/\/trader-magazine.com\/wp-content\/uploads\/2024\/02\/stock-prices-charts-1024x607.jpeg\" \/>\n\t\t<script type=\"application\/ld+json\" class=\"aioseo-schema\">\n\t\t\t{\"@context\":\"https:\\\/\\\/schema.org\",\"@graph\":[{\"@type\":\"BreadcrumbList\",\"@id\":\"https:\\\/\\\/trader-magazine.com\\\/pl\\\/rynki-ceny-i-wykresy\\\/#breadcrumblist\",\"itemListElement\":[{\"@type\":\"ListItem\",\"@id\":\"https:\\\/\\\/trader-magazine.com\\\/pl\\\/#listItem\",\"position\":1,\"name\":\"Home\",\"item\":\"https:\\\/\\\/trader-magazine.com\\\/pl\\\/\",\"nextItem\":{\"@type\":\"ListItem\",\"@id\":\"https:\\\/\\\/trader-magazine.com\\\/pl\\\/rynki-ceny-i-wykresy\\\/#listItem\",\"name\":\"Rynki \\u2013 Ceny i wykresy\"}},{\"@type\":\"ListItem\",\"@id\":\"https:\\\/\\\/trader-magazine.com\\\/pl\\\/rynki-ceny-i-wykresy\\\/#listItem\",\"position\":2,\"name\":\"Rynki \\u2013 Ceny i wykresy\",\"previousItem\":{\"@type\":\"ListItem\",\"@id\":\"https:\\\/\\\/trader-magazine.com\\\/pl\\\/#listItem\",\"name\":\"Home\"}}]},{\"@type\":\"Organization\",\"@id\":\"https:\\\/\\\/trader-magazine.com\\\/pl\\\/#organization\",\"name\":\"Trader-Magazine.com\",\"description\":\"Mezin\\u00e1rodn\\u00ed port\\u00e1l finan\\u010dn\\u00edho vzd\\u011bl\\u00e1v\\u00e1n\\u00ed se zam\\u011b\\u0159en\\u00edm na investice. V sou\\u010dasn\\u00e9 dob\\u011b vych\\u00e1z\\u00ed v 6 jazykov\\u00fdch verz\\u00edch a p\\u0159in\\u00e1\\u0161\\u00ed denn\\u011b aktualizovan\\u00e9 zpr\\u00e1vy, recenze, varov\\u00e1n\\u00ed a vzd\\u011bl\\u00e1vac\\u00ed \\u010dl\\u00e1nky relevantn\\u00ed pro investory z cel\\u00e9ho sv\\u011bta.\",\"url\":\"https:\\\/\\\/trader-magazine.com\\\/pl\\\/\",\"email\":\"info@trader-magazine.com\",\"logo\":{\"@type\":\"ImageObject\",\"url\":\"https:\\\/\\\/trader-magazine.com\\\/wp-content\\\/uploads\\\/2026\\\/01\\\/logo_logo4-B-kopie.png\",\"@id\":\"https:\\\/\\\/trader-magazine.com\\\/pl\\\/rynki-ceny-i-wykresy\\\/#organizationLogo\",\"width\":1586,\"height\":555},\"image\":{\"@id\":\"https:\\\/\\\/trader-magazine.com\\\/pl\\\/rynki-ceny-i-wykresy\\\/#organizationLogo\"}},{\"@type\":\"WebPage\",\"@id\":\"https:\\\/\\\/trader-magazine.com\\\/pl\\\/rynki-ceny-i-wykresy\\\/#webpage\",\"url\":\"https:\\\/\\\/trader-magazine.com\\\/pl\\\/rynki-ceny-i-wykresy\\\/\",\"name\":\"Rynki \\u2013 Ceny i wykresy | Trader Magazine\",\"description\":\"Na tej stronie znajdziesz przegl\\u0105d wszystkich tytu\\u0142\\u00f3w, dla kt\\u00f3rych mo\\u017cesz \\u015bledzi\\u0107 ich aktualne ceny oraz historyczne wykresy w Trader-Magazine. Dodajemy tak\\u017ce aktualne informacje i ciekawostki dotycz\\u0105ce poszczeg\\u00f3lnych rynk\\u00f3w. Udanego inwestowania i handlu! Akcje \\u2013 ceny, wykresy i informacje \\u2013 alfabetycznie Apple Inc. (AAPL) Delta Air Lines, Inc. (DAL) NVIDIA Corporation (NVDA) Tesla, Inc. (TSLA) [stock_market_widget\",\"inLanguage\":\"pl-PL\",\"isPartOf\":{\"@id\":\"https:\\\/\\\/trader-magazine.com\\\/pl\\\/#website\"},\"breadcrumb\":{\"@id\":\"https:\\\/\\\/trader-magazine.com\\\/pl\\\/rynki-ceny-i-wykresy\\\/#breadcrumblist\"},\"image\":{\"@type\":\"ImageObject\",\"url\":\"https:\\\/\\\/trader-magazine.com\\\/wp-content\\\/uploads\\\/2024\\\/02\\\/stock-prices-charts-scaled.jpeg\",\"@id\":\"https:\\\/\\\/trader-magazine.com\\\/pl\\\/rynki-ceny-i-wykresy\\\/#mainImage\",\"width\":2560,\"height\":1517,\"caption\":\"graphic of  3D candlestick in stock market presented in futuristic style\"},\"primaryImageOfPage\":{\"@id\":\"https:\\\/\\\/trader-magazine.com\\\/pl\\\/rynki-ceny-i-wykresy\\\/#mainImage\"},\"datePublished\":\"2024-03-11T15:42:27+01:00\",\"dateModified\":\"2026-01-20T14:58:31+01:00\"},{\"@type\":\"WebSite\",\"@id\":\"https:\\\/\\\/trader-magazine.com\\\/pl\\\/#website\",\"url\":\"https:\\\/\\\/trader-magazine.com\\\/pl\\\/\",\"name\":\"Trader Magazine\",\"description\":\"Trader Magazine - Investment magazine - Reviews\",\"inLanguage\":\"pl-PL\",\"publisher\":{\"@id\":\"https:\\\/\\\/trader-magazine.com\\\/pl\\\/#organization\"}}]}\n\t\t<\/script>\n\t\t<!-- All in One SEO Pro -->\r\n\t\t<title>Rynki \u2013 Ceny i wykresy | Trader Magazine<\/title>\n\n","aioseo_head_json":{"title":"Rynki \u2013 Ceny i wykresy | Trader Magazine","description":"Na tej stronie znajdziesz przegl\u0105d wszystkich tytu\u0142\u00f3w, dla kt\u00f3rych mo\u017cesz \u015bledzi\u0107 ich aktualne ceny oraz historyczne wykresy w Trader-Magazine. Dodajemy tak\u017ce aktualne informacje i ciekawostki dotycz\u0105ce poszczeg\u00f3lnych rynk\u00f3w. Udanego inwestowania i handlu! Akcje \u2013 ceny, wykresy i informacje \u2013 alfabetycznie Apple Inc. (AAPL) Delta Air Lines, Inc. (DAL) NVIDIA Corporation (NVDA) Tesla, Inc. (TSLA) [stock_market_widget","canonical_url":"https:\/\/trader-magazine.com\/pl\/rynki-ceny-i-wykresy\/","robots":"max-image-preview:large","keywords":"","webmasterTools":{"miscellaneous":""},"schema":{"@context":"https:\/\/schema.org","@graph":[{"@type":"BreadcrumbList","@id":"https:\/\/trader-magazine.com\/pl\/rynki-ceny-i-wykresy\/#breadcrumblist","itemListElement":[{"@type":"ListItem","@id":"https:\/\/trader-magazine.com\/pl\/#listItem","position":1,"name":"Home","item":"https:\/\/trader-magazine.com\/pl\/","nextItem":{"@type":"ListItem","@id":"https:\/\/trader-magazine.com\/pl\/rynki-ceny-i-wykresy\/#listItem","name":"Rynki \u2013 Ceny i wykresy"}},{"@type":"ListItem","@id":"https:\/\/trader-magazine.com\/pl\/rynki-ceny-i-wykresy\/#listItem","position":2,"name":"Rynki \u2013 Ceny i wykresy","previousItem":{"@type":"ListItem","@id":"https:\/\/trader-magazine.com\/pl\/#listItem","name":"Home"}}]},{"@type":"Organization","@id":"https:\/\/trader-magazine.com\/pl\/#organization","name":"Trader-Magazine.com","description":"Mezin\u00e1rodn\u00ed port\u00e1l finan\u010dn\u00edho vzd\u011bl\u00e1v\u00e1n\u00ed se zam\u011b\u0159en\u00edm na investice. V sou\u010dasn\u00e9 dob\u011b vych\u00e1z\u00ed v 6 jazykov\u00fdch verz\u00edch a p\u0159in\u00e1\u0161\u00ed denn\u011b aktualizovan\u00e9 zpr\u00e1vy, recenze, varov\u00e1n\u00ed a vzd\u011bl\u00e1vac\u00ed \u010dl\u00e1nky relevantn\u00ed pro investory z cel\u00e9ho sv\u011bta.","url":"https:\/\/trader-magazine.com\/pl\/","email":"info@trader-magazine.com","logo":{"@type":"ImageObject","url":"https:\/\/trader-magazine.com\/wp-content\/uploads\/2026\/01\/logo_logo4-B-kopie.png","@id":"https:\/\/trader-magazine.com\/pl\/rynki-ceny-i-wykresy\/#organizationLogo","width":1586,"height":555},"image":{"@id":"https:\/\/trader-magazine.com\/pl\/rynki-ceny-i-wykresy\/#organizationLogo"}},{"@type":"WebPage","@id":"https:\/\/trader-magazine.com\/pl\/rynki-ceny-i-wykresy\/#webpage","url":"https:\/\/trader-magazine.com\/pl\/rynki-ceny-i-wykresy\/","name":"Rynki \u2013 Ceny i wykresy | Trader Magazine","description":"Na tej stronie znajdziesz przegl\u0105d wszystkich tytu\u0142\u00f3w, dla kt\u00f3rych mo\u017cesz \u015bledzi\u0107 ich aktualne ceny oraz historyczne wykresy w Trader-Magazine. Dodajemy tak\u017ce aktualne informacje i ciekawostki dotycz\u0105ce poszczeg\u00f3lnych rynk\u00f3w. Udanego inwestowania i handlu! Akcje \u2013 ceny, wykresy i informacje \u2013 alfabetycznie Apple Inc. (AAPL) Delta Air Lines, Inc. (DAL) NVIDIA Corporation (NVDA) Tesla, Inc. (TSLA) [stock_market_widget","inLanguage":"pl-PL","isPartOf":{"@id":"https:\/\/trader-magazine.com\/pl\/#website"},"breadcrumb":{"@id":"https:\/\/trader-magazine.com\/pl\/rynki-ceny-i-wykresy\/#breadcrumblist"},"image":{"@type":"ImageObject","url":"https:\/\/trader-magazine.com\/wp-content\/uploads\/2024\/02\/stock-prices-charts-scaled.jpeg","@id":"https:\/\/trader-magazine.com\/pl\/rynki-ceny-i-wykresy\/#mainImage","width":2560,"height":1517,"caption":"graphic of  3D candlestick in stock market presented in futuristic style"},"primaryImageOfPage":{"@id":"https:\/\/trader-magazine.com\/pl\/rynki-ceny-i-wykresy\/#mainImage"},"datePublished":"2024-03-11T15:42:27+01:00","dateModified":"2026-01-20T14:58:31+01:00"},{"@type":"WebSite","@id":"https:\/\/trader-magazine.com\/pl\/#website","url":"https:\/\/trader-magazine.com\/pl\/","name":"Trader Magazine","description":"Trader Magazine - Investment magazine - Reviews","inLanguage":"pl-PL","publisher":{"@id":"https:\/\/trader-magazine.com\/pl\/#organization"}}]},"og:locale":"pl_PL","og:site_name":"ForexMag","og:type":"article","og:title":"Rynki \u2013 Ceny i wykresy | Trader Magazine","og:description":"Na tej stronie znajdziesz przegl\u0105d wszystkich tytu\u0142\u00f3w, dla kt\u00f3rych mo\u017cesz \u015bledzi\u0107 ich aktualne ceny oraz historyczne wykresy w Trader-Magazine. Dodajemy tak\u017ce aktualne informacje i ciekawostki dotycz\u0105ce poszczeg\u00f3lnych rynk\u00f3w. Udanego inwestowania i handlu! Akcje \u2013 ceny, wykresy i informacje \u2013 alfabetycznie Apple Inc. (AAPL) Delta Air Lines, Inc. (DAL) NVIDIA Corporation (NVDA) Tesla, Inc. (TSLA) [stock_market_widget","og:url":"https:\/\/trader-magazine.com\/pl\/rynki-ceny-i-wykresy\/","og:image":"https:\/\/trader-magazine.com\/wp-content\/uploads\/2024\/02\/stock-prices-charts-1024x607.jpeg","og:image:secure_url":"https:\/\/trader-magazine.com\/wp-content\/uploads\/2024\/02\/stock-prices-charts-1024x607.jpeg","article:published_time":"2024-03-11T14:42:27+00:00","article:modified_time":"2026-01-20T13:58:31+00:00","twitter:card":"summary","twitter:title":"Rynki \u2013 Ceny i wykresy | Trader Magazine","twitter:description":"Na tej stronie znajdziesz przegl\u0105d wszystkich tytu\u0142\u00f3w, dla kt\u00f3rych mo\u017cesz \u015bledzi\u0107 ich aktualne ceny oraz historyczne wykresy w Trader-Magazine. Dodajemy tak\u017ce aktualne informacje i ciekawostki dotycz\u0105ce poszczeg\u00f3lnych rynk\u00f3w. Udanego inwestowania i handlu! Akcje \u2013 ceny, wykresy i informacje \u2013 alfabetycznie Apple Inc. (AAPL) Delta Air Lines, Inc. (DAL) NVIDIA Corporation (NVDA) Tesla, Inc. (TSLA) [stock_market_widget","twitter:image":"https:\/\/trader-magazine.com\/wp-content\/uploads\/2024\/02\/stock-prices-charts-1024x607.jpeg"},"aioseo_meta_data":{"post_id":"54449","title":null,"description":null,"keywords":null,"keyphrases":{"focus":{"keyphrase":"","score":0,"analysis":{"keyphraseInTitle":{"score":0,"maxScore":9,"error":1}}},"additional":[]},"primary_term":null,"canonical_url":null,"og_title":null,"og_description":null,"og_object_type":"default","og_image_type":"default","og_image_url":null,"og_image_width":null,"og_image_height":null,"og_image_custom_url":null,"og_image_custom_fields":null,"og_video":"","og_custom_url":null,"og_article_section":null,"og_article_tags":null,"twitter_use_og":false,"twitter_card":"default","twitter_image_type":"default","twitter_image_url":null,"twitter_image_custom_url":null,"twitter_image_custom_fields":null,"twitter_title":null,"twitter_description":null,"schema":{"blockGraphs":[],"customGraphs":[],"default":{"data":{"Article":[],"Course":[],"Dataset":[],"FAQPage":[],"Movie":[],"Person":[],"Product":[],"ProductReview":[],"Car":[],"Recipe":[],"Service":[],"SoftwareApplication":[],"WebPage":[]},"graphName":"WebPage","isEnabled":true},"graphs":[]},"schema_type":"default","schema_type_options":null,"pillar_content":false,"robots_default":true,"robots_noindex":false,"robots_noarchive":false,"robots_nosnippet":false,"robots_nofollow":false,"robots_noimageindex":false,"robots_noodp":false,"robots_notranslate":false,"robots_max_snippet":"-1","robots_max_videopreview":"-1","robots_max_imagepreview":"large","priority":null,"frequency":"default","local_seo":null,"seo_analyzer_scan_date":"2026-01-20 13:59:33","breadcrumb_settings":null,"limit_modified_date":false,"reviewed_by":null,"open_ai":"{\"title\":{\"suggestions\":[],\"usage\":0},\"description\":{\"suggestions\":[],\"usage\":0}}","ai":{"faqs":[],"keyPoints":[],"titles":[],"descriptions":[],"socialPosts":{"email":[],"linkedin":[],"twitter":[],"facebook":[],"instagram":[]}},"created":"2024-03-11 14:40:14","updated":"2026-01-20 13:59:33"},"aioseo_breadcrumb":"<div class=\"aioseo-breadcrumbs\"><span class=\"aioseo-breadcrumb\">\n\t<a href=\"https:\/\/trader-magazine.com\/pl\/\" title=\"Home\">Home<\/a>\n<\/span><span class=\"aioseo-breadcrumb-separator\">&raquo;<\/span><span class=\"aioseo-breadcrumb\">\n\tRynki \u2013 Ceny i wykresy\n<\/span><\/div>","aioseo_breadcrumb_json":[{"label":"Home","link":"https:\/\/trader-magazine.com\/pl\/"},{"label":"Rynki \u2013 Ceny i wykresy","link":"https:\/\/trader-magazine.com\/pl\/rynki-ceny-i-wykresy\/"}],"_links":{"self":[{"href":"https:\/\/trader-magazine.com\/pl\/wp-json\/wp\/v2\/pages\/54449","targetHints":{"allow":["GET"]}}],"collection":[{"href":"https:\/\/trader-magazine.com\/pl\/wp-json\/wp\/v2\/pages"}],"about":[{"href":"https:\/\/trader-magazine.com\/pl\/wp-json\/wp\/v2\/types\/page"}],"author":[{"embeddable":true,"href":"https:\/\/trader-magazine.com\/pl\/wp-json\/wp\/v2\/users\/44"}],"replies":[{"embeddable":true,"href":"https:\/\/trader-magazine.com\/pl\/wp-json\/wp\/v2\/comments?post=54449"}],"version-history":[{"count":0,"href":"https:\/\/trader-magazine.com\/pl\/wp-json\/wp\/v2\/pages\/54449\/revisions"}],"wp:featuredmedia":[{"embeddable":true,"href":"https:\/\/trader-magazine.com\/pl\/wp-json\/wp\/v2\/media\/53456"}],"wp:attachment":[{"href":"https:\/\/trader-magazine.com\/pl\/wp-json\/wp\/v2\/media?parent=54449"}],"curies":[{"name":"wp","href":"https:\/\/api.w.org\/{rel}","templated":true}]}}