{"id":45768,"date":"2022-04-05T08:28:00","date_gmt":"2022-04-05T06:28:00","guid":{"rendered":"https:\/\/trader-magazine.com\/?page_id=45768"},"modified":"2023-04-05T08:28:50","modified_gmt":"2023-04-05T06:28:50","slug":"gdpr","status":"publish","type":"page","link":"https:\/\/trader-magazine.com\/pl\/gdpr\/","title":{"rendered":"GDPR"},"content":{"rendered":"\n<p>Ochrona Twoich danych osobowych jest zgodna z Og\u00f3lnym Rozporz\u0105dzeniem o Ochronie Danych Osobowych \u2013 Rozporz\u0105dzenie Parlamentu Europejskiego i Rady (UE) 2016\/679 z dnia 27 kwietnia 2016 r. Informacje o Tobie nigdy nie zostan\u0105 udost\u0119pnione podmiotowi trzeciemu impreza.<\/p>\n\n\n\n<p><strong>Podstawowe zasady ochrony danych osobowych<\/strong><\/p>\n\n\n\n<ul class=\"wp-block-list\">\n<li>Nie prosimy o podanie danych osobowych, chyba \u017ce naprawd\u0119 ich potrzebujemy.<\/li>\n\n\n\n<li>Nikomu nie udost\u0119pniamy Twoich danych osobowych, z wyj\u0105tkiem przypadk\u00f3w zwi\u0105zanych z prawem lub ochron\u0105 naszych praw.<\/li>\n\n\n\n<li>Nie przechowujemy danych osobowych na naszych serwerach, chyba \u017ce jest to ci\u0105g\u0142e korzystanie z naszych us\u0142ug.<\/li>\n<\/ul>\n\n\n\n<p><strong>Zakres przetwarzania danych osobowych<\/strong><\/p>\n\n\n\n<p><strong>Gromadzimy Twoje dane osobowe, gdy:<\/strong><\/p>\n\n\n\n<ul class=\"wp-block-list\">\n<li>przegl\u0105dasz nasz portal<\/li>\n\n\n\n<li>dodajesz komentarz do posta<\/li>\n\n\n\n<li>sam przekazujesz nam dane e-mailem, telefonicznie lub w inny spos\u00f3b<\/li>\n<\/ul>\n\n\n\n<p><strong>Przetwarzamy nast\u0119puj\u0105ce dane:<\/strong><\/p>\n\n\n\n<ul class=\"wp-block-list\">\n<li>imi\u0119 i nazwisko<\/li>\n\n\n\n<li>adres e-mail<\/li>\n\n\n\n<li>adres IP<\/li>\n\n\n\n<li>identyfikacja przegl\u0105darki, systemu operacyjnego i inne informacje do analizy ruchu<\/li>\n\n\n\n<li>ciasteczka<\/li>\n<\/ul>\n\n\n\n<p><strong>Cele przetwarzania i ich podstawa prawna<\/strong><\/p>\n\n\n\n<p><strong>UWAGI<\/strong><\/p>\n\n\n\n<p>Kiedy odwiedzaj\u0105cy dodaj\u0105 komentarz na tej stronie, zbierane s\u0105 dane wy\u015bwietlane w formularzu komentowania, jak r\u00f3wnie\u017c adres IP odwiedzaj\u0105cego oraz ci\u0105g agenta u\u017cytkownika, kt\u00f3ry definiuje przegl\u0105dark\u0119, co pomaga wykrywa\u0107 spam.<\/p>\n\n\n\n<p>Us\u0142uga Gravatar mo\u017ce by\u0107 dostarczana z anonimowym ci\u0105giem znak\u00f3w (zwanym tak\u017ce hashem) w celu ustalenia, czy korzystasz z us\u0142ugi. Polityka prywatno\u015bci Gravatar jest dost\u0119pna tutaj: https:\/\/automattic.com\/privacy\/. Po zatwierdzeniu komentarza Twoje zdj\u0119cie profilowe jest widoczne publicznie w kontek\u015bcie Twojego komentarza.<\/p>\n\n\n\n<p>Komentarze go\u015bci mo\u017cna sprawdzi\u0107 za pomoc\u0105 automatycznej us\u0142ugi wykrywania spamu, kt\u00f3ra mo\u017ce znajdowa\u0107 si\u0119 za granic\u0105. Polityk\u0119 prywatno\u015bci Akismet dotycz\u0105c\u0105 ochrony przed spamem mo\u017cna znale\u017a\u0107 tutaj: https:\/\/akismet.com\/privacy\/.<\/p>\n\n\n\n<p><strong>CIASTECZKA<\/strong><\/p>\n\n\n\n<p>Je\u015bli dodasz komentarz na naszej stronie, mo\u017cesz w\u0142\u0105czy\u0107 przechowywanie metadanych w plikach cookies. W ten spos\u00f3b staramy si\u0119 zwi\u0119kszy\u0107 Tw\u00f3j komfort, gdy napiszesz nowy komentarz, nie b\u0119dziesz musia\u0142 ponownie uzupe\u0142nia\u0107 tych informacji. Te pliki cookie b\u0119d\u0105 mia\u0142y \u017cywotno\u015b\u0107 jednego roku.<\/p>\n\n\n\n<p>Je\u015bli masz konto i zalogujesz si\u0119 na tej stronie, ustawimy tymczasowe ciasteczko, aby sprawdzi\u0107, czy Twoja przegl\u0105darka akceptuje ciasteczka. Ten plik cookie nie zawiera \u017cadnych danych osobowych i zostanie anulowany po zamkni\u0119ciu przegl\u0105darki. Podczas logowania ustawimy r\u00f3wnie\u017c kilka plik\u00f3w cookie do przechowywania danych logowania i ustawienia wy\u015bwietlania ekranu. Pliki cookie logowania maj\u0105 \u017cywotno\u015b\u0107 dw\u00f3ch dni, a pliki cookie ustawie\u0144 wy\u015bwietlania maj\u0105 \u017cywotno\u015b\u0107 jednego roku. Je\u015bli potwierdzisz opcj\u0119 \u201eZapami\u0119taj mnie\u201d, Twoje logowanie zajmie dwa tygodnie. Je\u015bli wylogujesz si\u0119 ze swojego konta, ciasteczka logowania zostan\u0105 usuni\u0119te. Je\u015bli edytujesz lub publikujesz artyku\u0142, w Twojej przegl\u0105darce zostanie zapisane kolejne ciasteczko. Ten plik cookie nie zawiera \u017cadnych danych osobowych i wskazuje po prostu identyfikator w\u0142a\u015bnie edytowanego postu. Wyga\u015bnie po 1 dniu. Standardowe przegl\u0105darki internetowe (Internet Explorer, Mozilla Firefox, Google Chrome itp.) obs\u0142uguj\u0105 zarz\u0105dzanie plikami cookies. W ramach ustawie\u0144 przegl\u0105darki mo\u017cna r\u0119cznie usun\u0105\u0107, zablokowa\u0107 lub ca\u0142kowicie uniemo\u017cliwi\u0107 ich u\u017cywanie, mo\u017cna te\u017c zablokowa\u0107 lub zezwoli\u0107 na nie tylko dla poszczeg\u00f3lnych serwis\u00f3w. Aby uzyska\u0107 bardziej szczeg\u00f3\u0142owe informacje, skorzystaj z pomocy przegl\u0105darki. Je\u017celi Twoja przegl\u0105darka zezwala na korzystanie z plik\u00f3w cookie, przyjmiemy, \u017ce wyra\u017casz zgod\u0119 na u\u017cywanie przez nasz serwer standardowych plik\u00f3w cookie.<\/p>\n\n\n\n<p><strong>Wy\u0142\u0105cz pliki cookie w r\u00f3\u017cnych przegl\u0105darkach<\/strong><\/p>\n\n\n\n<p>Chrome: support.google.com&nbsp;<br>Firefox: support.mozilla.orgOpera: help.opera.comSafari: support.apple.com<\/p>\n\n\n\n<p><strong>WSTAWIONE TRE\u015aCI Z INNYCH STRON INTERNETOWYCH<\/strong><\/p>\n\n\n\n<p>Posty w tej witrynie mog\u0105 zawiera\u0107 osadzone tre\u015bci (takie jak filmy, obrazy, wid\u017cety, wykresy itp.). Osadzone tre\u015bci z innych witryn zachowuj\u0105 si\u0119 tak samo, jak gdyby odwiedzaj\u0105cy odwiedzi\u0142 inn\u0105 witryn\u0119. Ta witryna mo\u017ce gromadzi\u0107 dane o tobie, u\u017cywa\u0107 plik\u00f3w cookie, osadza\u0107 dodatkowe \u015bledzenie od stron trzecich i \u015bledzi\u0107 twoj\u0105 interakcj\u0119 z t\u0105 osadzon\u0105 zawarto\u015bci\u0105, w tym \u015bledzenie interakcji z osadzon\u0105 zawarto\u015bci\u0105, je\u015bli masz konto i jeste\u015b zalogowany w tej witrynie.<\/p>\n\n\n\n<p><strong>ANALITYKA<\/strong><\/p>\n\n\n\n<p>U\u017cywamy Google Analytics do anonimowej analizy zachowania u\u017cytkownik\u00f3w naszej strony internetowej, dzi\u0119ki czemu mo\u017cemy znale\u017a\u0107 i poprawi\u0107 b\u0142\u0119dy w interfejsie u\u017cytkownika. Ta aplikacja mo\u017ce wykorzystywa\u0107 pliki cookie do mapowania Twojego ruchu na naszej stronie internetowej. Wi\u0119cej informacji mo\u017cna znale\u017a\u0107 na stronie&nbsp;<a href=\"https:\/\/www.google.com\/analytics\/learn\/privacy.html?hl=en_US.\">https:\/\/www.google.com\/analytics\/learn\/privacy.html?hl=en_US.<\/a><\/p>\n\n\n\n<p>Je\u015bli dodasz komentarz, komentarz i jego metadane b\u0119d\u0105 przechowywane przez czas nieokre\u015blony. Dane s\u0105 przechowywane w celu automatycznego rozpoznania i zatwierdzenia wszystkich kolejnych komentarzy, zamiast przetrzymywania ich w kolejce do moderacji.<\/p>\n\n\n\n<p>Przechowujemy r\u00f3wnie\u017c dane osobowe zarejestrowanych u\u017cytkownik\u00f3w, kt\u00f3re podaj\u0105 oni w swoim profilu u\u017cytkownika. Wszyscy u\u017cytkownicy mog\u0105 przegl\u0105da\u0107, edytowa\u0107 lub usuwa\u0107 swoje dane osobowe w dowolnym momencie (z wyj\u0105tkiem tego, \u017ce nie mog\u0105 zmieni\u0107 swojej nazwy u\u017cytkownika). Webmasterzy r\u00f3wnie\u017c mog\u0105 wy\u015bwietla\u0107 i edytowa\u0107 te informacje.<\/p>\n\n\n\n<p>masz konto w tej witrynie lub doda\u0142e\u015b tutaj komentarze, mo\u017cesz poprosi\u0107 o przes\u0142anie pliku eksportu danych osobowych, kt\u00f3re posiadamy na Tw\u00f3j temat, w tym wszelkich informacji, kt\u00f3re nam przekaza\u0142e\u015b. Mo\u017cesz r\u00f3wnie\u017c za\u017c\u0105da\u0107 usuni\u0119cia wszelkich danych osobowych, kt\u00f3re przechowujemy na Tw\u00f3j temat. Ta opcja nie obejmuje danych, kt\u00f3re jeste\u015bmy zobowi\u0105zani zachowa\u0107 ze wzgl\u0119d\u00f3w administracyjnych, prawnych lub bezpiecze\u0144stwa.<\/p>\n\n\n\n<p>Je\u015bli masz pytanie dotycz\u0105ce dost\u0119pu do swoich danych osobowych lub ich poprawiania, skontaktuj si\u0119 z nami:&nbsp;<a href=\"mailto:info@trader-magazine.com\">info@trader-magazine.com<\/a><\/p>\n","protected":false},"excerpt":{"rendered":"<p>Ochrona Twoich danych osobowych jest zgodna z Og\u00f3lnym Rozporz\u0105dzeniem o Ochronie Danych Osobowych \u2013 Rozporz\u0105dzenie Parlamentu Europejskiego i Rady (UE) 2016\/679 z dnia 27 kwietnia 2016 r. Informacje o Tobie nigdy nie zostan\u0105 udost\u0119pnione podmiotowi trzeciemu impreza. Podstawowe zasady ochrony danych osobowych Zakres przetwarzania danych osobowych Gromadzimy Twoje dane osobowe, gdy: Przetwarzamy nast\u0119puj\u0105ce dane: Cele [&hellip;]<\/p>\n","protected":false},"author":34,"featured_media":0,"parent":0,"menu_order":0,"comment_status":"closed","ping_status":"closed","template":"","meta":{"yasr_overall_rating":0,"yasr_post_is_review":"","yasr_auto_insert_disabled":"","yasr_review_type":"","footnotes":""},"class_list":["post-45768","page","type-page","status-publish"],"aioseo_notices":[],"yasr_visitor_votes":{"stars_attributes":{"read_only":false,"span_bottom":false},"number_of_votes":0,"sum_votes":0},"aioseo_head":"\n\t\t<!-- All in One SEO Pro 4.9.5.2 - aioseo.com -->\n\t<meta name=\"description\" content=\"Ochrona Twoich danych osobowych jest zgodna z Og\u00f3lnym Rozporz\u0105dzeniem o Ochronie Danych Osobowych \u2013 Rozporz\u0105dzenie Parlamentu Europejskiego i Rady (UE) 2016\/679 z dnia 27 kwietnia 2016 r. Informacje o Tobie nigdy nie zostan\u0105 udost\u0119pnione podmiotowi trzeciemu impreza. Podstawowe zasady ochrony danych osobowych Nie prosimy o podanie danych osobowych, chyba \u017ce naprawd\u0119 ich potrzebujemy. Nikomu nie\" \/>\n\t<meta name=\"robots\" content=\"max-image-preview:large\" \/>\n\t<link rel=\"canonical\" href=\"https:\/\/trader-magazine.com\/pl\/gdpr\/\" \/>\n\t<meta name=\"generator\" content=\"All in One SEO Pro (AIOSEO) 4.9.5.2\" \/>\n\t\t<meta property=\"og:locale\" content=\"pl_PL\" \/>\n\t\t<meta property=\"og:site_name\" content=\"ForexMag\" \/>\n\t\t<meta property=\"og:type\" content=\"article\" \/>\n\t\t<meta property=\"og:title\" content=\"GDPR | Trader Magazine\" \/>\n\t\t<meta property=\"og:description\" content=\"Ochrona Twoich danych osobowych jest zgodna z Og\u00f3lnym Rozporz\u0105dzeniem o Ochronie Danych Osobowych \u2013 Rozporz\u0105dzenie Parlamentu Europejskiego i Rady (UE) 2016\/679 z dnia 27 kwietnia 2016 r. Informacje o Tobie nigdy nie zostan\u0105 udost\u0119pnione podmiotowi trzeciemu impreza. Podstawowe zasady ochrony danych osobowych Nie prosimy o podanie danych osobowych, chyba \u017ce naprawd\u0119 ich potrzebujemy. Nikomu nie\" \/>\n\t\t<meta property=\"og:url\" content=\"https:\/\/trader-magazine.com\/pl\/gdpr\/\" \/>\n\t\t<meta property=\"article:published_time\" content=\"2022-04-05T06:28:00+00:00\" \/>\n\t\t<meta property=\"article:modified_time\" content=\"2023-04-05T06:28:50+00:00\" \/>\n\t\t<meta name=\"twitter:card\" content=\"summary\" \/>\n\t\t<meta name=\"twitter:title\" content=\"GDPR | Trader Magazine\" \/>\n\t\t<meta name=\"twitter:description\" content=\"Ochrona Twoich danych osobowych jest zgodna z Og\u00f3lnym Rozporz\u0105dzeniem o Ochronie Danych Osobowych \u2013 Rozporz\u0105dzenie Parlamentu Europejskiego i Rady (UE) 2016\/679 z dnia 27 kwietnia 2016 r. Informacje o Tobie nigdy nie zostan\u0105 udost\u0119pnione podmiotowi trzeciemu impreza. Podstawowe zasady ochrony danych osobowych Nie prosimy o podanie danych osobowych, chyba \u017ce naprawd\u0119 ich potrzebujemy. Nikomu nie\" \/>\n\t\t<script type=\"application\/ld+json\" class=\"aioseo-schema\">\n\t\t\t{\"@context\":\"https:\\\/\\\/schema.org\",\"@graph\":[{\"@type\":\"BreadcrumbList\",\"@id\":\"https:\\\/\\\/trader-magazine.com\\\/pl\\\/gdpr\\\/#breadcrumblist\",\"itemListElement\":[{\"@type\":\"ListItem\",\"@id\":\"https:\\\/\\\/trader-magazine.com\\\/pl\\\/#listItem\",\"position\":1,\"name\":\"Home\",\"item\":\"https:\\\/\\\/trader-magazine.com\\\/pl\\\/\",\"nextItem\":{\"@type\":\"ListItem\",\"@id\":\"https:\\\/\\\/trader-magazine.com\\\/pl\\\/gdpr\\\/#listItem\",\"name\":\"GDPR\"}},{\"@type\":\"ListItem\",\"@id\":\"https:\\\/\\\/trader-magazine.com\\\/pl\\\/gdpr\\\/#listItem\",\"position\":2,\"name\":\"GDPR\",\"previousItem\":{\"@type\":\"ListItem\",\"@id\":\"https:\\\/\\\/trader-magazine.com\\\/pl\\\/#listItem\",\"name\":\"Home\"}}]},{\"@type\":\"Organization\",\"@id\":\"https:\\\/\\\/trader-magazine.com\\\/pl\\\/#organization\",\"name\":\"Trader-Magazine.com\",\"description\":\"Mezin\\u00e1rodn\\u00ed port\\u00e1l finan\\u010dn\\u00edho vzd\\u011bl\\u00e1v\\u00e1n\\u00ed se zam\\u011b\\u0159en\\u00edm na investice. V sou\\u010dasn\\u00e9 dob\\u011b vych\\u00e1z\\u00ed v 6 jazykov\\u00fdch verz\\u00edch a p\\u0159in\\u00e1\\u0161\\u00ed denn\\u011b aktualizovan\\u00e9 zpr\\u00e1vy, recenze, varov\\u00e1n\\u00ed a vzd\\u011bl\\u00e1vac\\u00ed \\u010dl\\u00e1nky relevantn\\u00ed pro investory z cel\\u00e9ho sv\\u011bta.\",\"url\":\"https:\\\/\\\/trader-magazine.com\\\/pl\\\/\",\"email\":\"info@trader-magazine.com\",\"logo\":{\"@type\":\"ImageObject\",\"url\":\"https:\\\/\\\/trader-magazine.com\\\/wp-content\\\/uploads\\\/2026\\\/01\\\/logo_logo4-B-kopie.png\",\"@id\":\"https:\\\/\\\/trader-magazine.com\\\/pl\\\/gdpr\\\/#organizationLogo\",\"width\":1586,\"height\":555},\"image\":{\"@id\":\"https:\\\/\\\/trader-magazine.com\\\/pl\\\/gdpr\\\/#organizationLogo\"}},{\"@type\":\"WebPage\",\"@id\":\"https:\\\/\\\/trader-magazine.com\\\/pl\\\/gdpr\\\/#webpage\",\"url\":\"https:\\\/\\\/trader-magazine.com\\\/pl\\\/gdpr\\\/\",\"name\":\"GDPR | Trader Magazine\",\"description\":\"Ochrona Twoich danych osobowych jest zgodna z Og\\u00f3lnym Rozporz\\u0105dzeniem o Ochronie Danych Osobowych \\u2013 Rozporz\\u0105dzenie Parlamentu Europejskiego i Rady (UE) 2016\\\/679 z dnia 27 kwietnia 2016 r. Informacje o Tobie nigdy nie zostan\\u0105 udost\\u0119pnione podmiotowi trzeciemu impreza. Podstawowe zasady ochrony danych osobowych Nie prosimy o podanie danych osobowych, chyba \\u017ce naprawd\\u0119 ich potrzebujemy. Nikomu nie\",\"inLanguage\":\"pl-PL\",\"isPartOf\":{\"@id\":\"https:\\\/\\\/trader-magazine.com\\\/pl\\\/#website\"},\"breadcrumb\":{\"@id\":\"https:\\\/\\\/trader-magazine.com\\\/pl\\\/gdpr\\\/#breadcrumblist\"},\"datePublished\":\"2022-04-05T08:28:00+02:00\",\"dateModified\":\"2023-04-05T08:28:50+02:00\"},{\"@type\":\"WebSite\",\"@id\":\"https:\\\/\\\/trader-magazine.com\\\/pl\\\/#website\",\"url\":\"https:\\\/\\\/trader-magazine.com\\\/pl\\\/\",\"name\":\"Trader Magazine\",\"description\":\"Trader Magazine - Investment magazine - Reviews\",\"inLanguage\":\"pl-PL\",\"publisher\":{\"@id\":\"https:\\\/\\\/trader-magazine.com\\\/pl\\\/#organization\"}}]}\n\t\t<\/script>\n\t\t<!-- All in One SEO Pro -->\r\n\t\t<title>GDPR | Trader Magazine<\/title>\n\n","aioseo_head_json":{"title":"GDPR | Trader Magazine","description":"Ochrona Twoich danych osobowych jest zgodna z Og\u00f3lnym Rozporz\u0105dzeniem o Ochronie Danych Osobowych \u2013 Rozporz\u0105dzenie Parlamentu Europejskiego i Rady (UE) 2016\/679 z dnia 27 kwietnia 2016 r. Informacje o Tobie nigdy nie zostan\u0105 udost\u0119pnione podmiotowi trzeciemu impreza. Podstawowe zasady ochrony danych osobowych Nie prosimy o podanie danych osobowych, chyba \u017ce naprawd\u0119 ich potrzebujemy. Nikomu nie","canonical_url":"https:\/\/trader-magazine.com\/pl\/gdpr\/","robots":"max-image-preview:large","keywords":"","webmasterTools":{"miscellaneous":""},"schema":{"@context":"https:\/\/schema.org","@graph":[{"@type":"BreadcrumbList","@id":"https:\/\/trader-magazine.com\/pl\/gdpr\/#breadcrumblist","itemListElement":[{"@type":"ListItem","@id":"https:\/\/trader-magazine.com\/pl\/#listItem","position":1,"name":"Home","item":"https:\/\/trader-magazine.com\/pl\/","nextItem":{"@type":"ListItem","@id":"https:\/\/trader-magazine.com\/pl\/gdpr\/#listItem","name":"GDPR"}},{"@type":"ListItem","@id":"https:\/\/trader-magazine.com\/pl\/gdpr\/#listItem","position":2,"name":"GDPR","previousItem":{"@type":"ListItem","@id":"https:\/\/trader-magazine.com\/pl\/#listItem","name":"Home"}}]},{"@type":"Organization","@id":"https:\/\/trader-magazine.com\/pl\/#organization","name":"Trader-Magazine.com","description":"Mezin\u00e1rodn\u00ed port\u00e1l finan\u010dn\u00edho vzd\u011bl\u00e1v\u00e1n\u00ed se zam\u011b\u0159en\u00edm na investice. V sou\u010dasn\u00e9 dob\u011b vych\u00e1z\u00ed v 6 jazykov\u00fdch verz\u00edch a p\u0159in\u00e1\u0161\u00ed denn\u011b aktualizovan\u00e9 zpr\u00e1vy, recenze, varov\u00e1n\u00ed a vzd\u011bl\u00e1vac\u00ed \u010dl\u00e1nky relevantn\u00ed pro investory z cel\u00e9ho sv\u011bta.","url":"https:\/\/trader-magazine.com\/pl\/","email":"info@trader-magazine.com","logo":{"@type":"ImageObject","url":"https:\/\/trader-magazine.com\/wp-content\/uploads\/2026\/01\/logo_logo4-B-kopie.png","@id":"https:\/\/trader-magazine.com\/pl\/gdpr\/#organizationLogo","width":1586,"height":555},"image":{"@id":"https:\/\/trader-magazine.com\/pl\/gdpr\/#organizationLogo"}},{"@type":"WebPage","@id":"https:\/\/trader-magazine.com\/pl\/gdpr\/#webpage","url":"https:\/\/trader-magazine.com\/pl\/gdpr\/","name":"GDPR | Trader Magazine","description":"Ochrona Twoich danych osobowych jest zgodna z Og\u00f3lnym Rozporz\u0105dzeniem o Ochronie Danych Osobowych \u2013 Rozporz\u0105dzenie Parlamentu Europejskiego i Rady (UE) 2016\/679 z dnia 27 kwietnia 2016 r. Informacje o Tobie nigdy nie zostan\u0105 udost\u0119pnione podmiotowi trzeciemu impreza. Podstawowe zasady ochrony danych osobowych Nie prosimy o podanie danych osobowych, chyba \u017ce naprawd\u0119 ich potrzebujemy. Nikomu nie","inLanguage":"pl-PL","isPartOf":{"@id":"https:\/\/trader-magazine.com\/pl\/#website"},"breadcrumb":{"@id":"https:\/\/trader-magazine.com\/pl\/gdpr\/#breadcrumblist"},"datePublished":"2022-04-05T08:28:00+02:00","dateModified":"2023-04-05T08:28:50+02:00"},{"@type":"WebSite","@id":"https:\/\/trader-magazine.com\/pl\/#website","url":"https:\/\/trader-magazine.com\/pl\/","name":"Trader Magazine","description":"Trader Magazine - Investment magazine - Reviews","inLanguage":"pl-PL","publisher":{"@id":"https:\/\/trader-magazine.com\/pl\/#organization"}}]},"og:locale":"pl_PL","og:site_name":"ForexMag","og:type":"article","og:title":"GDPR | Trader Magazine","og:description":"Ochrona Twoich danych osobowych jest zgodna z Og\u00f3lnym Rozporz\u0105dzeniem o Ochronie Danych Osobowych \u2013 Rozporz\u0105dzenie Parlamentu Europejskiego i Rady (UE) 2016\/679 z dnia 27 kwietnia 2016 r. Informacje o Tobie nigdy nie zostan\u0105 udost\u0119pnione podmiotowi trzeciemu impreza. Podstawowe zasady ochrony danych osobowych Nie prosimy o podanie danych osobowych, chyba \u017ce naprawd\u0119 ich potrzebujemy. Nikomu nie","og:url":"https:\/\/trader-magazine.com\/pl\/gdpr\/","article:published_time":"2022-04-05T06:28:00+00:00","article:modified_time":"2023-04-05T06:28:50+00:00","twitter:card":"summary","twitter:title":"GDPR | Trader Magazine","twitter:description":"Ochrona Twoich danych osobowych jest zgodna z Og\u00f3lnym Rozporz\u0105dzeniem o Ochronie Danych Osobowych \u2013 Rozporz\u0105dzenie Parlamentu Europejskiego i Rady (UE) 2016\/679 z dnia 27 kwietnia 2016 r. Informacje o Tobie nigdy nie zostan\u0105 udost\u0119pnione podmiotowi trzeciemu impreza. Podstawowe zasady ochrony danych osobowych Nie prosimy o podanie danych osobowych, chyba \u017ce naprawd\u0119 ich potrzebujemy. Nikomu nie"},"aioseo_meta_data":{"post_id":"45768","title":null,"description":null,"keywords":[],"keyphrases":{"focus":{"keyphrase":"","score":0,"analysis":{"keyphraseInTitle":{"score":0,"maxScore":9,"error":1}}},"additional":[]},"primary_term":null,"canonical_url":null,"og_title":null,"og_description":null,"og_object_type":"default","og_image_type":"default","og_image_url":null,"og_image_width":null,"og_image_height":null,"og_image_custom_url":null,"og_image_custom_fields":null,"og_video":"","og_custom_url":null,"og_article_section":null,"og_article_tags":[],"twitter_use_og":false,"twitter_card":"default","twitter_image_type":"default","twitter_image_url":null,"twitter_image_custom_url":null,"twitter_image_custom_fields":null,"twitter_title":null,"twitter_description":null,"schema":{"blockGraphs":[],"customGraphs":[],"default":{"data":{"Article":[],"Course":[],"Dataset":[],"FAQPage":[],"Movie":[],"Person":[],"Product":[],"ProductReview":[],"Car":[],"Recipe":[],"Service":[],"SoftwareApplication":[],"WebPage":[]},"graphName":"WebPage","isEnabled":true},"graphs":[]},"schema_type":"default","schema_type_options":null,"pillar_content":false,"robots_default":true,"robots_noindex":false,"robots_noarchive":false,"robots_nosnippet":false,"robots_nofollow":false,"robots_noimageindex":false,"robots_noodp":false,"robots_notranslate":false,"robots_max_snippet":"-1","robots_max_videopreview":"-1","robots_max_imagepreview":"large","priority":null,"frequency":"default","local_seo":null,"seo_analyzer_scan_date":"2025-10-12 12:04:20","breadcrumb_settings":null,"limit_modified_date":false,"reviewed_by":null,"open_ai":"{\"title\":{\"suggestions\":[],\"usage\":0},\"description\":{\"suggestions\":[],\"usage\":0}}","ai":null,"created":"2023-04-05 06:28:21","updated":"2025-10-12 12:04:20"},"aioseo_breadcrumb":"<div class=\"aioseo-breadcrumbs\"><span class=\"aioseo-breadcrumb\">\n\t<a href=\"https:\/\/trader-magazine.com\/pl\/\" title=\"Home\">Home<\/a>\n<\/span><span class=\"aioseo-breadcrumb-separator\">&raquo;<\/span><span class=\"aioseo-breadcrumb\">\n\tGDPR\n<\/span><\/div>","aioseo_breadcrumb_json":[{"label":"Home","link":"https:\/\/trader-magazine.com\/pl\/"},{"label":"GDPR","link":"https:\/\/trader-magazine.com\/pl\/gdpr\/"}],"_links":{"self":[{"href":"https:\/\/trader-magazine.com\/pl\/wp-json\/wp\/v2\/pages\/45768","targetHints":{"allow":["GET"]}}],"collection":[{"href":"https:\/\/trader-magazine.com\/pl\/wp-json\/wp\/v2\/pages"}],"about":[{"href":"https:\/\/trader-magazine.com\/pl\/wp-json\/wp\/v2\/types\/page"}],"author":[{"embeddable":true,"href":"https:\/\/trader-magazine.com\/pl\/wp-json\/wp\/v2\/users\/34"}],"replies":[{"embeddable":true,"href":"https:\/\/trader-magazine.com\/pl\/wp-json\/wp\/v2\/comments?post=45768"}],"version-history":[{"count":0,"href":"https:\/\/trader-magazine.com\/pl\/wp-json\/wp\/v2\/pages\/45768\/revisions"}],"wp:attachment":[{"href":"https:\/\/trader-magazine.com\/pl\/wp-json\/wp\/v2\/media?parent=45768"}],"curies":[{"name":"wp","href":"https:\/\/api.w.org\/{rel}","templated":true}]}}