{"id":20471,"date":"2021-02-04T16:27:55","date_gmt":"2021-02-04T15:27:55","guid":{"rendered":"https:\/\/trader-magazine.com\/?page_id=20471"},"modified":"2023-04-05T08:26:05","modified_gmt":"2023-04-05T06:26:05","slug":"gdpr","status":"publish","type":"page","link":"https:\/\/trader-magazine.com\/es\/gdpr\/","title":{"rendered":"GDPR"},"content":{"rendered":"<p>La protecci\u00f3n de sus datos personales se ajusta al Reglamento general sobre la protecci\u00f3n de datos personales \u2014 Reglamento (UE) 2016\/679 del Parlamento Europeo y del Consejo, de 27 de abril de 2016. La informaci\u00f3n sobre usted nunca ser\u00e1 proporcionada a un tercero.<\/p>\n<p>Principios b\u00e1sicos de protecci\u00f3n de datos personales<\/p>\n<ul>\n<li>No pedimos informaci\u00f3n personal a menos que realmente la necesitemos.<\/li>\n<li>No compartimos su informaci\u00f3n personal con nadie m\u00e1s, excepto en casos relacionados con la ley o la protecci\u00f3n de nuestros derechos.<\/li>\n<li>No almacenamos informaci\u00f3n personal en nuestros servidores, a menos que sea un uso continuo de nuestros servicios.<\/li>\n<\/ul>\n<p>Alcance del tratamiento de datos personales<\/p>\n<p><strong>Recopilamos su informaci\u00f3n personal cuando:<\/strong><\/p>\n<ul>\n<li>est\u00e1s navegando por nuestro portal<\/li>\n<li>est\u00e1 agregando un comentario a la publicaci\u00f3n<\/li>\n<li>usted mismo nos proporciona los datos por correo electr\u00f3nico, tel\u00e9fono u otros medios<\/li>\n<\/ul>\n<p><strong>Procesamos los siguientes datos:\u00a0<\/strong><\/p>\n<ul>\n<li>nombre y apellido<\/li>\n<li>direcci\u00f3n de correo electr\u00f3nico<\/li>\n<li>Direcci\u00f3n IP<\/li>\n<li>identificaci\u00f3n del navegador, sistema operativo y otra informaci\u00f3n para el an\u00e1lisis del tr\u00e1fico<\/li>\n<li>cookies<\/li>\n<\/ul>\n<p>Finalidades del tratamiento y su base jur\u00eddica<\/p>\n<p>COMENTARIOS<\/p>\n<p>Cuando los visitantes agregan un comentario a este sitio, se recopilan los datos mostrados en el formulario de comentario, as\u00ed como la direcci\u00f3n IP del visitante y la cadena del agente de usuario que define el navegador, lo que ayuda a detectar spam.<\/p>\n<p>El servicio Gravatar se puede proporcionar con una cadena an\u00f3nima (tambi\u00e9n llamada hash) para determinar si utiliza el servicio. La pol\u00edtica de privacidad de Gravatar est\u00e1 disponible aqu\u00ed: https:\/\/automattic.com\/privacy\/. Una vez aprobado el comentario, su imagen de perfil ser\u00e1 visible para el p\u00fablico en el contexto de su comentario.<\/p>\n<p>Los comentarios de los visitantes pueden verificarse a trav\u00e9s de un servicio automatizado de detecci\u00f3n de spam que puede ubicarse en el extranjero. La pol\u00edtica de privacidad antispam de Akismet se puede encontrar aqu\u00ed: https:\/\/akismet.com\/privacy\/.<\/p>\n<p>COOKIES<\/p>\n<p>Si agrega un comentario a nuestro sitio, puede habilitar el almacenamiento de metadatos en cookies. De esta manera, tratamos de aumentar su comodidad, cuando escriba un nuevo comentario, no tendr\u00e1 que rellenar esta informaci\u00f3n nuevamente. Estas galletas tendr\u00e1n una vida \u00fatil de un a\u00f1o.<\/p>\n<p>Si tiene una cuenta e inicia sesi\u00f3n en este sitio web, estableceremos una cookie temporal para verificar que su navegador acepta cookies. Esta cookie no contiene datos personales y se cancelar\u00e1 cuando se cierre el navegador. Al iniciar sesi\u00f3n, tambi\u00e9n estableceremos varias cookies para almacenar sus datos de inicio de sesi\u00f3n y para configurar la pantalla. Las cookies de inicio de sesi\u00f3n tienen una vida \u00fatil de dos d\u00edas y las cookies de configuraci\u00f3n de visualizaci\u00f3n tienen una vida \u00fatil de un a\u00f1o. Si confirma la opci\u00f3n \u00abRecordarme\u00bb, su inicio de sesi\u00f3n tardar\u00e1 dos semanas. Si cierra sesi\u00f3n en su cuenta, se eliminar\u00e1n las cookies de inicio de sesi\u00f3n. Si edita o publica un art\u00edculo, se almacenar\u00e1 otra cookie en su navegador. Esta cookie no contiene datos personales y simplemente indica el ID de la publicaci\u00f3n que acaba de editar. Caducar\u00e1 despu\u00e9s de 1 d\u00eda. Los navegadores web est\u00e1ndar (Internet Explorer, Mozilla Firefox, Google Chrome, etc.) admiten la gesti\u00f3n de cookies. Dentro de la configuraci\u00f3n del navegador, puede eliminar manualmente, bloquear o deshabilitar por completo su uso, tambi\u00e9n puede bloquearlos o permitirlos solo para sitios web individuales. Para obtener informaci\u00f3n m\u00e1s detallada, utilice la ayuda de su navegador. Si su navegador permite el uso de cookies, asumiremos que acepta el uso de cookies est\u00e1ndar por parte de nuestro servidor.<\/p>\n<p><strong>Deshabilitar las cookies en diferentes navegadores<\/strong><\/p>\n<p>Chrome: support.google.com<br \/>\nFirefox: support.mozilla.org<br \/>\nOpera: help.opera.com<br \/>\nSafari: support.apple.com<\/p>\n<p>CONTENIDO INSERTADO DE OTROS SITIOS WEB<\/p>\n<p>Las publicaciones en este sitio pueden contener contenido incrustado (como v\u00eddeos, im\u00e1genes, widgets, gr\u00e1ficos, etc.). El contenido incrustado de otros sitios web se comporta de la misma manera que si un visitante visitara otro sitio web. Este sitio web puede recopilar datos sobre usted, utilizar cookies, incrustar seguimiento adicional de terceros y rastrear su interacci\u00f3n con este contenido incrustado, incluido el seguimiento de la interacci\u00f3n con el contenido incrustado si tiene una cuenta y ha iniciado sesi\u00f3n en ese sitio web.<\/p>\n<p>ANAL\u00cdTICA<\/p>\n<p>Utilizamos Google Analytics para analizar de forma an\u00f3nima el comportamiento de los usuarios de nuestro sitio web para que podamos encontrar y corregir errores en la interfaz de usuario. Esta aplicaci\u00f3n puede utilizar cookies para mapear su movimiento en nuestro sitio web. Para obtener m\u00e1s informaci\u00f3n, visite <a href=\"https:\/\/www.google.com\/analytics\/learn\/privacy.html?hl=en_US.\">https:\/\/www.google.com\/analytics\/learn\/privacy.html?hl=en_US. <\/a><\/p>\n<p>Si agrega un comentario, el comentario y sus metadatos se conservar\u00e1n indefinidamente. Los datos se almacenan con el fin de reconocer y aprobar autom\u00e1ticamente todos los comentarios posteriores, en lugar de mantenerlos en la cola de moderaci\u00f3n.<\/p>\n<p>Tambi\u00e9n almacenamos los datos personales de los usuarios registrados, que ellos indican en su perfil de usuario. Todos los usuarios pueden ver, editar o eliminar su informaci\u00f3n personal en cualquier momento (excepto que no pueden cambiar su nombre de usuario). Los webmasters tambi\u00e9n pueden ver y editar esta informaci\u00f3n.<\/p>\n<p>tiene una cuenta en este sitio o ha a\u00f1adido comentarios aqu\u00ed, puede solicitar recibir un archivo de exportaci\u00f3n para la informaci\u00f3n personal que tenemos sobre usted, incluida cualquier informaci\u00f3n que nos haya proporcionado. Tambi\u00e9n puede solicitar la eliminaci\u00f3n de cualquier informaci\u00f3n personal que tengamos sobre usted. Esta opci\u00f3n no incluye datos que estamos obligados a conservar por razones administrativas, legales o de seguridad.<\/p>\n<p>Si tiene alguna pregunta sobre el acceso o la correcci\u00f3n de sus datos personales, p\u00f3ngase <strong>en contacto con nosotros: <a href=\"mailto:info@trader-magazine.com\">info@trader-magazine.com<\/a><\/strong><\/p>\n","protected":false},"excerpt":{"rendered":"<p>La protecci\u00f3n de sus datos personales se ajusta al Reglamento general sobre la protecci\u00f3n de datos personales \u2014 Reglamento (UE) 2016\/679 del Parlamento Europeo y del Consejo, de 27 de abril de 2016. La informaci\u00f3n sobre usted nunca ser\u00e1 proporcionada a un tercero. Principios b\u00e1sicos de protecci\u00f3n de datos personales No pedimos informaci\u00f3n personal a [&hellip;]<\/p>\n","protected":false},"author":29,"featured_media":0,"parent":0,"menu_order":0,"comment_status":"closed","ping_status":"closed","template":"","meta":{"yasr_overall_rating":0,"yasr_post_is_review":"","yasr_auto_insert_disabled":"","yasr_review_type":"","footnotes":""},"class_list":["post-20471","page","type-page","status-publish"],"aioseo_notices":[],"yasr_visitor_votes":{"stars_attributes":{"read_only":false,"span_bottom":false},"number_of_votes":0,"sum_votes":0},"aioseo_head":"\n\t\t<!-- All in One SEO Pro 4.9.5.2 - aioseo.com -->\n\t<meta name=\"description\" content=\"La protecci\u00f3n de sus datos personales se ajusta al Reglamento general sobre la protecci\u00f3n de datos personales \u2014 Reglamento (UE) 2016\/679 del Parlamento Europeo y del Consejo, de 27 de abril de 2016. La informaci\u00f3n sobre usted nunca ser\u00e1 proporcionada a un tercero. Principios b\u00e1sicos de protecci\u00f3n de datos personales No pedimos informaci\u00f3n personal a\" \/>\n\t<meta name=\"robots\" content=\"max-image-preview:large\" \/>\n\t<link rel=\"canonical\" href=\"https:\/\/trader-magazine.com\/es\/gdpr\/\" \/>\n\t<meta name=\"generator\" content=\"All in One SEO Pro (AIOSEO) 4.9.5.2\" \/>\n\t\t<meta property=\"og:locale\" content=\"es_ES\" \/>\n\t\t<meta property=\"og:site_name\" content=\"ForexMag\" \/>\n\t\t<meta property=\"og:type\" content=\"article\" \/>\n\t\t<meta property=\"og:title\" content=\"GDPR | Trader Magazine\" \/>\n\t\t<meta property=\"og:description\" content=\"La protecci\u00f3n de sus datos personales se ajusta al Reglamento general sobre la protecci\u00f3n de datos personales \u2014 Reglamento (UE) 2016\/679 del Parlamento Europeo y del Consejo, de 27 de abril de 2016. La informaci\u00f3n sobre usted nunca ser\u00e1 proporcionada a un tercero. Principios b\u00e1sicos de protecci\u00f3n de datos personales No pedimos informaci\u00f3n personal a\" \/>\n\t\t<meta property=\"og:url\" content=\"https:\/\/trader-magazine.com\/es\/gdpr\/\" \/>\n\t\t<meta property=\"article:published_time\" content=\"2021-02-04T15:27:55+00:00\" \/>\n\t\t<meta property=\"article:modified_time\" content=\"2023-04-05T06:26:05+00:00\" \/>\n\t\t<meta name=\"twitter:card\" content=\"summary\" \/>\n\t\t<meta name=\"twitter:title\" content=\"GDPR | Trader Magazine\" \/>\n\t\t<meta name=\"twitter:description\" content=\"La protecci\u00f3n de sus datos personales se ajusta al Reglamento general sobre la protecci\u00f3n de datos personales \u2014 Reglamento (UE) 2016\/679 del Parlamento Europeo y del Consejo, de 27 de abril de 2016. La informaci\u00f3n sobre usted nunca ser\u00e1 proporcionada a un tercero. Principios b\u00e1sicos de protecci\u00f3n de datos personales No pedimos informaci\u00f3n personal a\" \/>\n\t\t<script type=\"application\/ld+json\" class=\"aioseo-schema\">\n\t\t\t{\"@context\":\"https:\\\/\\\/schema.org\",\"@graph\":[{\"@type\":\"BreadcrumbList\",\"@id\":\"https:\\\/\\\/trader-magazine.com\\\/es\\\/gdpr\\\/#breadcrumblist\",\"itemListElement\":[{\"@type\":\"ListItem\",\"@id\":\"https:\\\/\\\/trader-magazine.com\\\/es\\\/#listItem\",\"position\":1,\"name\":\"Home\",\"item\":\"https:\\\/\\\/trader-magazine.com\\\/es\\\/\",\"nextItem\":{\"@type\":\"ListItem\",\"@id\":\"https:\\\/\\\/trader-magazine.com\\\/es\\\/gdpr\\\/#listItem\",\"name\":\"GDPR\"}},{\"@type\":\"ListItem\",\"@id\":\"https:\\\/\\\/trader-magazine.com\\\/es\\\/gdpr\\\/#listItem\",\"position\":2,\"name\":\"GDPR\",\"previousItem\":{\"@type\":\"ListItem\",\"@id\":\"https:\\\/\\\/trader-magazine.com\\\/es\\\/#listItem\",\"name\":\"Home\"}}]},{\"@type\":\"Organization\",\"@id\":\"https:\\\/\\\/trader-magazine.com\\\/es\\\/#organization\",\"name\":\"Trader-Magazine.com\",\"description\":\"Mezin\\u00e1rodn\\u00ed port\\u00e1l finan\\u010dn\\u00edho vzd\\u011bl\\u00e1v\\u00e1n\\u00ed se zam\\u011b\\u0159en\\u00edm na investice. V sou\\u010dasn\\u00e9 dob\\u011b vych\\u00e1z\\u00ed v 6 jazykov\\u00fdch verz\\u00edch a p\\u0159in\\u00e1\\u0161\\u00ed denn\\u011b aktualizovan\\u00e9 zpr\\u00e1vy, recenze, varov\\u00e1n\\u00ed a vzd\\u011bl\\u00e1vac\\u00ed \\u010dl\\u00e1nky relevantn\\u00ed pro investory z cel\\u00e9ho sv\\u011bta.\",\"url\":\"https:\\\/\\\/trader-magazine.com\\\/es\\\/\",\"email\":\"info@trader-magazine.com\",\"logo\":{\"@type\":\"ImageObject\",\"url\":\"https:\\\/\\\/trader-magazine.com\\\/wp-content\\\/uploads\\\/2026\\\/01\\\/logo_logo4-B-kopie.png\",\"@id\":\"https:\\\/\\\/trader-magazine.com\\\/es\\\/gdpr\\\/#organizationLogo\",\"width\":1586,\"height\":555},\"image\":{\"@id\":\"https:\\\/\\\/trader-magazine.com\\\/es\\\/gdpr\\\/#organizationLogo\"}},{\"@type\":\"WebPage\",\"@id\":\"https:\\\/\\\/trader-magazine.com\\\/es\\\/gdpr\\\/#webpage\",\"url\":\"https:\\\/\\\/trader-magazine.com\\\/es\\\/gdpr\\\/\",\"name\":\"GDPR | Trader Magazine\",\"description\":\"La protecci\\u00f3n de sus datos personales se ajusta al Reglamento general sobre la protecci\\u00f3n de datos personales \\u2014 Reglamento (UE) 2016\\\/679 del Parlamento Europeo y del Consejo, de 27 de abril de 2016. La informaci\\u00f3n sobre usted nunca ser\\u00e1 proporcionada a un tercero. Principios b\\u00e1sicos de protecci\\u00f3n de datos personales No pedimos informaci\\u00f3n personal a\",\"inLanguage\":\"es-ES\",\"isPartOf\":{\"@id\":\"https:\\\/\\\/trader-magazine.com\\\/es\\\/#website\"},\"breadcrumb\":{\"@id\":\"https:\\\/\\\/trader-magazine.com\\\/es\\\/gdpr\\\/#breadcrumblist\"},\"datePublished\":\"2021-02-04T16:27:55+01:00\",\"dateModified\":\"2023-04-05T08:26:05+02:00\"},{\"@type\":\"WebSite\",\"@id\":\"https:\\\/\\\/trader-magazine.com\\\/es\\\/#website\",\"url\":\"https:\\\/\\\/trader-magazine.com\\\/es\\\/\",\"name\":\"Trader Magazine\",\"description\":\"Trader Magazine - Investment magazine - Reviews\",\"inLanguage\":\"es-ES\",\"publisher\":{\"@id\":\"https:\\\/\\\/trader-magazine.com\\\/es\\\/#organization\"}}]}\n\t\t<\/script>\n\t\t<!-- All in One SEO Pro -->\r\n\t\t<title>GDPR | Trader Magazine<\/title>\n\n","aioseo_head_json":{"title":"GDPR | Trader Magazine","description":"La protecci\u00f3n de sus datos personales se ajusta al Reglamento general sobre la protecci\u00f3n de datos personales \u2014 Reglamento (UE) 2016\/679 del Parlamento Europeo y del Consejo, de 27 de abril de 2016. La informaci\u00f3n sobre usted nunca ser\u00e1 proporcionada a un tercero. Principios b\u00e1sicos de protecci\u00f3n de datos personales No pedimos informaci\u00f3n personal a","canonical_url":"https:\/\/trader-magazine.com\/es\/gdpr\/","robots":"max-image-preview:large","keywords":"","webmasterTools":{"miscellaneous":""},"schema":{"@context":"https:\/\/schema.org","@graph":[{"@type":"BreadcrumbList","@id":"https:\/\/trader-magazine.com\/es\/gdpr\/#breadcrumblist","itemListElement":[{"@type":"ListItem","@id":"https:\/\/trader-magazine.com\/es\/#listItem","position":1,"name":"Home","item":"https:\/\/trader-magazine.com\/es\/","nextItem":{"@type":"ListItem","@id":"https:\/\/trader-magazine.com\/es\/gdpr\/#listItem","name":"GDPR"}},{"@type":"ListItem","@id":"https:\/\/trader-magazine.com\/es\/gdpr\/#listItem","position":2,"name":"GDPR","previousItem":{"@type":"ListItem","@id":"https:\/\/trader-magazine.com\/es\/#listItem","name":"Home"}}]},{"@type":"Organization","@id":"https:\/\/trader-magazine.com\/es\/#organization","name":"Trader-Magazine.com","description":"Mezin\u00e1rodn\u00ed port\u00e1l finan\u010dn\u00edho vzd\u011bl\u00e1v\u00e1n\u00ed se zam\u011b\u0159en\u00edm na investice. V sou\u010dasn\u00e9 dob\u011b vych\u00e1z\u00ed v 6 jazykov\u00fdch verz\u00edch a p\u0159in\u00e1\u0161\u00ed denn\u011b aktualizovan\u00e9 zpr\u00e1vy, recenze, varov\u00e1n\u00ed a vzd\u011bl\u00e1vac\u00ed \u010dl\u00e1nky relevantn\u00ed pro investory z cel\u00e9ho sv\u011bta.","url":"https:\/\/trader-magazine.com\/es\/","email":"info@trader-magazine.com","logo":{"@type":"ImageObject","url":"https:\/\/trader-magazine.com\/wp-content\/uploads\/2026\/01\/logo_logo4-B-kopie.png","@id":"https:\/\/trader-magazine.com\/es\/gdpr\/#organizationLogo","width":1586,"height":555},"image":{"@id":"https:\/\/trader-magazine.com\/es\/gdpr\/#organizationLogo"}},{"@type":"WebPage","@id":"https:\/\/trader-magazine.com\/es\/gdpr\/#webpage","url":"https:\/\/trader-magazine.com\/es\/gdpr\/","name":"GDPR | Trader Magazine","description":"La protecci\u00f3n de sus datos personales se ajusta al Reglamento general sobre la protecci\u00f3n de datos personales \u2014 Reglamento (UE) 2016\/679 del Parlamento Europeo y del Consejo, de 27 de abril de 2016. La informaci\u00f3n sobre usted nunca ser\u00e1 proporcionada a un tercero. Principios b\u00e1sicos de protecci\u00f3n de datos personales No pedimos informaci\u00f3n personal a","inLanguage":"es-ES","isPartOf":{"@id":"https:\/\/trader-magazine.com\/es\/#website"},"breadcrumb":{"@id":"https:\/\/trader-magazine.com\/es\/gdpr\/#breadcrumblist"},"datePublished":"2021-02-04T16:27:55+01:00","dateModified":"2023-04-05T08:26:05+02:00"},{"@type":"WebSite","@id":"https:\/\/trader-magazine.com\/es\/#website","url":"https:\/\/trader-magazine.com\/es\/","name":"Trader Magazine","description":"Trader Magazine - Investment magazine - Reviews","inLanguage":"es-ES","publisher":{"@id":"https:\/\/trader-magazine.com\/es\/#organization"}}]},"og:locale":"es_ES","og:site_name":"ForexMag","og:type":"article","og:title":"GDPR | Trader Magazine","og:description":"La protecci\u00f3n de sus datos personales se ajusta al Reglamento general sobre la protecci\u00f3n de datos personales \u2014 Reglamento (UE) 2016\/679 del Parlamento Europeo y del Consejo, de 27 de abril de 2016. La informaci\u00f3n sobre usted nunca ser\u00e1 proporcionada a un tercero. Principios b\u00e1sicos de protecci\u00f3n de datos personales No pedimos informaci\u00f3n personal a","og:url":"https:\/\/trader-magazine.com\/es\/gdpr\/","article:published_time":"2021-02-04T15:27:55+00:00","article:modified_time":"2023-04-05T06:26:05+00:00","twitter:card":"summary","twitter:title":"GDPR | Trader Magazine","twitter:description":"La protecci\u00f3n de sus datos personales se ajusta al Reglamento general sobre la protecci\u00f3n de datos personales \u2014 Reglamento (UE) 2016\/679 del Parlamento Europeo y del Consejo, de 27 de abril de 2016. La informaci\u00f3n sobre usted nunca ser\u00e1 proporcionada a un tercero. Principios b\u00e1sicos de protecci\u00f3n de datos personales No pedimos informaci\u00f3n personal a"},"aioseo_meta_data":{"post_id":"20471","title":null,"description":null,"keywords":[],"keyphrases":{"focus":{"keyphrase":"","score":0,"analysis":{"keyphraseInTitle":{"score":0,"maxScore":9,"error":1}}},"additional":[]},"primary_term":null,"canonical_url":null,"og_title":null,"og_description":null,"og_object_type":"default","og_image_type":"default","og_image_url":null,"og_image_width":null,"og_image_height":null,"og_image_custom_url":null,"og_image_custom_fields":null,"og_video":"","og_custom_url":null,"og_article_section":null,"og_article_tags":[],"twitter_use_og":false,"twitter_card":"default","twitter_image_type":"default","twitter_image_url":null,"twitter_image_custom_url":null,"twitter_image_custom_fields":null,"twitter_title":null,"twitter_description":null,"schema":{"blockGraphs":[],"customGraphs":[],"default":{"data":{"Article":[],"Course":[],"Dataset":[],"FAQPage":[],"Movie":[],"Person":[],"Product":[],"ProductReview":[],"Car":[],"Recipe":[],"Service":[],"SoftwareApplication":[],"WebPage":[]},"graphName":"WebPage","isEnabled":true},"graphs":[]},"schema_type":"default","schema_type_options":null,"pillar_content":false,"robots_default":true,"robots_noindex":false,"robots_noarchive":false,"robots_nosnippet":false,"robots_nofollow":false,"robots_noimageindex":false,"robots_noodp":false,"robots_notranslate":false,"robots_max_snippet":"-1","robots_max_videopreview":"-1","robots_max_imagepreview":"large","priority":null,"frequency":"default","local_seo":null,"seo_analyzer_scan_date":"2025-10-12 12:00:18","breadcrumb_settings":null,"limit_modified_date":false,"reviewed_by":null,"open_ai":"{\"title\":{\"suggestions\":[],\"usage\":0},\"description\":{\"suggestions\":[],\"usage\":0}}","ai":null,"created":"2021-11-16 10:11:33","updated":"2025-10-12 12:00:18"},"aioseo_breadcrumb":"<div class=\"aioseo-breadcrumbs\"><span class=\"aioseo-breadcrumb\">\n\t<a href=\"https:\/\/trader-magazine.com\/es\/\" title=\"Home\">Home<\/a>\n<\/span><span class=\"aioseo-breadcrumb-separator\">&raquo;<\/span><span class=\"aioseo-breadcrumb\">\n\tGDPR\n<\/span><\/div>","aioseo_breadcrumb_json":[{"label":"Home","link":"https:\/\/trader-magazine.com\/es\/"},{"label":"GDPR","link":"https:\/\/trader-magazine.com\/es\/gdpr\/"}],"_links":{"self":[{"href":"https:\/\/trader-magazine.com\/es\/wp-json\/wp\/v2\/pages\/20471","targetHints":{"allow":["GET"]}}],"collection":[{"href":"https:\/\/trader-magazine.com\/es\/wp-json\/wp\/v2\/pages"}],"about":[{"href":"https:\/\/trader-magazine.com\/es\/wp-json\/wp\/v2\/types\/page"}],"author":[{"embeddable":true,"href":"https:\/\/trader-magazine.com\/es\/wp-json\/wp\/v2\/users\/29"}],"replies":[{"embeddable":true,"href":"https:\/\/trader-magazine.com\/es\/wp-json\/wp\/v2\/comments?post=20471"}],"version-history":[{"count":0,"href":"https:\/\/trader-magazine.com\/es\/wp-json\/wp\/v2\/pages\/20471\/revisions"}],"wp:attachment":[{"href":"https:\/\/trader-magazine.com\/es\/wp-json\/wp\/v2\/media?parent=20471"}],"curies":[{"name":"wp","href":"https:\/\/api.w.org\/{rel}","templated":true}]}}