{"id":54445,"date":"2024-03-11T15:37:07","date_gmt":"2024-03-11T14:37:07","guid":{"rendered":"https:\/\/trader-magazine.com\/?page_id=54445"},"modified":"2026-01-26T15:42:13","modified_gmt":"2026-01-26T14:42:13","slug":"%ce%b1%ce%b3%ce%bf%cf%81%ce%ad%cf%82-%cf%84%ce%b9%ce%bc%ce%ad%cf%82-%ce%ba%ce%b1%ce%b9-%ce%b3%cf%81%ce%b1%cf%86%ce%ae%ce%bc%ce%b1%cf%84%ce%b1","status":"publish","type":"page","link":"https:\/\/trader-magazine.com\/el\/%ce%b1%ce%b3%ce%bf%cf%81%ce%ad%cf%82-%cf%84%ce%b9%ce%bc%ce%ad%cf%82-%ce%ba%ce%b1%ce%b9-%ce%b3%cf%81%ce%b1%cf%86%ce%ae%ce%bc%ce%b1%cf%84%ce%b1\/","title":{"rendered":"\u0391\u03b3\u03bf\u03c1\u03ad\u03c2 \u2013 \u03a4\u03b9\u03bc\u03ad\u03c2 \u03ba\u03b1\u03b9 \u03b3\u03c1\u03b1\u03c6\u03ae\u03bc\u03b1\u03c4\u03b1"},"content":{"rendered":"<div id=\"tdi_1\" class=\"tdc-zone\"><div class=\"tdc_zone tdi_2  wpb_row td-pb-row\"  >\n<style scoped>\n\/* custom css - generated by TagDiv Composer *\/\n\n\/* custom css - generated by TagDiv Composer *\/\n.tdi_2{\r\n                    min-height: 0;\r\n                }\n<\/style><div id=\"tdi_3\" class=\"tdc-row\"><div class=\"vc_row tdi_4  wpb_row td-pb-row\" >\n<style scoped>\n\/* custom css - generated by TagDiv Composer *\/\n\n\/* custom css - generated by TagDiv Composer *\/\n.tdi_4,\r\n                .tdi_4 .tdc-columns{\r\n                    min-height: 0;\r\n                }.tdi_4,\r\n\t\t\t\t.tdi_4 .tdc-columns{\r\n\t\t\t\t    display: block;\r\n\t\t\t\t}.tdi_4 .tdc-columns{\r\n\t\t\t\t    width: 100%;\r\n\t\t\t\t}.tdi_4:before,\r\n\t\t\t\t.tdi_4:after{\r\n\t\t\t\t    display: table;\r\n\t\t\t\t}\n<\/style><div class=\"vc_column tdi_6  wpb_column vc_column_container tdc-column td-pb-span12\">\n<style scoped>\n\/* custom css - generated by TagDiv Composer *\/\n\n\/* custom css - generated by TagDiv Composer *\/\n.tdi_6{\r\n                    vertical-align: baseline;\r\n                }.tdi_6 > .wpb_wrapper,\r\n\t\t\t\t.tdi_6 > .wpb_wrapper > .tdc-elements{\r\n\t\t\t\t    display: block;\r\n\t\t\t\t}.tdi_6 > .wpb_wrapper > .tdc-elements{\r\n\t\t\t\t    width: 100%;\r\n\t\t\t\t}.tdi_6 > .wpb_wrapper > .vc_row_inner{\r\n\t\t\t\t    width: auto;\r\n\t\t\t\t}.tdi_6 > .wpb_wrapper{\r\n\t\t\t\t    width: auto;\r\n\t\t\t\t    height: auto;\r\n\t\t\t\t}\n<\/style><div class=\"wpb_wrapper\" ><\/div><\/div><\/div><\/div><\/div><\/div>","protected":false},"excerpt":{"rendered":"","protected":false},"author":44,"featured_media":53454,"parent":0,"menu_order":0,"comment_status":"closed","ping_status":"closed","template":"","meta":{"yasr_overall_rating":0,"yasr_post_is_review":"","yasr_auto_insert_disabled":"","yasr_review_type":"","footnotes":""},"class_list":["post-54445","page","type-page","status-publish","has-post-thumbnail"],"aioseo_notices":[],"yasr_visitor_votes":{"stars_attributes":{"read_only":false,"span_bottom":false},"number_of_votes":0,"sum_votes":0},"aioseo_head":"\n\t\t<!-- All in One SEO Pro 4.9.5.2 - aioseo.com -->\n\t<meta name=\"robots\" content=\"max-image-preview:large\" \/>\n\t<link rel=\"canonical\" href=\"https:\/\/trader-magazine.com\/el\/%ce%b1%ce%b3%ce%bf%cf%81%ce%ad%cf%82-%cf%84%ce%b9%ce%bc%ce%ad%cf%82-%ce%ba%ce%b1%ce%b9-%ce%b3%cf%81%ce%b1%cf%86%ce%ae%ce%bc%ce%b1%cf%84%ce%b1\/\" \/>\n\t<meta name=\"generator\" content=\"All in One SEO Pro (AIOSEO) 4.9.5.2\" \/>\n\t\t<meta property=\"og:locale\" content=\"el_GR\" \/>\n\t\t<meta property=\"og:site_name\" content=\"ForexMag\" \/>\n\t\t<meta property=\"og:type\" content=\"article\" \/>\n\t\t<meta property=\"og:title\" content=\"\u0391\u03b3\u03bf\u03c1\u03ad\u03c2 \u2013 \u03a4\u03b9\u03bc\u03ad\u03c2 \u03ba\u03b1\u03b9 \u03b3\u03c1\u03b1\u03c6\u03ae\u03bc\u03b1\u03c4\u03b1 | Trader Magazine\" \/>\n\t\t<meta property=\"og:url\" content=\"https:\/\/trader-magazine.com\/el\/%ce%b1%ce%b3%ce%bf%cf%81%ce%ad%cf%82-%cf%84%ce%b9%ce%bc%ce%ad%cf%82-%ce%ba%ce%b1%ce%b9-%ce%b3%cf%81%ce%b1%cf%86%ce%ae%ce%bc%ce%b1%cf%84%ce%b1\/\" \/>\n\t\t<meta property=\"article:published_time\" content=\"2024-03-11T14:37:07+00:00\" \/>\n\t\t<meta property=\"article:modified_time\" content=\"2026-01-26T14:42:13+00:00\" \/>\n\t\t<meta name=\"twitter:card\" content=\"summary\" \/>\n\t\t<meta name=\"twitter:title\" content=\"\u0391\u03b3\u03bf\u03c1\u03ad\u03c2 \u2013 \u03a4\u03b9\u03bc\u03ad\u03c2 \u03ba\u03b1\u03b9 \u03b3\u03c1\u03b1\u03c6\u03ae\u03bc\u03b1\u03c4\u03b1 | Trader Magazine\" \/>\n\t\t<script type=\"application\/ld+json\" class=\"aioseo-schema\">\n\t\t\t{\"@context\":\"https:\\\/\\\/schema.org\",\"@graph\":[{\"@type\":\"BreadcrumbList\",\"@id\":\"https:\\\/\\\/trader-magazine.com\\\/el\\\/%ce%b1%ce%b3%ce%bf%cf%81%ce%ad%cf%82-%cf%84%ce%b9%ce%bc%ce%ad%cf%82-%ce%ba%ce%b1%ce%b9-%ce%b3%cf%81%ce%b1%cf%86%ce%ae%ce%bc%ce%b1%cf%84%ce%b1\\\/#breadcrumblist\",\"itemListElement\":[{\"@type\":\"ListItem\",\"@id\":\"https:\\\/\\\/trader-magazine.com\\\/el\\\/#listItem\",\"position\":1,\"name\":\"Home\",\"item\":\"https:\\\/\\\/trader-magazine.com\\\/el\\\/\",\"nextItem\":{\"@type\":\"ListItem\",\"@id\":\"https:\\\/\\\/trader-magazine.com\\\/el\\\/%ce%b1%ce%b3%ce%bf%cf%81%ce%ad%cf%82-%cf%84%ce%b9%ce%bc%ce%ad%cf%82-%ce%ba%ce%b1%ce%b9-%ce%b3%cf%81%ce%b1%cf%86%ce%ae%ce%bc%ce%b1%cf%84%ce%b1\\\/#listItem\",\"name\":\"\\u0391\\u03b3\\u03bf\\u03c1\\u03ad\\u03c2 \\u2013 \\u03a4\\u03b9\\u03bc\\u03ad\\u03c2 \\u03ba\\u03b1\\u03b9 \\u03b3\\u03c1\\u03b1\\u03c6\\u03ae\\u03bc\\u03b1\\u03c4\\u03b1\"}},{\"@type\":\"ListItem\",\"@id\":\"https:\\\/\\\/trader-magazine.com\\\/el\\\/%ce%b1%ce%b3%ce%bf%cf%81%ce%ad%cf%82-%cf%84%ce%b9%ce%bc%ce%ad%cf%82-%ce%ba%ce%b1%ce%b9-%ce%b3%cf%81%ce%b1%cf%86%ce%ae%ce%bc%ce%b1%cf%84%ce%b1\\\/#listItem\",\"position\":2,\"name\":\"\\u0391\\u03b3\\u03bf\\u03c1\\u03ad\\u03c2 \\u2013 \\u03a4\\u03b9\\u03bc\\u03ad\\u03c2 \\u03ba\\u03b1\\u03b9 \\u03b3\\u03c1\\u03b1\\u03c6\\u03ae\\u03bc\\u03b1\\u03c4\\u03b1\",\"previousItem\":{\"@type\":\"ListItem\",\"@id\":\"https:\\\/\\\/trader-magazine.com\\\/el\\\/#listItem\",\"name\":\"Home\"}}]},{\"@type\":\"Organization\",\"@id\":\"https:\\\/\\\/trader-magazine.com\\\/el\\\/#organization\",\"name\":\"Trader-Magazine.com\",\"description\":\"Mezin\\u00e1rodn\\u00ed port\\u00e1l finan\\u010dn\\u00edho vzd\\u011bl\\u00e1v\\u00e1n\\u00ed se zam\\u011b\\u0159en\\u00edm na investice. V sou\\u010dasn\\u00e9 dob\\u011b vych\\u00e1z\\u00ed v 6 jazykov\\u00fdch verz\\u00edch a p\\u0159in\\u00e1\\u0161\\u00ed denn\\u011b aktualizovan\\u00e9 zpr\\u00e1vy, recenze, varov\\u00e1n\\u00ed a vzd\\u011bl\\u00e1vac\\u00ed \\u010dl\\u00e1nky relevantn\\u00ed pro investory z cel\\u00e9ho sv\\u011bta.\",\"url\":\"https:\\\/\\\/trader-magazine.com\\\/el\\\/\",\"email\":\"info@trader-magazine.com\",\"logo\":{\"@type\":\"ImageObject\",\"url\":\"https:\\\/\\\/trader-magazine.com\\\/wp-content\\\/uploads\\\/2026\\\/01\\\/logo_logo4-B-kopie.png\",\"@id\":\"https:\\\/\\\/trader-magazine.com\\\/el\\\/%ce%b1%ce%b3%ce%bf%cf%81%ce%ad%cf%82-%cf%84%ce%b9%ce%bc%ce%ad%cf%82-%ce%ba%ce%b1%ce%b9-%ce%b3%cf%81%ce%b1%cf%86%ce%ae%ce%bc%ce%b1%cf%84%ce%b1\\\/#organizationLogo\",\"width\":1586,\"height\":555},\"image\":{\"@id\":\"https:\\\/\\\/trader-magazine.com\\\/el\\\/%ce%b1%ce%b3%ce%bf%cf%81%ce%ad%cf%82-%cf%84%ce%b9%ce%bc%ce%ad%cf%82-%ce%ba%ce%b1%ce%b9-%ce%b3%cf%81%ce%b1%cf%86%ce%ae%ce%bc%ce%b1%cf%84%ce%b1\\\/#organizationLogo\"}},{\"@type\":\"WebPage\",\"@id\":\"https:\\\/\\\/trader-magazine.com\\\/el\\\/%ce%b1%ce%b3%ce%bf%cf%81%ce%ad%cf%82-%cf%84%ce%b9%ce%bc%ce%ad%cf%82-%ce%ba%ce%b1%ce%b9-%ce%b3%cf%81%ce%b1%cf%86%ce%ae%ce%bc%ce%b1%cf%84%ce%b1\\\/#webpage\",\"url\":\"https:\\\/\\\/trader-magazine.com\\\/el\\\/%ce%b1%ce%b3%ce%bf%cf%81%ce%ad%cf%82-%cf%84%ce%b9%ce%bc%ce%ad%cf%82-%ce%ba%ce%b1%ce%b9-%ce%b3%cf%81%ce%b1%cf%86%ce%ae%ce%bc%ce%b1%cf%84%ce%b1\\\/\",\"name\":\"\\u0391\\u03b3\\u03bf\\u03c1\\u03ad\\u03c2 \\u2013 \\u03a4\\u03b9\\u03bc\\u03ad\\u03c2 \\u03ba\\u03b1\\u03b9 \\u03b3\\u03c1\\u03b1\\u03c6\\u03ae\\u03bc\\u03b1\\u03c4\\u03b1 | Trader Magazine\",\"inLanguage\":\"el\",\"isPartOf\":{\"@id\":\"https:\\\/\\\/trader-magazine.com\\\/el\\\/#website\"},\"breadcrumb\":{\"@id\":\"https:\\\/\\\/trader-magazine.com\\\/el\\\/%ce%b1%ce%b3%ce%bf%cf%81%ce%ad%cf%82-%cf%84%ce%b9%ce%bc%ce%ad%cf%82-%ce%ba%ce%b1%ce%b9-%ce%b3%cf%81%ce%b1%cf%86%ce%ae%ce%bc%ce%b1%cf%84%ce%b1\\\/#breadcrumblist\"},\"image\":{\"@type\":\"ImageObject\",\"url\":\"https:\\\/\\\/trader-magazine.com\\\/wp-content\\\/uploads\\\/2024\\\/02\\\/stock-prices-charts-scaled.jpeg\",\"@id\":\"https:\\\/\\\/trader-magazine.com\\\/el\\\/%ce%b1%ce%b3%ce%bf%cf%81%ce%ad%cf%82-%cf%84%ce%b9%ce%bc%ce%ad%cf%82-%ce%ba%ce%b1%ce%b9-%ce%b3%cf%81%ce%b1%cf%86%ce%ae%ce%bc%ce%b1%cf%84%ce%b1\\\/#mainImage\",\"width\":2560,\"height\":1517,\"caption\":\"graphic of  3D candlestick in stock market presented in futuristic style\"},\"primaryImageOfPage\":{\"@id\":\"https:\\\/\\\/trader-magazine.com\\\/el\\\/%ce%b1%ce%b3%ce%bf%cf%81%ce%ad%cf%82-%cf%84%ce%b9%ce%bc%ce%ad%cf%82-%ce%ba%ce%b1%ce%b9-%ce%b3%cf%81%ce%b1%cf%86%ce%ae%ce%bc%ce%b1%cf%84%ce%b1\\\/#mainImage\"},\"datePublished\":\"2024-03-11T15:37:07+01:00\",\"dateModified\":\"2026-01-26T15:42:13+01:00\"},{\"@type\":\"WebSite\",\"@id\":\"https:\\\/\\\/trader-magazine.com\\\/el\\\/#website\",\"url\":\"https:\\\/\\\/trader-magazine.com\\\/el\\\/\",\"name\":\"Trader Magazine\",\"description\":\"Trader Magazine - Investment magazine - Reviews\",\"inLanguage\":\"el\",\"publisher\":{\"@id\":\"https:\\\/\\\/trader-magazine.com\\\/el\\\/#organization\"}}]}\n\t\t<\/script>\n\t\t<!-- All in One SEO Pro -->\r\n\t\t<title>\u0391\u03b3\u03bf\u03c1\u03ad\u03c2 \u2013 \u03a4\u03b9\u03bc\u03ad\u03c2 \u03ba\u03b1\u03b9 \u03b3\u03c1\u03b1\u03c6\u03ae\u03bc\u03b1\u03c4\u03b1 | Trader Magazine<\/title>\n\n","aioseo_head_json":{"title":"\u0391\u03b3\u03bf\u03c1\u03ad\u03c2 \u2013 \u03a4\u03b9\u03bc\u03ad\u03c2 \u03ba\u03b1\u03b9 \u03b3\u03c1\u03b1\u03c6\u03ae\u03bc\u03b1\u03c4\u03b1 | Trader Magazine","description":"","canonical_url":"https:\/\/trader-magazine.com\/el\/%ce%b1%ce%b3%ce%bf%cf%81%ce%ad%cf%82-%cf%84%ce%b9%ce%bc%ce%ad%cf%82-%ce%ba%ce%b1%ce%b9-%ce%b3%cf%81%ce%b1%cf%86%ce%ae%ce%bc%ce%b1%cf%84%ce%b1\/","robots":"max-image-preview:large","keywords":"","webmasterTools":{"miscellaneous":""},"schema":{"@context":"https:\/\/schema.org","@graph":[{"@type":"BreadcrumbList","@id":"https:\/\/trader-magazine.com\/el\/%ce%b1%ce%b3%ce%bf%cf%81%ce%ad%cf%82-%cf%84%ce%b9%ce%bc%ce%ad%cf%82-%ce%ba%ce%b1%ce%b9-%ce%b3%cf%81%ce%b1%cf%86%ce%ae%ce%bc%ce%b1%cf%84%ce%b1\/#breadcrumblist","itemListElement":[{"@type":"ListItem","@id":"https:\/\/trader-magazine.com\/el\/#listItem","position":1,"name":"Home","item":"https:\/\/trader-magazine.com\/el\/","nextItem":{"@type":"ListItem","@id":"https:\/\/trader-magazine.com\/el\/%ce%b1%ce%b3%ce%bf%cf%81%ce%ad%cf%82-%cf%84%ce%b9%ce%bc%ce%ad%cf%82-%ce%ba%ce%b1%ce%b9-%ce%b3%cf%81%ce%b1%cf%86%ce%ae%ce%bc%ce%b1%cf%84%ce%b1\/#listItem","name":"\u0391\u03b3\u03bf\u03c1\u03ad\u03c2 \u2013 \u03a4\u03b9\u03bc\u03ad\u03c2 \u03ba\u03b1\u03b9 \u03b3\u03c1\u03b1\u03c6\u03ae\u03bc\u03b1\u03c4\u03b1"}},{"@type":"ListItem","@id":"https:\/\/trader-magazine.com\/el\/%ce%b1%ce%b3%ce%bf%cf%81%ce%ad%cf%82-%cf%84%ce%b9%ce%bc%ce%ad%cf%82-%ce%ba%ce%b1%ce%b9-%ce%b3%cf%81%ce%b1%cf%86%ce%ae%ce%bc%ce%b1%cf%84%ce%b1\/#listItem","position":2,"name":"\u0391\u03b3\u03bf\u03c1\u03ad\u03c2 \u2013 \u03a4\u03b9\u03bc\u03ad\u03c2 \u03ba\u03b1\u03b9 \u03b3\u03c1\u03b1\u03c6\u03ae\u03bc\u03b1\u03c4\u03b1","previousItem":{"@type":"ListItem","@id":"https:\/\/trader-magazine.com\/el\/#listItem","name":"Home"}}]},{"@type":"Organization","@id":"https:\/\/trader-magazine.com\/el\/#organization","name":"Trader-Magazine.com","description":"Mezin\u00e1rodn\u00ed port\u00e1l finan\u010dn\u00edho vzd\u011bl\u00e1v\u00e1n\u00ed se zam\u011b\u0159en\u00edm na investice. V sou\u010dasn\u00e9 dob\u011b vych\u00e1z\u00ed v 6 jazykov\u00fdch verz\u00edch a p\u0159in\u00e1\u0161\u00ed denn\u011b aktualizovan\u00e9 zpr\u00e1vy, recenze, varov\u00e1n\u00ed a vzd\u011bl\u00e1vac\u00ed \u010dl\u00e1nky relevantn\u00ed pro investory z cel\u00e9ho sv\u011bta.","url":"https:\/\/trader-magazine.com\/el\/","email":"info@trader-magazine.com","logo":{"@type":"ImageObject","url":"https:\/\/trader-magazine.com\/wp-content\/uploads\/2026\/01\/logo_logo4-B-kopie.png","@id":"https:\/\/trader-magazine.com\/el\/%ce%b1%ce%b3%ce%bf%cf%81%ce%ad%cf%82-%cf%84%ce%b9%ce%bc%ce%ad%cf%82-%ce%ba%ce%b1%ce%b9-%ce%b3%cf%81%ce%b1%cf%86%ce%ae%ce%bc%ce%b1%cf%84%ce%b1\/#organizationLogo","width":1586,"height":555},"image":{"@id":"https:\/\/trader-magazine.com\/el\/%ce%b1%ce%b3%ce%bf%cf%81%ce%ad%cf%82-%cf%84%ce%b9%ce%bc%ce%ad%cf%82-%ce%ba%ce%b1%ce%b9-%ce%b3%cf%81%ce%b1%cf%86%ce%ae%ce%bc%ce%b1%cf%84%ce%b1\/#organizationLogo"}},{"@type":"WebPage","@id":"https:\/\/trader-magazine.com\/el\/%ce%b1%ce%b3%ce%bf%cf%81%ce%ad%cf%82-%cf%84%ce%b9%ce%bc%ce%ad%cf%82-%ce%ba%ce%b1%ce%b9-%ce%b3%cf%81%ce%b1%cf%86%ce%ae%ce%bc%ce%b1%cf%84%ce%b1\/#webpage","url":"https:\/\/trader-magazine.com\/el\/%ce%b1%ce%b3%ce%bf%cf%81%ce%ad%cf%82-%cf%84%ce%b9%ce%bc%ce%ad%cf%82-%ce%ba%ce%b1%ce%b9-%ce%b3%cf%81%ce%b1%cf%86%ce%ae%ce%bc%ce%b1%cf%84%ce%b1\/","name":"\u0391\u03b3\u03bf\u03c1\u03ad\u03c2 \u2013 \u03a4\u03b9\u03bc\u03ad\u03c2 \u03ba\u03b1\u03b9 \u03b3\u03c1\u03b1\u03c6\u03ae\u03bc\u03b1\u03c4\u03b1 | Trader Magazine","inLanguage":"el","isPartOf":{"@id":"https:\/\/trader-magazine.com\/el\/#website"},"breadcrumb":{"@id":"https:\/\/trader-magazine.com\/el\/%ce%b1%ce%b3%ce%bf%cf%81%ce%ad%cf%82-%cf%84%ce%b9%ce%bc%ce%ad%cf%82-%ce%ba%ce%b1%ce%b9-%ce%b3%cf%81%ce%b1%cf%86%ce%ae%ce%bc%ce%b1%cf%84%ce%b1\/#breadcrumblist"},"image":{"@type":"ImageObject","url":"https:\/\/trader-magazine.com\/wp-content\/uploads\/2024\/02\/stock-prices-charts-scaled.jpeg","@id":"https:\/\/trader-magazine.com\/el\/%ce%b1%ce%b3%ce%bf%cf%81%ce%ad%cf%82-%cf%84%ce%b9%ce%bc%ce%ad%cf%82-%ce%ba%ce%b1%ce%b9-%ce%b3%cf%81%ce%b1%cf%86%ce%ae%ce%bc%ce%b1%cf%84%ce%b1\/#mainImage","width":2560,"height":1517,"caption":"graphic of  3D candlestick in stock market presented in futuristic style"},"primaryImageOfPage":{"@id":"https:\/\/trader-magazine.com\/el\/%ce%b1%ce%b3%ce%bf%cf%81%ce%ad%cf%82-%cf%84%ce%b9%ce%bc%ce%ad%cf%82-%ce%ba%ce%b1%ce%b9-%ce%b3%cf%81%ce%b1%cf%86%ce%ae%ce%bc%ce%b1%cf%84%ce%b1\/#mainImage"},"datePublished":"2024-03-11T15:37:07+01:00","dateModified":"2026-01-26T15:42:13+01:00"},{"@type":"WebSite","@id":"https:\/\/trader-magazine.com\/el\/#website","url":"https:\/\/trader-magazine.com\/el\/","name":"Trader Magazine","description":"Trader Magazine - Investment magazine - Reviews","inLanguage":"el","publisher":{"@id":"https:\/\/trader-magazine.com\/el\/#organization"}}]},"og:locale":"el_GR","og:site_name":"ForexMag","og:type":"article","og:title":"\u0391\u03b3\u03bf\u03c1\u03ad\u03c2 \u2013 \u03a4\u03b9\u03bc\u03ad\u03c2 \u03ba\u03b1\u03b9 \u03b3\u03c1\u03b1\u03c6\u03ae\u03bc\u03b1\u03c4\u03b1 | Trader Magazine","og:url":"https:\/\/trader-magazine.com\/el\/%ce%b1%ce%b3%ce%bf%cf%81%ce%ad%cf%82-%cf%84%ce%b9%ce%bc%ce%ad%cf%82-%ce%ba%ce%b1%ce%b9-%ce%b3%cf%81%ce%b1%cf%86%ce%ae%ce%bc%ce%b1%cf%84%ce%b1\/","article:published_time":"2024-03-11T14:37:07+00:00","article:modified_time":"2026-01-26T14:42:13+00:00","twitter:card":"summary","twitter:title":"\u0391\u03b3\u03bf\u03c1\u03ad\u03c2 \u2013 \u03a4\u03b9\u03bc\u03ad\u03c2 \u03ba\u03b1\u03b9 \u03b3\u03c1\u03b1\u03c6\u03ae\u03bc\u03b1\u03c4\u03b1 | Trader Magazine"},"aioseo_meta_data":{"post_id":"54445","title":null,"description":null,"keywords":null,"keyphrases":{"focus":{"keyphrase":"","score":0,"analysis":{"keyphraseInTitle":{"score":0,"maxScore":9,"error":1}}},"additional":[]},"primary_term":null,"canonical_url":null,"og_title":null,"og_description":null,"og_object_type":"default","og_image_type":"default","og_image_url":null,"og_image_width":null,"og_image_height":null,"og_image_custom_url":null,"og_image_custom_fields":null,"og_video":"","og_custom_url":null,"og_article_section":null,"og_article_tags":null,"twitter_use_og":false,"twitter_card":"default","twitter_image_type":"default","twitter_image_url":null,"twitter_image_custom_url":null,"twitter_image_custom_fields":null,"twitter_title":null,"twitter_description":null,"schema":{"blockGraphs":[],"customGraphs":[],"default":{"data":{"Article":[],"Course":[],"Dataset":[],"FAQPage":[],"Movie":[],"Person":[],"Product":[],"ProductReview":[],"Car":[],"Recipe":[],"Service":[],"SoftwareApplication":[],"WebPage":[]},"graphName":"WebPage","isEnabled":true},"graphs":[]},"schema_type":"default","schema_type_options":null,"pillar_content":false,"robots_default":true,"robots_noindex":false,"robots_noarchive":false,"robots_nosnippet":false,"robots_nofollow":false,"robots_noimageindex":false,"robots_noodp":false,"robots_notranslate":false,"robots_max_snippet":"-1","robots_max_videopreview":"-1","robots_max_imagepreview":"large","priority":null,"frequency":"default","local_seo":null,"seo_analyzer_scan_date":"2026-01-26 14:43:33","breadcrumb_settings":null,"limit_modified_date":false,"reviewed_by":null,"open_ai":"{\"title\":{\"suggestions\":[],\"usage\":0},\"description\":{\"suggestions\":[],\"usage\":0}}","ai":{"faqs":[],"keyPoints":[],"titles":[],"descriptions":[],"socialPosts":{"email":[],"linkedin":[],"twitter":[],"facebook":[],"instagram":[]}},"created":"2024-03-11 14:34:25","updated":"2026-01-26 14:43:33"},"aioseo_breadcrumb":"<div class=\"aioseo-breadcrumbs\"><span class=\"aioseo-breadcrumb\">\n\t<a href=\"https:\/\/trader-magazine.com\/el\/\" title=\"Home\">Home<\/a>\n<\/span><span class=\"aioseo-breadcrumb-separator\">&raquo;<\/span><span class=\"aioseo-breadcrumb\">\n\t\u0391\u03b3\u03bf\u03c1\u03ad\u03c2 \u2013 \u03a4\u03b9\u03bc\u03ad\u03c2 \u03ba\u03b1\u03b9 \u03b3\u03c1\u03b1\u03c6\u03ae\u03bc\u03b1\u03c4\u03b1\n<\/span><\/div>","aioseo_breadcrumb_json":[{"label":"Home","link":"https:\/\/trader-magazine.com\/el\/"},{"label":"\u0391\u03b3\u03bf\u03c1\u03ad\u03c2 \u2013 \u03a4\u03b9\u03bc\u03ad\u03c2 \u03ba\u03b1\u03b9 \u03b3\u03c1\u03b1\u03c6\u03ae\u03bc\u03b1\u03c4\u03b1","link":"https:\/\/trader-magazine.com\/el\/%ce%b1%ce%b3%ce%bf%cf%81%ce%ad%cf%82-%cf%84%ce%b9%ce%bc%ce%ad%cf%82-%ce%ba%ce%b1%ce%b9-%ce%b3%cf%81%ce%b1%cf%86%ce%ae%ce%bc%ce%b1%cf%84%ce%b1\/"}],"_links":{"self":[{"href":"https:\/\/trader-magazine.com\/el\/wp-json\/wp\/v2\/pages\/54445","targetHints":{"allow":["GET"]}}],"collection":[{"href":"https:\/\/trader-magazine.com\/el\/wp-json\/wp\/v2\/pages"}],"about":[{"href":"https:\/\/trader-magazine.com\/el\/wp-json\/wp\/v2\/types\/page"}],"author":[{"embeddable":true,"href":"https:\/\/trader-magazine.com\/el\/wp-json\/wp\/v2\/users\/44"}],"replies":[{"embeddable":true,"href":"https:\/\/trader-magazine.com\/el\/wp-json\/wp\/v2\/comments?post=54445"}],"version-history":[{"count":0,"href":"https:\/\/trader-magazine.com\/el\/wp-json\/wp\/v2\/pages\/54445\/revisions"}],"wp:featuredmedia":[{"embeddable":true,"href":"https:\/\/trader-magazine.com\/el\/wp-json\/wp\/v2\/media\/53454"}],"wp:attachment":[{"href":"https:\/\/trader-magazine.com\/el\/wp-json\/wp\/v2\/media?parent=54445"}],"curies":[{"name":"wp","href":"https:\/\/api.w.org\/{rel}","templated":true}]}}