{"id":83308,"date":"2026-03-05T13:14:14","date_gmt":"2026-03-05T12:14:14","guid":{"rendered":"https:\/\/trader-magazine.com\/?page_id=83308"},"modified":"2026-03-05T13:14:15","modified_gmt":"2026-03-05T12:14:15","slug":"kontakt","status":"publish","type":"page","link":"https:\/\/trader-magazine.com\/cs\/kontakt\/","title":{"rendered":"Kontakt"},"content":{"rendered":"\n<p>Kontaktn\u00ed e-mail: info@trader-magazine.com<\/p>\n\n\n\n<h1 class=\"wp-block-heading\"><strong>Almina Corp a.s.<\/strong><\/h1>\n\n\n\n<p>support@alminacorp.com<\/p>\n\n\n\n<p>Rybn\u00e1 732\/25, Star\u00e9 M\u011bsto, 110 00 Praha<\/p>\n\n\n\n<p><strong>VAT<\/strong>:&nbsp;CZ07669356<\/p>\n","protected":false},"excerpt":{"rendered":"<p>Kontaktn\u00ed e-mail: info@trader-magazine.com Almina Corp a.s. support@alminacorp.com Rybn\u00e1 732\/25, Star\u00e9 M\u011bsto, 110 00 Praha VAT:&nbsp;CZ07669356<\/p>\n","protected":false},"author":34,"featured_media":0,"parent":0,"menu_order":0,"comment_status":"closed","ping_status":"closed","template":"","meta":{"yasr_overall_rating":0,"yasr_post_is_review":"","yasr_auto_insert_disabled":"","yasr_review_type":"","footnotes":""},"class_list":["post-83308","page","type-page","status-publish"],"aioseo_notices":[],"yasr_visitor_votes":{"stars_attributes":{"read_only":false,"span_bottom":false},"number_of_votes":0,"sum_votes":0},"aioseo_head":"\n\t\t<!-- All in One SEO Pro 4.9.5.2 - aioseo.com -->\n\t<meta name=\"description\" content=\"Kontaktn\u00ed e-mail: info@trader-magazine.com Almina Corp a.s. support@alminacorp.com Rybn\u00e1 732\/25, Star\u00e9 M\u011bsto, 110 00 Praha VAT: CZ07669356\" \/>\n\t<meta name=\"robots\" content=\"max-image-preview:large\" \/>\n\t<link rel=\"canonical\" href=\"https:\/\/trader-magazine.com\/cs\/kontakt\/\" \/>\n\t<meta name=\"generator\" content=\"All in One SEO Pro (AIOSEO) 4.9.5.2\" \/>\n\t\t<meta property=\"og:locale\" content=\"cs_CZ\" \/>\n\t\t<meta property=\"og:site_name\" content=\"ForexMag\" \/>\n\t\t<meta property=\"og:type\" content=\"article\" \/>\n\t\t<meta property=\"og:title\" content=\"Kontakt | Trader Magazine\" \/>\n\t\t<meta property=\"og:description\" content=\"Kontaktn\u00ed e-mail: info@trader-magazine.com Almina Corp a.s. support@alminacorp.com Rybn\u00e1 732\/25, Star\u00e9 M\u011bsto, 110 00 Praha VAT: CZ07669356\" \/>\n\t\t<meta property=\"og:url\" content=\"https:\/\/trader-magazine.com\/cs\/kontakt\/\" \/>\n\t\t<meta property=\"article:published_time\" content=\"2026-03-05T12:14:14+00:00\" \/>\n\t\t<meta property=\"article:modified_time\" content=\"2026-03-05T12:14:15+00:00\" \/>\n\t\t<meta name=\"twitter:card\" content=\"summary\" \/>\n\t\t<meta name=\"twitter:title\" content=\"Kontakt | Trader Magazine\" \/>\n\t\t<meta name=\"twitter:description\" content=\"Kontaktn\u00ed e-mail: info@trader-magazine.com Almina Corp a.s. support@alminacorp.com Rybn\u00e1 732\/25, Star\u00e9 M\u011bsto, 110 00 Praha VAT: CZ07669356\" \/>\n\t\t<script type=\"application\/ld+json\" class=\"aioseo-schema\">\n\t\t\t{\"@context\":\"https:\\\/\\\/schema.org\",\"@graph\":[{\"@type\":\"BreadcrumbList\",\"@id\":\"https:\\\/\\\/trader-magazine.com\\\/cs\\\/kontakt\\\/#breadcrumblist\",\"itemListElement\":[{\"@type\":\"ListItem\",\"@id\":\"https:\\\/\\\/trader-magazine.com\\\/cs\\\/#listItem\",\"position\":1,\"name\":\"Home\",\"item\":\"https:\\\/\\\/trader-magazine.com\\\/cs\\\/\",\"nextItem\":{\"@type\":\"ListItem\",\"@id\":\"https:\\\/\\\/trader-magazine.com\\\/cs\\\/kontakt\\\/#listItem\",\"name\":\"Kontakt\"}},{\"@type\":\"ListItem\",\"@id\":\"https:\\\/\\\/trader-magazine.com\\\/cs\\\/kontakt\\\/#listItem\",\"position\":2,\"name\":\"Kontakt\",\"previousItem\":{\"@type\":\"ListItem\",\"@id\":\"https:\\\/\\\/trader-magazine.com\\\/cs\\\/#listItem\",\"name\":\"Home\"}}]},{\"@type\":\"Organization\",\"@id\":\"https:\\\/\\\/trader-magazine.com\\\/cs\\\/#organization\",\"name\":\"Trader-Magazine.com\",\"description\":\"Mezin\\u00e1rodn\\u00ed port\\u00e1l finan\\u010dn\\u00edho vzd\\u011bl\\u00e1v\\u00e1n\\u00ed se zam\\u011b\\u0159en\\u00edm na investice. V sou\\u010dasn\\u00e9 dob\\u011b vych\\u00e1z\\u00ed v 6 jazykov\\u00fdch verz\\u00edch a p\\u0159in\\u00e1\\u0161\\u00ed denn\\u011b aktualizovan\\u00e9 zpr\\u00e1vy, recenze, varov\\u00e1n\\u00ed a vzd\\u011bl\\u00e1vac\\u00ed \\u010dl\\u00e1nky relevantn\\u00ed pro investory z cel\\u00e9ho sv\\u011bta.\",\"url\":\"https:\\\/\\\/trader-magazine.com\\\/cs\\\/\",\"email\":\"info@trader-magazine.com\",\"logo\":{\"@type\":\"ImageObject\",\"url\":\"https:\\\/\\\/trader-magazine.com\\\/wp-content\\\/uploads\\\/2026\\\/01\\\/logo_logo4-B-kopie.png\",\"@id\":\"https:\\\/\\\/trader-magazine.com\\\/cs\\\/kontakt\\\/#organizationLogo\",\"width\":1586,\"height\":555},\"image\":{\"@id\":\"https:\\\/\\\/trader-magazine.com\\\/cs\\\/kontakt\\\/#organizationLogo\"}},{\"@type\":\"WebPage\",\"@id\":\"https:\\\/\\\/trader-magazine.com\\\/cs\\\/kontakt\\\/#webpage\",\"url\":\"https:\\\/\\\/trader-magazine.com\\\/cs\\\/kontakt\\\/\",\"name\":\"Kontakt | Trader Magazine\",\"description\":\"Kontaktn\\u00ed e-mail: info@trader-magazine.com Almina Corp a.s. support@alminacorp.com Rybn\\u00e1 732\\\/25, Star\\u00e9 M\\u011bsto, 110 00 Praha VAT: CZ07669356\",\"inLanguage\":\"cs-CZ\",\"isPartOf\":{\"@id\":\"https:\\\/\\\/trader-magazine.com\\\/cs\\\/#website\"},\"breadcrumb\":{\"@id\":\"https:\\\/\\\/trader-magazine.com\\\/cs\\\/kontakt\\\/#breadcrumblist\"},\"datePublished\":\"2026-03-05T13:14:14+01:00\",\"dateModified\":\"2026-03-05T13:14:15+01:00\"},{\"@type\":\"WebSite\",\"@id\":\"https:\\\/\\\/trader-magazine.com\\\/cs\\\/#website\",\"url\":\"https:\\\/\\\/trader-magazine.com\\\/cs\\\/\",\"name\":\"Trader Magazine\",\"description\":\"Online magazine about events in the world of investments, Forex and Finacials\",\"inLanguage\":\"cs-CZ\",\"publisher\":{\"@id\":\"https:\\\/\\\/trader-magazine.com\\\/cs\\\/#organization\"}}]}\n\t\t<\/script>\n\t\t<!-- All in One SEO Pro -->\r\n\t\t<title>Kontakt | Trader Magazine<\/title>\n\n","aioseo_head_json":{"title":"Kontakt | Trader Magazine","description":"Kontaktn\u00ed e-mail: info@trader-magazine.com Almina Corp a.s. support@alminacorp.com Rybn\u00e1 732\/25, Star\u00e9 M\u011bsto, 110 00 Praha VAT: CZ07669356","canonical_url":"https:\/\/trader-magazine.com\/cs\/kontakt\/","robots":"max-image-preview:large","keywords":"","webmasterTools":{"miscellaneous":""},"schema":{"@context":"https:\/\/schema.org","@graph":[{"@type":"BreadcrumbList","@id":"https:\/\/trader-magazine.com\/cs\/kontakt\/#breadcrumblist","itemListElement":[{"@type":"ListItem","@id":"https:\/\/trader-magazine.com\/cs\/#listItem","position":1,"name":"Home","item":"https:\/\/trader-magazine.com\/cs\/","nextItem":{"@type":"ListItem","@id":"https:\/\/trader-magazine.com\/cs\/kontakt\/#listItem","name":"Kontakt"}},{"@type":"ListItem","@id":"https:\/\/trader-magazine.com\/cs\/kontakt\/#listItem","position":2,"name":"Kontakt","previousItem":{"@type":"ListItem","@id":"https:\/\/trader-magazine.com\/cs\/#listItem","name":"Home"}}]},{"@type":"Organization","@id":"https:\/\/trader-magazine.com\/cs\/#organization","name":"Trader-Magazine.com","description":"Mezin\u00e1rodn\u00ed port\u00e1l finan\u010dn\u00edho vzd\u011bl\u00e1v\u00e1n\u00ed se zam\u011b\u0159en\u00edm na investice. V sou\u010dasn\u00e9 dob\u011b vych\u00e1z\u00ed v 6 jazykov\u00fdch verz\u00edch a p\u0159in\u00e1\u0161\u00ed denn\u011b aktualizovan\u00e9 zpr\u00e1vy, recenze, varov\u00e1n\u00ed a vzd\u011bl\u00e1vac\u00ed \u010dl\u00e1nky relevantn\u00ed pro investory z cel\u00e9ho sv\u011bta.","url":"https:\/\/trader-magazine.com\/cs\/","email":"info@trader-magazine.com","logo":{"@type":"ImageObject","url":"https:\/\/trader-magazine.com\/wp-content\/uploads\/2026\/01\/logo_logo4-B-kopie.png","@id":"https:\/\/trader-magazine.com\/cs\/kontakt\/#organizationLogo","width":1586,"height":555},"image":{"@id":"https:\/\/trader-magazine.com\/cs\/kontakt\/#organizationLogo"}},{"@type":"WebPage","@id":"https:\/\/trader-magazine.com\/cs\/kontakt\/#webpage","url":"https:\/\/trader-magazine.com\/cs\/kontakt\/","name":"Kontakt | Trader Magazine","description":"Kontaktn\u00ed e-mail: info@trader-magazine.com Almina Corp a.s. support@alminacorp.com Rybn\u00e1 732\/25, Star\u00e9 M\u011bsto, 110 00 Praha VAT: CZ07669356","inLanguage":"cs-CZ","isPartOf":{"@id":"https:\/\/trader-magazine.com\/cs\/#website"},"breadcrumb":{"@id":"https:\/\/trader-magazine.com\/cs\/kontakt\/#breadcrumblist"},"datePublished":"2026-03-05T13:14:14+01:00","dateModified":"2026-03-05T13:14:15+01:00"},{"@type":"WebSite","@id":"https:\/\/trader-magazine.com\/cs\/#website","url":"https:\/\/trader-magazine.com\/cs\/","name":"Trader Magazine","description":"Online magazine about events in the world of investments, Forex and Finacials","inLanguage":"cs-CZ","publisher":{"@id":"https:\/\/trader-magazine.com\/cs\/#organization"}}]},"og:locale":"cs_CZ","og:site_name":"ForexMag","og:type":"article","og:title":"Kontakt | Trader Magazine","og:description":"Kontaktn\u00ed e-mail: info@trader-magazine.com Almina Corp a.s. support@alminacorp.com Rybn\u00e1 732\/25, Star\u00e9 M\u011bsto, 110 00 Praha VAT: CZ07669356","og:url":"https:\/\/trader-magazine.com\/cs\/kontakt\/","article:published_time":"2026-03-05T12:14:14+00:00","article:modified_time":"2026-03-05T12:14:15+00:00","twitter:card":"summary","twitter:title":"Kontakt | Trader Magazine","twitter:description":"Kontaktn\u00ed e-mail: info@trader-magazine.com Almina Corp a.s. support@alminacorp.com Rybn\u00e1 732\/25, Star\u00e9 M\u011bsto, 110 00 Praha VAT: CZ07669356"},"aioseo_meta_data":{"post_id":"83308","title":null,"description":null,"keywords":null,"keyphrases":{"focus":{"keyphrase":"","score":0,"analysis":{"keyphraseInTitle":{"score":0,"maxScore":9,"error":1}}},"additional":[]},"primary_term":null,"canonical_url":null,"og_title":null,"og_description":null,"og_object_type":"default","og_image_type":"default","og_image_url":null,"og_image_width":null,"og_image_height":null,"og_image_custom_url":null,"og_image_custom_fields":null,"og_video":"","og_custom_url":null,"og_article_section":null,"og_article_tags":null,"twitter_use_og":false,"twitter_card":"default","twitter_image_type":"default","twitter_image_url":null,"twitter_image_custom_url":null,"twitter_image_custom_fields":null,"twitter_title":null,"twitter_description":null,"schema":{"blockGraphs":[],"customGraphs":[],"default":{"data":{"Article":[],"Course":[],"Dataset":[],"FAQPage":[],"Movie":[],"Person":[],"Product":[],"ProductReview":[],"Car":[],"Recipe":[],"Service":[],"SoftwareApplication":[],"WebPage":[]},"graphName":"WebPage","isEnabled":true},"graphs":[]},"schema_type":"default","schema_type_options":null,"pillar_content":false,"robots_default":true,"robots_noindex":false,"robots_noarchive":false,"robots_nosnippet":false,"robots_nofollow":false,"robots_noimageindex":false,"robots_noodp":false,"robots_notranslate":false,"robots_max_snippet":"-1","robots_max_videopreview":"-1","robots_max_imagepreview":"large","priority":null,"frequency":"default","local_seo":null,"seo_analyzer_scan_date":"2026-03-05 12:15:42","breadcrumb_settings":null,"limit_modified_date":false,"reviewed_by":"0","open_ai":null,"ai":{"faqs":[],"keyPoints":[],"titles":[],"descriptions":[],"socialPosts":{"email":[],"linkedin":[],"twitter":[],"facebook":[],"instagram":[]}},"created":"2026-03-05 12:13:55","updated":"2026-03-05 12:15:42"},"aioseo_breadcrumb":"<div class=\"aioseo-breadcrumbs\"><span class=\"aioseo-breadcrumb\">\n\t<a href=\"https:\/\/trader-magazine.com\/cs\/\" title=\"Home\">Home<\/a>\n<\/span><span class=\"aioseo-breadcrumb-separator\">&raquo;<\/span><span class=\"aioseo-breadcrumb\">\n\tKontakt\n<\/span><\/div>","aioseo_breadcrumb_json":[{"label":"Home","link":"https:\/\/trader-magazine.com\/cs\/"},{"label":"Kontakt","link":"https:\/\/trader-magazine.com\/cs\/kontakt\/"}],"_links":{"self":[{"href":"https:\/\/trader-magazine.com\/cs\/wp-json\/wp\/v2\/pages\/83308","targetHints":{"allow":["GET"]}}],"collection":[{"href":"https:\/\/trader-magazine.com\/cs\/wp-json\/wp\/v2\/pages"}],"about":[{"href":"https:\/\/trader-magazine.com\/cs\/wp-json\/wp\/v2\/types\/page"}],"author":[{"embeddable":true,"href":"https:\/\/trader-magazine.com\/cs\/wp-json\/wp\/v2\/users\/34"}],"replies":[{"embeddable":true,"href":"https:\/\/trader-magazine.com\/cs\/wp-json\/wp\/v2\/comments?post=83308"}],"version-history":[{"count":1,"href":"https:\/\/trader-magazine.com\/cs\/wp-json\/wp\/v2\/pages\/83308\/revisions"}],"predecessor-version":[{"id":83309,"href":"https:\/\/trader-magazine.com\/cs\/wp-json\/wp\/v2\/pages\/83308\/revisions\/83309"}],"wp:attachment":[{"href":"https:\/\/trader-magazine.com\/cs\/wp-json\/wp\/v2\/media?parent=83308"}],"curies":[{"name":"wp","href":"https:\/\/api.w.org\/{rel}","templated":true}]}}