{"id":53999,"date":"2024-02-28T12:32:33","date_gmt":"2024-02-28T11:32:33","guid":{"rendered":"https:\/\/trader-magazine.com\/?page_id=53999"},"modified":"2026-01-20T14:57:52","modified_gmt":"2026-01-20T13:57:52","slug":"trhy","status":"publish","type":"page","link":"https:\/\/trader-magazine.com\/cs\/trhy\/","title":{"rendered":"Trhy"},"content":{"rendered":"\n<figure class=\"wp-block-image size-large is-resized\"><img loading=\"lazy\" decoding=\"async\" width=\"1024\" height=\"607\" src=\"https:\/\/trader-magazine.com\/wp-content\/uploads\/2024\/02\/stock-prices-charts-1024x607.jpeg\" alt=\"\" class=\"wp-image-53451\" style=\"width:498px;height:auto\" srcset=\"https:\/\/trader-magazine.com\/wp-content\/uploads\/2024\/02\/stock-prices-charts-1024x607.jpeg 1024w, https:\/\/trader-magazine.com\/wp-content\/uploads\/2024\/02\/stock-prices-charts-300x178.jpeg 300w, https:\/\/trader-magazine.com\/wp-content\/uploads\/2024\/02\/stock-prices-charts-768x455.jpeg 768w, https:\/\/trader-magazine.com\/wp-content\/uploads\/2024\/02\/stock-prices-charts-1536x910.jpeg 1536w, https:\/\/trader-magazine.com\/wp-content\/uploads\/2024\/02\/stock-prices-charts-2048x1214.jpeg 2048w, https:\/\/trader-magazine.com\/wp-content\/uploads\/2024\/02\/stock-prices-charts-696x412.jpeg 696w, https:\/\/trader-magazine.com\/wp-content\/uploads\/2024\/02\/stock-prices-charts-1068x633.jpeg 1068w, https:\/\/trader-magazine.com\/wp-content\/uploads\/2024\/02\/stock-prices-charts-709x420.jpeg 709w\" sizes=\"auto, (max-width: 1024px) 100vw, 1024px\" \/><\/figure>\n\n\n\n<p><strong>Na t\u00e9to str\u00e1nce naleznete p\u0159ehled v\u0161ech titul\u016f, u kter\u00fdch m\u016f\u017eete sledovat jejich aktu\u00e1ln\u00ed ceny a historick\u00e9 grafy na Trader-Magazine.<\/strong><\/p>\n\n\n\n<p>P\u0159id\u00e1v\u00e1me tak\u00e9 aktu\u00e1ln\u00ed informace a zaj\u00edmavosti k jednotliv\u00fdm trh\u016fm.<\/p>\n\n\n\n<p>\u0160\u0165astn\u00e9 investov\u00e1n\u00ed a obchodov\u00e1n\u00ed!<\/p>\n\n\n\n<h2 class=\"wp-block-heading\">Akcie \u2013 ceny, grafy a informace \u2013 abecedn\u011b<\/h2>\n\n\n\n<ul class=\"wp-block-list\">\n<li><a href=\"https:\/\/trader-magazine.com\/cs\/trhy\/apple-inc-aapl-aktualni-cena-graf-produkty-historie\/\" target=\"_blank\" rel=\"noopener\" title=\"\">Apple Inc. (AAPL)<\/a><\/li>\n\n\n\n<li><a href=\"https:\/\/trader-magazine.com\/cs\/trhy\/delta-air-lines-inc-dal-aktualni-cena-graf-produkty-historie\/\" target=\"_blank\" rel=\"noopener\" title=\"\">Delta Air Lines, Inc. (DAL)<\/a><\/li>\n\n\n\n<li><a href=\"https:\/\/trader-magazine.com\/cs\/trhy\/nvidia-corporation-nvda-aktualni-cena-graf-produkty-historie\/\" target=\"_blank\" rel=\"noopener\" title=\"\">NVIDIA Corporation (NVDA)<\/a><\/li>\n\n\n\n<li><a href=\"https:\/\/trader-magazine.com\/cs\/trhy\/tesla-inc-tsla-stock-price-chart-products-history\/\" target=\"_blank\" rel=\"noopener\" title=\"\">Tesla, Inc. (TSLA)<\/a><\/li>\n<\/ul>\n\n\n<p>[stock_market_widget type=&#8220;table-quotes&#8220; template=&#8220;basic&#8220; assets=&#8220;AAPL,DAL,NVDA,TSLA&#8220; fields=&#8220;logo_name_symbol,price,change_abs,change_pct,market_cap&#8220; display_header=&#8220;true&#8220; display_chart=&#8220;true&#8220; search=&#8220;false&#8220; pagination=&#8220;true&#8220; scroll=&#8220;false&#8220; rows_per_page=&#8220;4&#8243; sort_direction=&#8220;asc&#8220; alignment=&#8220;left&#8220; api=&#8220;yahoo-finance&#8220;]<\/p>\n\n\n\n<h2 class=\"wp-block-heading\"><\/h2>\n","protected":false},"excerpt":{"rendered":"<p>Na t\u00e9to str\u00e1nce naleznete p\u0159ehled v\u0161ech titul\u016f, u kter\u00fdch m\u016f\u017eete sledovat jejich aktu\u00e1ln\u00ed ceny a historick\u00e9 grafy na Trader-Magazine. P\u0159id\u00e1v\u00e1me tak\u00e9 aktu\u00e1ln\u00ed informace a zaj\u00edmavosti k jednotliv\u00fdm trh\u016fm. \u0160\u0165astn\u00e9 investov\u00e1n\u00ed a obchodov\u00e1n\u00ed! Akcie \u2013 ceny, grafy a informace \u2013 abecedn\u011b<\/p>\n","protected":false},"author":34,"featured_media":53453,"parent":0,"menu_order":0,"comment_status":"closed","ping_status":"closed","template":"","meta":{"yasr_overall_rating":0,"yasr_post_is_review":"","yasr_auto_insert_disabled":"","yasr_review_type":"","footnotes":""},"class_list":["post-53999","page","type-page","status-publish","has-post-thumbnail"],"aioseo_notices":[],"yasr_visitor_votes":{"stars_attributes":{"read_only":false,"span_bottom":false},"number_of_votes":0,"sum_votes":0},"aioseo_head":"\n\t\t<!-- All in One SEO Pro 4.9.5.2 - aioseo.com -->\n\t<meta name=\"description\" content=\"Na t\u00e9to str\u00e1nce naleznete p\u0159ehled v\u0161ech titul\u016f, u kter\u00fdch m\u016f\u017eete sledovat jejich aktu\u00e1ln\u00ed ceny a historick\u00e9 grafy na Trader-Magazine. P\u0159id\u00e1v\u00e1me tak\u00e9 aktu\u00e1ln\u00ed informace a zaj\u00edmavosti k jednotliv\u00fdm trh\u016fm. \u0160\u0165astn\u00e9 investov\u00e1n\u00ed a obchodov\u00e1n\u00ed! Akcie \u2013 ceny, grafy a informace \u2013 abecedn\u011b Apple Inc. (AAPL) Delta Air Lines, Inc. (DAL) NVIDIA Corporation (NVDA) Tesla, Inc. (TSLA) [stock_market_widget\" \/>\n\t<meta name=\"robots\" content=\"max-image-preview:large\" \/>\n\t<link rel=\"canonical\" href=\"https:\/\/trader-magazine.com\/cs\/trhy\/\" \/>\n\t<meta name=\"generator\" content=\"All in One SEO Pro (AIOSEO) 4.9.5.2\" \/>\n\t\t<meta property=\"og:locale\" content=\"cs_CZ\" \/>\n\t\t<meta property=\"og:site_name\" content=\"ForexMag\" \/>\n\t\t<meta property=\"og:type\" content=\"article\" \/>\n\t\t<meta property=\"og:title\" content=\"Trhy | Trader Magazine\" \/>\n\t\t<meta property=\"og:description\" content=\"Na t\u00e9to str\u00e1nce naleznete p\u0159ehled v\u0161ech titul\u016f, u kter\u00fdch m\u016f\u017eete sledovat jejich aktu\u00e1ln\u00ed ceny a historick\u00e9 grafy na Trader-Magazine. P\u0159id\u00e1v\u00e1me tak\u00e9 aktu\u00e1ln\u00ed informace a zaj\u00edmavosti k jednotliv\u00fdm trh\u016fm. \u0160\u0165astn\u00e9 investov\u00e1n\u00ed a obchodov\u00e1n\u00ed! Akcie \u2013 ceny, grafy a informace \u2013 abecedn\u011b Apple Inc. (AAPL) Delta Air Lines, Inc. (DAL) NVIDIA Corporation (NVDA) Tesla, Inc. (TSLA) [stock_market_widget\" \/>\n\t\t<meta property=\"og:url\" content=\"https:\/\/trader-magazine.com\/cs\/trhy\/\" \/>\n\t\t<meta property=\"og:image\" content=\"https:\/\/trader-magazine.com\/wp-content\/uploads\/2024\/02\/stock-prices-charts-1024x607.jpeg\" \/>\n\t\t<meta property=\"og:image:secure_url\" content=\"https:\/\/trader-magazine.com\/wp-content\/uploads\/2024\/02\/stock-prices-charts-1024x607.jpeg\" \/>\n\t\t<meta property=\"article:published_time\" content=\"2024-02-28T11:32:33+00:00\" \/>\n\t\t<meta property=\"article:modified_time\" content=\"2026-01-20T13:57:52+00:00\" \/>\n\t\t<meta name=\"twitter:card\" content=\"summary\" \/>\n\t\t<meta name=\"twitter:title\" content=\"Trhy | Trader Magazine\" \/>\n\t\t<meta name=\"twitter:description\" content=\"Na t\u00e9to str\u00e1nce naleznete p\u0159ehled v\u0161ech titul\u016f, u kter\u00fdch m\u016f\u017eete sledovat jejich aktu\u00e1ln\u00ed ceny a historick\u00e9 grafy na Trader-Magazine. P\u0159id\u00e1v\u00e1me tak\u00e9 aktu\u00e1ln\u00ed informace a zaj\u00edmavosti k jednotliv\u00fdm trh\u016fm. \u0160\u0165astn\u00e9 investov\u00e1n\u00ed a obchodov\u00e1n\u00ed! Akcie \u2013 ceny, grafy a informace \u2013 abecedn\u011b Apple Inc. (AAPL) Delta Air Lines, Inc. (DAL) NVIDIA Corporation (NVDA) Tesla, Inc. (TSLA) [stock_market_widget\" \/>\n\t\t<meta name=\"twitter:image\" content=\"https:\/\/trader-magazine.com\/wp-content\/uploads\/2024\/02\/stock-prices-charts-1024x607.jpeg\" \/>\n\t\t<script type=\"application\/ld+json\" class=\"aioseo-schema\">\n\t\t\t{\"@context\":\"https:\\\/\\\/schema.org\",\"@graph\":[{\"@type\":\"BreadcrumbList\",\"@id\":\"https:\\\/\\\/trader-magazine.com\\\/cs\\\/trhy\\\/#breadcrumblist\",\"itemListElement\":[{\"@type\":\"ListItem\",\"@id\":\"https:\\\/\\\/trader-magazine.com\\\/cs\\\/#listItem\",\"position\":1,\"name\":\"Home\",\"item\":\"https:\\\/\\\/trader-magazine.com\\\/cs\\\/\",\"nextItem\":{\"@type\":\"ListItem\",\"@id\":\"https:\\\/\\\/trader-magazine.com\\\/cs\\\/trhy\\\/#listItem\",\"name\":\"Trhy\"}},{\"@type\":\"ListItem\",\"@id\":\"https:\\\/\\\/trader-magazine.com\\\/cs\\\/trhy\\\/#listItem\",\"position\":2,\"name\":\"Trhy\",\"previousItem\":{\"@type\":\"ListItem\",\"@id\":\"https:\\\/\\\/trader-magazine.com\\\/cs\\\/#listItem\",\"name\":\"Home\"}}]},{\"@type\":\"Organization\",\"@id\":\"https:\\\/\\\/trader-magazine.com\\\/cs\\\/#organization\",\"name\":\"Trader-Magazine.com\",\"description\":\"Mezin\\u00e1rodn\\u00ed port\\u00e1l finan\\u010dn\\u00edho vzd\\u011bl\\u00e1v\\u00e1n\\u00ed se zam\\u011b\\u0159en\\u00edm na investice. V sou\\u010dasn\\u00e9 dob\\u011b vych\\u00e1z\\u00ed v 6 jazykov\\u00fdch verz\\u00edch a p\\u0159in\\u00e1\\u0161\\u00ed denn\\u011b aktualizovan\\u00e9 zpr\\u00e1vy, recenze, varov\\u00e1n\\u00ed a vzd\\u011bl\\u00e1vac\\u00ed \\u010dl\\u00e1nky relevantn\\u00ed pro investory z cel\\u00e9ho sv\\u011bta.\",\"url\":\"https:\\\/\\\/trader-magazine.com\\\/cs\\\/\",\"email\":\"info@trader-magazine.com\",\"logo\":{\"@type\":\"ImageObject\",\"url\":\"https:\\\/\\\/trader-magazine.com\\\/wp-content\\\/uploads\\\/2026\\\/01\\\/logo_logo4-B-kopie.png\",\"@id\":\"https:\\\/\\\/trader-magazine.com\\\/cs\\\/trhy\\\/#organizationLogo\",\"width\":1586,\"height\":555},\"image\":{\"@id\":\"https:\\\/\\\/trader-magazine.com\\\/cs\\\/trhy\\\/#organizationLogo\"}},{\"@type\":\"WebPage\",\"@id\":\"https:\\\/\\\/trader-magazine.com\\\/cs\\\/trhy\\\/#webpage\",\"url\":\"https:\\\/\\\/trader-magazine.com\\\/cs\\\/trhy\\\/\",\"name\":\"Trhy | Trader Magazine\",\"description\":\"Na t\\u00e9to str\\u00e1nce naleznete p\\u0159ehled v\\u0161ech titul\\u016f, u kter\\u00fdch m\\u016f\\u017eete sledovat jejich aktu\\u00e1ln\\u00ed ceny a historick\\u00e9 grafy na Trader-Magazine. P\\u0159id\\u00e1v\\u00e1me tak\\u00e9 aktu\\u00e1ln\\u00ed informace a zaj\\u00edmavosti k jednotliv\\u00fdm trh\\u016fm. \\u0160\\u0165astn\\u00e9 investov\\u00e1n\\u00ed a obchodov\\u00e1n\\u00ed! Akcie \\u2013 ceny, grafy a informace \\u2013 abecedn\\u011b Apple Inc. (AAPL) Delta Air Lines, Inc. (DAL) NVIDIA Corporation (NVDA) Tesla, Inc. (TSLA) [stock_market_widget\",\"inLanguage\":\"cs-CZ\",\"isPartOf\":{\"@id\":\"https:\\\/\\\/trader-magazine.com\\\/cs\\\/#website\"},\"breadcrumb\":{\"@id\":\"https:\\\/\\\/trader-magazine.com\\\/cs\\\/trhy\\\/#breadcrumblist\"},\"image\":{\"@type\":\"ImageObject\",\"url\":\"https:\\\/\\\/trader-magazine.com\\\/wp-content\\\/uploads\\\/2024\\\/02\\\/stock-prices-charts-scaled.jpeg\",\"@id\":\"https:\\\/\\\/trader-magazine.com\\\/cs\\\/trhy\\\/#mainImage\",\"width\":2560,\"height\":1517,\"caption\":\"graphic of  3D candlestick in stock market presented in futuristic style\"},\"primaryImageOfPage\":{\"@id\":\"https:\\\/\\\/trader-magazine.com\\\/cs\\\/trhy\\\/#mainImage\"},\"datePublished\":\"2024-02-28T12:32:33+01:00\",\"dateModified\":\"2026-01-20T14:57:52+01:00\"},{\"@type\":\"WebSite\",\"@id\":\"https:\\\/\\\/trader-magazine.com\\\/cs\\\/#website\",\"url\":\"https:\\\/\\\/trader-magazine.com\\\/cs\\\/\",\"name\":\"Trader Magazine\",\"description\":\"Online magazine about events in the world of investments, Forex and Finacials\",\"inLanguage\":\"cs-CZ\",\"publisher\":{\"@id\":\"https:\\\/\\\/trader-magazine.com\\\/cs\\\/#organization\"}}]}\n\t\t<\/script>\n\t\t<!-- All in One SEO Pro -->\r\n\t\t<title>Trhy | Trader Magazine<\/title>\n\n","aioseo_head_json":{"title":"Trhy | Trader Magazine","description":"Na t\u00e9to str\u00e1nce naleznete p\u0159ehled v\u0161ech titul\u016f, u kter\u00fdch m\u016f\u017eete sledovat jejich aktu\u00e1ln\u00ed ceny a historick\u00e9 grafy na Trader-Magazine. P\u0159id\u00e1v\u00e1me tak\u00e9 aktu\u00e1ln\u00ed informace a zaj\u00edmavosti k jednotliv\u00fdm trh\u016fm. \u0160\u0165astn\u00e9 investov\u00e1n\u00ed a obchodov\u00e1n\u00ed! Akcie \u2013 ceny, grafy a informace \u2013 abecedn\u011b Apple Inc. (AAPL) Delta Air Lines, Inc. (DAL) NVIDIA Corporation (NVDA) Tesla, Inc. (TSLA) [stock_market_widget","canonical_url":"https:\/\/trader-magazine.com\/cs\/trhy\/","robots":"max-image-preview:large","keywords":"","webmasterTools":{"miscellaneous":""},"schema":{"@context":"https:\/\/schema.org","@graph":[{"@type":"BreadcrumbList","@id":"https:\/\/trader-magazine.com\/cs\/trhy\/#breadcrumblist","itemListElement":[{"@type":"ListItem","@id":"https:\/\/trader-magazine.com\/cs\/#listItem","position":1,"name":"Home","item":"https:\/\/trader-magazine.com\/cs\/","nextItem":{"@type":"ListItem","@id":"https:\/\/trader-magazine.com\/cs\/trhy\/#listItem","name":"Trhy"}},{"@type":"ListItem","@id":"https:\/\/trader-magazine.com\/cs\/trhy\/#listItem","position":2,"name":"Trhy","previousItem":{"@type":"ListItem","@id":"https:\/\/trader-magazine.com\/cs\/#listItem","name":"Home"}}]},{"@type":"Organization","@id":"https:\/\/trader-magazine.com\/cs\/#organization","name":"Trader-Magazine.com","description":"Mezin\u00e1rodn\u00ed port\u00e1l finan\u010dn\u00edho vzd\u011bl\u00e1v\u00e1n\u00ed se zam\u011b\u0159en\u00edm na investice. V sou\u010dasn\u00e9 dob\u011b vych\u00e1z\u00ed v 6 jazykov\u00fdch verz\u00edch a p\u0159in\u00e1\u0161\u00ed denn\u011b aktualizovan\u00e9 zpr\u00e1vy, recenze, varov\u00e1n\u00ed a vzd\u011bl\u00e1vac\u00ed \u010dl\u00e1nky relevantn\u00ed pro investory z cel\u00e9ho sv\u011bta.","url":"https:\/\/trader-magazine.com\/cs\/","email":"info@trader-magazine.com","logo":{"@type":"ImageObject","url":"https:\/\/trader-magazine.com\/wp-content\/uploads\/2026\/01\/logo_logo4-B-kopie.png","@id":"https:\/\/trader-magazine.com\/cs\/trhy\/#organizationLogo","width":1586,"height":555},"image":{"@id":"https:\/\/trader-magazine.com\/cs\/trhy\/#organizationLogo"}},{"@type":"WebPage","@id":"https:\/\/trader-magazine.com\/cs\/trhy\/#webpage","url":"https:\/\/trader-magazine.com\/cs\/trhy\/","name":"Trhy | Trader Magazine","description":"Na t\u00e9to str\u00e1nce naleznete p\u0159ehled v\u0161ech titul\u016f, u kter\u00fdch m\u016f\u017eete sledovat jejich aktu\u00e1ln\u00ed ceny a historick\u00e9 grafy na Trader-Magazine. P\u0159id\u00e1v\u00e1me tak\u00e9 aktu\u00e1ln\u00ed informace a zaj\u00edmavosti k jednotliv\u00fdm trh\u016fm. \u0160\u0165astn\u00e9 investov\u00e1n\u00ed a obchodov\u00e1n\u00ed! Akcie \u2013 ceny, grafy a informace \u2013 abecedn\u011b Apple Inc. (AAPL) Delta Air Lines, Inc. (DAL) NVIDIA Corporation (NVDA) Tesla, Inc. (TSLA) [stock_market_widget","inLanguage":"cs-CZ","isPartOf":{"@id":"https:\/\/trader-magazine.com\/cs\/#website"},"breadcrumb":{"@id":"https:\/\/trader-magazine.com\/cs\/trhy\/#breadcrumblist"},"image":{"@type":"ImageObject","url":"https:\/\/trader-magazine.com\/wp-content\/uploads\/2024\/02\/stock-prices-charts-scaled.jpeg","@id":"https:\/\/trader-magazine.com\/cs\/trhy\/#mainImage","width":2560,"height":1517,"caption":"graphic of  3D candlestick in stock market presented in futuristic style"},"primaryImageOfPage":{"@id":"https:\/\/trader-magazine.com\/cs\/trhy\/#mainImage"},"datePublished":"2024-02-28T12:32:33+01:00","dateModified":"2026-01-20T14:57:52+01:00"},{"@type":"WebSite","@id":"https:\/\/trader-magazine.com\/cs\/#website","url":"https:\/\/trader-magazine.com\/cs\/","name":"Trader Magazine","description":"Online magazine about events in the world of investments, Forex and Finacials","inLanguage":"cs-CZ","publisher":{"@id":"https:\/\/trader-magazine.com\/cs\/#organization"}}]},"og:locale":"cs_CZ","og:site_name":"ForexMag","og:type":"article","og:title":"Trhy | Trader Magazine","og:description":"Na t\u00e9to str\u00e1nce naleznete p\u0159ehled v\u0161ech titul\u016f, u kter\u00fdch m\u016f\u017eete sledovat jejich aktu\u00e1ln\u00ed ceny a historick\u00e9 grafy na Trader-Magazine. P\u0159id\u00e1v\u00e1me tak\u00e9 aktu\u00e1ln\u00ed informace a zaj\u00edmavosti k jednotliv\u00fdm trh\u016fm. \u0160\u0165astn\u00e9 investov\u00e1n\u00ed a obchodov\u00e1n\u00ed! Akcie \u2013 ceny, grafy a informace \u2013 abecedn\u011b Apple Inc. (AAPL) Delta Air Lines, Inc. (DAL) NVIDIA Corporation (NVDA) Tesla, Inc. (TSLA) [stock_market_widget","og:url":"https:\/\/trader-magazine.com\/cs\/trhy\/","og:image":"https:\/\/trader-magazine.com\/wp-content\/uploads\/2024\/02\/stock-prices-charts-1024x607.jpeg","og:image:secure_url":"https:\/\/trader-magazine.com\/wp-content\/uploads\/2024\/02\/stock-prices-charts-1024x607.jpeg","article:published_time":"2024-02-28T11:32:33+00:00","article:modified_time":"2026-01-20T13:57:52+00:00","twitter:card":"summary","twitter:title":"Trhy | Trader Magazine","twitter:description":"Na t\u00e9to str\u00e1nce naleznete p\u0159ehled v\u0161ech titul\u016f, u kter\u00fdch m\u016f\u017eete sledovat jejich aktu\u00e1ln\u00ed ceny a historick\u00e9 grafy na Trader-Magazine. P\u0159id\u00e1v\u00e1me tak\u00e9 aktu\u00e1ln\u00ed informace a zaj\u00edmavosti k jednotliv\u00fdm trh\u016fm. \u0160\u0165astn\u00e9 investov\u00e1n\u00ed a obchodov\u00e1n\u00ed! Akcie \u2013 ceny, grafy a informace \u2013 abecedn\u011b Apple Inc. (AAPL) Delta Air Lines, Inc. (DAL) NVIDIA Corporation (NVDA) Tesla, Inc. (TSLA) [stock_market_widget","twitter:image":"https:\/\/trader-magazine.com\/wp-content\/uploads\/2024\/02\/stock-prices-charts-1024x607.jpeg"},"aioseo_meta_data":{"post_id":"53999","title":null,"description":null,"keywords":null,"keyphrases":{"focus":{"keyphrase":"","score":0,"analysis":{"keyphraseInTitle":{"score":0,"maxScore":9,"error":1}}},"additional":[]},"primary_term":null,"canonical_url":null,"og_title":null,"og_description":null,"og_object_type":"default","og_image_type":"default","og_image_url":null,"og_image_width":null,"og_image_height":null,"og_image_custom_url":null,"og_image_custom_fields":null,"og_video":"","og_custom_url":null,"og_article_section":null,"og_article_tags":null,"twitter_use_og":false,"twitter_card":"default","twitter_image_type":"default","twitter_image_url":null,"twitter_image_custom_url":null,"twitter_image_custom_fields":null,"twitter_title":null,"twitter_description":null,"schema":{"blockGraphs":[],"customGraphs":[],"default":{"data":{"Article":[],"Course":[],"Dataset":[],"FAQPage":[],"Movie":[],"Person":[],"Product":[],"ProductReview":[],"Car":[],"Recipe":[],"Service":[],"SoftwareApplication":[],"WebPage":[]},"graphName":"WebPage","isEnabled":true},"graphs":[]},"schema_type":"default","schema_type_options":null,"pillar_content":false,"robots_default":true,"robots_noindex":false,"robots_noarchive":false,"robots_nosnippet":false,"robots_nofollow":false,"robots_noimageindex":false,"robots_noodp":false,"robots_notranslate":false,"robots_max_snippet":"-1","robots_max_videopreview":"-1","robots_max_imagepreview":"large","priority":null,"frequency":"default","local_seo":null,"seo_analyzer_scan_date":"2026-01-20 13:58:30","breadcrumb_settings":null,"limit_modified_date":false,"reviewed_by":null,"open_ai":"{\"title\":{\"suggestions\":[],\"usage\":0},\"description\":{\"suggestions\":[],\"usage\":0}}","ai":{"faqs":[],"keyPoints":[],"titles":[],"descriptions":[],"socialPosts":{"email":[],"linkedin":[],"twitter":[],"facebook":[],"instagram":[]}},"created":"2024-02-28 11:30:42","updated":"2026-01-20 13:58:30"},"aioseo_breadcrumb":"<div class=\"aioseo-breadcrumbs\"><span class=\"aioseo-breadcrumb\">\n\t<a href=\"https:\/\/trader-magazine.com\/cs\/\" title=\"Home\">Home<\/a>\n<\/span><span class=\"aioseo-breadcrumb-separator\">&raquo;<\/span><span class=\"aioseo-breadcrumb\">\n\tTrhy\n<\/span><\/div>","aioseo_breadcrumb_json":[{"label":"Home","link":"https:\/\/trader-magazine.com\/cs\/"},{"label":"Trhy","link":"https:\/\/trader-magazine.com\/cs\/trhy\/"}],"_links":{"self":[{"href":"https:\/\/trader-magazine.com\/cs\/wp-json\/wp\/v2\/pages\/53999","targetHints":{"allow":["GET"]}}],"collection":[{"href":"https:\/\/trader-magazine.com\/cs\/wp-json\/wp\/v2\/pages"}],"about":[{"href":"https:\/\/trader-magazine.com\/cs\/wp-json\/wp\/v2\/types\/page"}],"author":[{"embeddable":true,"href":"https:\/\/trader-magazine.com\/cs\/wp-json\/wp\/v2\/users\/34"}],"replies":[{"embeddable":true,"href":"https:\/\/trader-magazine.com\/cs\/wp-json\/wp\/v2\/comments?post=53999"}],"version-history":[{"count":0,"href":"https:\/\/trader-magazine.com\/cs\/wp-json\/wp\/v2\/pages\/53999\/revisions"}],"wp:featuredmedia":[{"embeddable":true,"href":"https:\/\/trader-magazine.com\/cs\/wp-json\/wp\/v2\/media\/53453"}],"wp:attachment":[{"href":"https:\/\/trader-magazine.com\/cs\/wp-json\/wp\/v2\/media?parent=53999"}],"curies":[{"name":"wp","href":"https:\/\/api.w.org\/{rel}","templated":true}]}}