{"id":20467,"date":"2021-02-04T16:24:44","date_gmt":"2021-02-04T15:24:44","guid":{"rendered":"https:\/\/trader-magazine.com\/?page_id=20467"},"modified":"2023-04-05T08:25:41","modified_gmt":"2023-04-05T06:25:41","slug":"gdpr","status":"publish","type":"page","link":"https:\/\/trader-magazine.com\/cs\/gdpr\/","title":{"rendered":"GDPR"},"content":{"rendered":"<p><em>chrana va\u0161ich osobn\u00edch \u00fadaj\u016f prob\u00edh\u00e1 v souladu s Obecn\u00fdm na\u0159\u00edzen\u00edm o ochran\u011b osobn\u00edch \u00fadaj\u016f \u2013 Na\u0159\u00edzen\u00edm Evropsk\u00e9ho parlamentu a rady (EU) 2016\/679 ze dne 27.4.2016. \u00dadaje o v\u00e1s nebudou nikdy poskytnuty t\u0159et\u00ed stran\u011b.<\/em><\/p>\n<p><strong>Z\u00e1kladn\u00ed principy ochrany osobn\u00edch \u00fadaj\u016f<\/strong><\/p>\n<ol>\n<li>Nept\u00e1me se na osobn\u00ed informace, pokud je skute\u010dn\u011b nepot\u0159ebujeme.<\/li>\n<li>Nesd\u00edl\u00edme va\u0161e osobn\u00ed informace s nik\u00fdm dal\u0161\u00edm, krom\u011b p\u0159\u00edpad\u016f t\u00fdkaj\u00edc\u00edch se z\u00e1kona nebo ochrany na\u0161ich pr\u00e1v.<\/li>\n<li>Neukl\u00e1d\u00e1me osobn\u00ed informace na na\u0161ich serverech, leda\u017ee se jedn\u00e1 o prob\u00edhaj\u00edc\u00ed vyu\u017e\u00edv\u00e1n\u00ed na\u0161ich slu\u017eeb.<\/li>\n<\/ol>\n<p><strong>Rozsah zpracov\u00e1n\u00ed osobn\u00edch \u00fadaj\u016f<\/strong><\/p>\n<p>Va\u0161e osobn\u00ed \u00fadaje z\u00edsk\u00e1v\u00e1me, kdy\u017e:<\/p>\n<ul>\n<li>proch\u00e1z\u00edte n\u00e1\u0161 port\u00e1l<\/li>\n<li>p\u0159id\u00e1v\u00e1te k p\u0159\u00edsp\u011bvku koment\u00e1\u0159<\/li>\n<li>n\u00e1m \u00fadaje sami poskytnete e-mailem, telefonicky nebo jin\u00fdm zp\u016fsobem<\/li>\n<\/ul>\n<p><strong>Zpracov\u00e1v\u00e1me n\u00e1sleduj\u00edc\u00ed \u00fadaje<\/strong><\/p>\n<ul>\n<li>jm\u00e9no a p\u0159\u00edjmen\u00ed<\/li>\n<li>e-mailov\u00e1 adresa<\/li>\n<li>IP adresa<\/li>\n<li>identifikace prohl\u00ed\u017ee\u010de, opera\u010dn\u00edho syst\u00e9mu a dal\u0161\u00ed informace pro anal\u00fdzu n\u00e1v\u0161t\u011bvnosti<\/li>\n<li>cookies<\/li>\n<\/ul>\n<p><strong>\u00da\u010dely zpracov\u00e1n\u00ed a jejich pr\u00e1vn\u00ed z\u00e1klad<\/strong><\/p>\n<p>KOMENT\u00c1\u0158E<\/p>\n<p>Kdy\u017e n\u00e1v\u0161t\u011bvn\u00edci p\u0159idaj\u00ed koment\u00e1\u0159 na tento web, jsou shroma\u017e\u010fov\u00e1ny \u00fadaje zobrazen\u00e9 ve formul\u00e1\u0159i pro koment\u00e1\u0159, d\u00e1le IP adresa n\u00e1v\u0161t\u011bvn\u00edka a \u0159et\u011bzec user agent definuj\u00edc\u00ed prohl\u00ed\u017ee\u010d, co\u017e pom\u00e1h\u00e1 k detekci spamu.<\/p>\n<p>Slu\u017eb\u011b Gravatar m\u016f\u017ee b\u00fdt poskytnut anonymn\u00ed \u0159et\u011bzec (naz\u00fdvan\u00fd tak\u00e9 hash), d\u00edky kter\u00e9mu lze ur\u010dit jestli tuto slu\u017ebu pou\u017e\u00edv\u00e1te. Z\u00e1sady ochrany osobn\u00edch \u00fadaj\u016f slu\u017eby Gravatar jsou k dispozici zde: https:\/\/automattic.com\/privacy\/. Po schv\u00e1len\u00ed va\u0161eho koment\u00e1\u0159e je v\u00e1\u0161 profilov\u00fd obr\u00e1zek viditeln\u00fd pro ve\u0159ejnost v kontextu va\u0161eho koment\u00e1\u0159e.<\/p>\n<p>Koment\u00e1\u0159e n\u00e1v\u0161t\u011bvn\u00edk\u016f mohou b\u00fdt kontrolov\u00e1ny prost\u0159ednictv\u00edm automatizovan\u00e9 slu\u017eby detekce spamu, kter\u00e1 m\u016f\u017ee b\u00fdt um\u00edst\u011bna v zahrani\u010d\u00ed. Z\u00e1sady ochrany osobn\u00edch \u00fadaj\u016f slu\u017eby Akismet anti-spam najdete zde: https:\/\/akismet.com\/privacy\/.<\/p>\n<p>COOKIES<\/p>\n<p>Pokud na na\u0161e str\u00e1nky p\u0159id\u00e1te koment\u00e1\u0159, m\u016f\u017eete povolit ulo\u017een\u00ed metadat do cookies. T\u00edmto zp\u016fsobem se sna\u017e\u00edme zv\u00fd\u0161it v\u00e1\u0161 komfort, kdy\u017e budete ps\u00e1t nov\u00fd koment\u00e1\u0159 u\u017e pak nebudete muset tyto \u00fadaje znovu vypl\u0148ovat. Tyto soubory cookies budou m\u00edt \u017eivotnost jeden rok.<\/p>\n<p>Pokud m\u00e1te \u00fa\u010det a p\u0159ihla\u0161ujete se k tomuto webu, nastav\u00edme do\u010dasn\u00e9 cookie pro ov\u011b\u0159en\u00ed, zda v\u00e1\u0161 prohl\u00ed\u017ee\u010d p\u0159ij\u00edm\u00e1 soubory cookies. Tento soubor cookie neobsahuje \u017e\u00e1dn\u00e9 osobn\u00ed data a p\u0159i zav\u0159en\u00ed prohl\u00ed\u017ee\u010de se zru\u0161\u00ed. P\u0159i p\u0159ihla\u0161ov\u00e1n\u00ed v\u00e1m nastav\u00edme tak\u00e9 n\u011bkolik soubor\u016f cookies pro ulo\u017een\u00ed va\u0161ich p\u0159ihla\u0161ovac\u00edch \u00fadaj\u016f a pro nastaven\u00ed zobrazen\u00ed obrazovky. P\u0159ihla\u0161ovac\u00ed soubory cookies maj\u00ed \u017eivotnost dva dny a cookies pro nastaven\u00ed zobrazen\u00ed maj\u00ed \u017eivotnost jeden rok. Pokud potvrd\u00edte mo\u017enost \u201eZapamatovat si m\u011b\u201c, va\u0161e p\u0159ihl\u00e1\u0161en\u00ed bude trvat dva t\u00fddny. Pokud se ze sv\u00e9ho \u00fa\u010dtu odhl\u00e1s\u00edte, p\u0159ihla\u0161ovac\u00ed cookies budou odstran\u011bny. Pokud upravujete nebo publikujete \u010dl\u00e1nek, bude ve va\u0161em prohl\u00ed\u017ee\u010di ulo\u017een dal\u0161\u00ed cookie. Tento cookie neobsahuje \u017e\u00e1dn\u00e9 osobn\u00ed data a jednodu\u0161e ozna\u010duje ID p\u0159\u00edsp\u011bvku, kter\u00fd jste pr\u00e1v\u011b upravili. Jeho platnost vypr\u0161\u00ed po 1 dni. Standardn\u00ed webov\u00e9 prohl\u00ed\u017ee\u010de (Internet Explorer, Mozilla Firefox, Google Chrome apod.) podporuj\u00ed spr\u00e1vu cookies. V r\u00e1mci nastaven\u00ed prohl\u00ed\u017ee\u010d\u016f m\u016f\u017eete jednotliv\u00e9 cookie ru\u010dn\u011b mazat, blokovat \u010di zcela zak\u00e1zat jejich pou\u017eit\u00ed, lze je tak\u00e9 blokovat nebo povolit jen pro jednotliv\u00e9 internetov\u00e9 str\u00e1nky. Pro detailn\u011bj\u0161\u00ed informace pros\u00edm pou\u017eijte n\u00e1pov\u011bdu va\u0161eho prohl\u00ed\u017ee\u010de. Pokud bude m\u00edt v\u00e1\u0161 prohl\u00ed\u017ee\u010d pou\u017eit\u00ed cookies povoleno, budeme vych\u00e1zet z toho, \u017ee souhlas\u00edte s vyu\u017e\u00edv\u00e1n\u00edm standardn\u00edch cookies ze strany na\u0161eho serveru.<\/p>\n<p>Deaktivace cookies v r\u016fzn\u00fdch prohl\u00ed\u017ee\u010d\u00edch<\/p>\n<ul>\n<li>Chrome: support.google.com<\/li>\n<li>Firefox: support.mozilla.org<\/li>\n<li>Opera: help.opera.com<\/li>\n<li>Safari: support.apple.com<\/li>\n<\/ul>\n<p>VLO\u017dEN\u00dd OBSAH Z DAL\u0160\u00cdCH WEB\u016e<\/p>\n<p>P\u0159\u00edsp\u011bvky na t\u011bchto str\u00e1nk\u00e1ch mohou obsahovat vlo\u017een\u00fd obsah (nap\u0159\u00edklad videa, obr\u00e1zky, widgety, grafy atd.). Vlo\u017een\u00fd obsah z jin\u00fdch webov\u00fdch str\u00e1nek se chov\u00e1 stejn\u00fdm zp\u016fsobem, jako kdyby n\u00e1v\u0161t\u011bvn\u00edk nav\u0161t\u00edvil jin\u00fd web. Tyto webov\u00e9 str\u00e1nky mohou shroma\u017e\u010fovat data o v\u00e1s, pou\u017e\u00edvat soubory cookies, vkl\u00e1dat dal\u0161\u00ed sledov\u00e1n\u00ed od t\u0159et\u00edch stran a sledovat va\u0161i interakci s t\u00edmto vlo\u017een\u00fdm obsahem, v\u010detn\u011b sledov\u00e1n\u00ed interakce s vlo\u017een\u00fdm obsahem, pokud m\u00e1te \u00fa\u010det a jste p\u0159ihl\u00e1\u0161eni na danou webovou str\u00e1nku.<\/p>\n<p>ANALYTIKA<\/p>\n<p>Vyu\u017e\u00edv\u00e1me slu\u017eeb Google Analytics pro anonymn\u00ed anal\u00fdzu chov\u00e1n\u00ed u\u017eivatel\u016f na\u0161ich webov\u00fdch str\u00e1nek, abychom mohli naj\u00edt a opravit chyby v u\u017eivatelsk\u00e9m rozhran\u00ed. Tato aplikace m\u016f\u017ee vyu\u017e\u00edvat cookies k mapov\u00e1n\u00ed va\u0161eho pohybu na na\u0161ich webov\u00fdch str\u00e1nk\u00e1ch. V\u00edce informac\u00ed naleznete na str\u00e1nk\u00e1ch slu\u017eby https:\/\/www.google.com\/analytics\/learn\/privacy.html?hl=cs.<\/p>\n<p>Pokud p\u0159id\u00e1te koment\u00e1\u0159, koment\u00e1\u0159 a jeho metadata budou uchov\u00e1v\u00e1na po dobu neur\u010ditou. \u00dadaje jsou uchov\u00e1v\u00e1ny za \u00fa\u010delem automatick\u00e9ho rozpozn\u00e1n\u00ed a schv\u00e1len\u00ed v\u0161ech n\u00e1sledn\u00fdch koment\u00e1\u0159\u016f, m\u00edsto jejich dr\u017een\u00ed ve front\u011b moderov\u00e1n\u00ed.<\/p>\n<p>Pro registrovan\u00e9 u\u017eivatel\u00e9 ukl\u00e1d\u00e1me tak\u00e9 osobn\u00ed \u00fadaje, kter\u00e9 uv\u00e1d\u011bj\u00ed ve sv\u00e9m u\u017eivatelsk\u00e9m profilu. V\u0161ichni u\u017eivatel\u00e9 mohou kdykoliv vid\u011bt, upravovat nebo smazat sv\u00e9 osobn\u00ed \u00fadaje (s v\u00fdjimkou toho, \u017ee nemohou zm\u011bnit sv\u00e9 u\u017eivatelsk\u00e9 jm\u00e9no). Administr\u00e1to\u0159i webu mohou tak\u00e9 tyto informace zobrazit a upravovat.<\/p>\n<p>Jak\u00e1 m\u00e1te pr\u00e1va?<\/p>\n<p>Pokud m\u00e1te na tomto webu \u00fa\u010det nebo jste zde p\u0159idali koment\u00e1\u0159e, m\u016f\u017eete po\u017e\u00e1dat o obdr\u017een\u00ed souboru s exportem osobn\u00edch \u00fadaj\u016f, kter\u00e9 o v\u00e1s uchov\u00e1v\u00e1me, v\u010detn\u011b v\u0161ech \u00fadaj\u016f, kter\u00e9 jste n\u00e1m poskytli. M\u016f\u017eete tak\u00e9 po\u017e\u00e1dat o odstran\u011bn\u00ed ve\u0161ker\u00fdch osobn\u00edch \u00fadaj\u016f, kter\u00e9 o v\u00e1s uchov\u00e1v\u00e1me. Tato mo\u017enost nezahrnuje \u00fadaje, kter\u00e9 jsme povinni uchov\u00e1vat z administrativn\u00edch, pr\u00e1vn\u00edch nebo bezpe\u010dnostn\u00edch d\u016fvod\u016f.<\/p>\n<p>Pokud m\u00e1te ot\u00e1zku ohledn\u011b p\u0159\u00edstupu nebo oprav\u011b va\u0161ich osobn\u00edch dat, pros\u00edm, kontaktujte n\u00e1s: <a href=\"mailto:info@trader-magazine.com\">info@trader-magazine.com<\/a><\/p>\n","protected":false},"excerpt":{"rendered":"<p>chrana va\u0161ich osobn\u00edch \u00fadaj\u016f prob\u00edh\u00e1 v souladu s Obecn\u00fdm na\u0159\u00edzen\u00edm o ochran\u011b osobn\u00edch \u00fadaj\u016f \u2013 Na\u0159\u00edzen\u00edm Evropsk\u00e9ho parlamentu a rady (EU) 2016\/679 ze dne 27.4.2016. \u00dadaje o v\u00e1s nebudou nikdy poskytnuty t\u0159et\u00ed stran\u011b. Z\u00e1kladn\u00ed principy ochrany osobn\u00edch \u00fadaj\u016f Nept\u00e1me se na osobn\u00ed informace, pokud je skute\u010dn\u011b nepot\u0159ebujeme. Nesd\u00edl\u00edme va\u0161e osobn\u00ed informace s nik\u00fdm dal\u0161\u00edm, krom\u011b [&hellip;]<\/p>\n","protected":false},"author":29,"featured_media":0,"parent":0,"menu_order":0,"comment_status":"closed","ping_status":"closed","template":"","meta":{"yasr_overall_rating":0,"yasr_post_is_review":"","yasr_auto_insert_disabled":"","yasr_review_type":"","footnotes":""},"class_list":["post-20467","page","type-page","status-publish"],"aioseo_notices":[],"yasr_visitor_votes":{"stars_attributes":{"read_only":false,"span_bottom":false},"number_of_votes":0,"sum_votes":0},"aioseo_head":"\n\t\t<!-- All in One SEO Pro 4.9.5.2 - aioseo.com -->\n\t<meta name=\"description\" content=\"chrana va\u0161ich osobn\u00edch \u00fadaj\u016f prob\u00edh\u00e1 v souladu s Obecn\u00fdm na\u0159\u00edzen\u00edm o ochran\u011b osobn\u00edch \u00fadaj\u016f \u2013 Na\u0159\u00edzen\u00edm Evropsk\u00e9ho parlamentu a rady (EU) 2016\/679 ze dne 27.4.2016. \u00dadaje o v\u00e1s nebudou nikdy poskytnuty t\u0159et\u00ed stran\u011b. Z\u00e1kladn\u00ed principy ochrany osobn\u00edch \u00fadaj\u016f Nept\u00e1me se na osobn\u00ed informace, pokud je skute\u010dn\u011b nepot\u0159ebujeme. Nesd\u00edl\u00edme va\u0161e osobn\u00ed informace s nik\u00fdm dal\u0161\u00edm, krom\u011b\" \/>\n\t<meta name=\"robots\" content=\"max-image-preview:large\" \/>\n\t<link rel=\"canonical\" href=\"https:\/\/trader-magazine.com\/cs\/gdpr\/\" \/>\n\t<meta name=\"generator\" content=\"All in One SEO Pro (AIOSEO) 4.9.5.2\" \/>\n\t\t<meta property=\"og:locale\" content=\"cs_CZ\" \/>\n\t\t<meta property=\"og:site_name\" content=\"ForexMag\" \/>\n\t\t<meta property=\"og:type\" content=\"article\" \/>\n\t\t<meta property=\"og:title\" content=\"GDPR | Trader Magazine\" \/>\n\t\t<meta property=\"og:description\" content=\"chrana va\u0161ich osobn\u00edch \u00fadaj\u016f prob\u00edh\u00e1 v souladu s Obecn\u00fdm na\u0159\u00edzen\u00edm o ochran\u011b osobn\u00edch \u00fadaj\u016f \u2013 Na\u0159\u00edzen\u00edm Evropsk\u00e9ho parlamentu a rady (EU) 2016\/679 ze dne 27.4.2016. \u00dadaje o v\u00e1s nebudou nikdy poskytnuty t\u0159et\u00ed stran\u011b. Z\u00e1kladn\u00ed principy ochrany osobn\u00edch \u00fadaj\u016f Nept\u00e1me se na osobn\u00ed informace, pokud je skute\u010dn\u011b nepot\u0159ebujeme. Nesd\u00edl\u00edme va\u0161e osobn\u00ed informace s nik\u00fdm dal\u0161\u00edm, krom\u011b\" \/>\n\t\t<meta property=\"og:url\" content=\"https:\/\/trader-magazine.com\/cs\/gdpr\/\" \/>\n\t\t<meta property=\"article:published_time\" content=\"2021-02-04T15:24:44+00:00\" \/>\n\t\t<meta property=\"article:modified_time\" content=\"2023-04-05T06:25:41+00:00\" \/>\n\t\t<meta name=\"twitter:card\" content=\"summary\" \/>\n\t\t<meta name=\"twitter:title\" content=\"GDPR | Trader Magazine\" \/>\n\t\t<meta name=\"twitter:description\" content=\"chrana va\u0161ich osobn\u00edch \u00fadaj\u016f prob\u00edh\u00e1 v souladu s Obecn\u00fdm na\u0159\u00edzen\u00edm o ochran\u011b osobn\u00edch \u00fadaj\u016f \u2013 Na\u0159\u00edzen\u00edm Evropsk\u00e9ho parlamentu a rady (EU) 2016\/679 ze dne 27.4.2016. \u00dadaje o v\u00e1s nebudou nikdy poskytnuty t\u0159et\u00ed stran\u011b. Z\u00e1kladn\u00ed principy ochrany osobn\u00edch \u00fadaj\u016f Nept\u00e1me se na osobn\u00ed informace, pokud je skute\u010dn\u011b nepot\u0159ebujeme. Nesd\u00edl\u00edme va\u0161e osobn\u00ed informace s nik\u00fdm dal\u0161\u00edm, krom\u011b\" \/>\n\t\t<script type=\"application\/ld+json\" class=\"aioseo-schema\">\n\t\t\t{\"@context\":\"https:\\\/\\\/schema.org\",\"@graph\":[{\"@type\":\"BreadcrumbList\",\"@id\":\"https:\\\/\\\/trader-magazine.com\\\/cs\\\/gdpr\\\/#breadcrumblist\",\"itemListElement\":[{\"@type\":\"ListItem\",\"@id\":\"https:\\\/\\\/trader-magazine.com\\\/cs\\\/#listItem\",\"position\":1,\"name\":\"Home\",\"item\":\"https:\\\/\\\/trader-magazine.com\\\/cs\\\/\",\"nextItem\":{\"@type\":\"ListItem\",\"@id\":\"https:\\\/\\\/trader-magazine.com\\\/cs\\\/gdpr\\\/#listItem\",\"name\":\"GDPR\"}},{\"@type\":\"ListItem\",\"@id\":\"https:\\\/\\\/trader-magazine.com\\\/cs\\\/gdpr\\\/#listItem\",\"position\":2,\"name\":\"GDPR\",\"previousItem\":{\"@type\":\"ListItem\",\"@id\":\"https:\\\/\\\/trader-magazine.com\\\/cs\\\/#listItem\",\"name\":\"Home\"}}]},{\"@type\":\"Organization\",\"@id\":\"https:\\\/\\\/trader-magazine.com\\\/cs\\\/#organization\",\"name\":\"Trader-Magazine.com\",\"description\":\"Mezin\\u00e1rodn\\u00ed port\\u00e1l finan\\u010dn\\u00edho vzd\\u011bl\\u00e1v\\u00e1n\\u00ed se zam\\u011b\\u0159en\\u00edm na investice. V sou\\u010dasn\\u00e9 dob\\u011b vych\\u00e1z\\u00ed v 6 jazykov\\u00fdch verz\\u00edch a p\\u0159in\\u00e1\\u0161\\u00ed denn\\u011b aktualizovan\\u00e9 zpr\\u00e1vy, recenze, varov\\u00e1n\\u00ed a vzd\\u011bl\\u00e1vac\\u00ed \\u010dl\\u00e1nky relevantn\\u00ed pro investory z cel\\u00e9ho sv\\u011bta.\",\"url\":\"https:\\\/\\\/trader-magazine.com\\\/cs\\\/\",\"email\":\"info@trader-magazine.com\",\"logo\":{\"@type\":\"ImageObject\",\"url\":\"https:\\\/\\\/trader-magazine.com\\\/wp-content\\\/uploads\\\/2026\\\/01\\\/logo_logo4-B-kopie.png\",\"@id\":\"https:\\\/\\\/trader-magazine.com\\\/cs\\\/gdpr\\\/#organizationLogo\",\"width\":1586,\"height\":555},\"image\":{\"@id\":\"https:\\\/\\\/trader-magazine.com\\\/cs\\\/gdpr\\\/#organizationLogo\"}},{\"@type\":\"WebPage\",\"@id\":\"https:\\\/\\\/trader-magazine.com\\\/cs\\\/gdpr\\\/#webpage\",\"url\":\"https:\\\/\\\/trader-magazine.com\\\/cs\\\/gdpr\\\/\",\"name\":\"GDPR | Trader Magazine\",\"description\":\"chrana va\\u0161ich osobn\\u00edch \\u00fadaj\\u016f prob\\u00edh\\u00e1 v souladu s Obecn\\u00fdm na\\u0159\\u00edzen\\u00edm o ochran\\u011b osobn\\u00edch \\u00fadaj\\u016f \\u2013 Na\\u0159\\u00edzen\\u00edm Evropsk\\u00e9ho parlamentu a rady (EU) 2016\\\/679 ze dne 27.4.2016. \\u00dadaje o v\\u00e1s nebudou nikdy poskytnuty t\\u0159et\\u00ed stran\\u011b. Z\\u00e1kladn\\u00ed principy ochrany osobn\\u00edch \\u00fadaj\\u016f Nept\\u00e1me se na osobn\\u00ed informace, pokud je skute\\u010dn\\u011b nepot\\u0159ebujeme. Nesd\\u00edl\\u00edme va\\u0161e osobn\\u00ed informace s nik\\u00fdm dal\\u0161\\u00edm, krom\\u011b\",\"inLanguage\":\"cs-CZ\",\"isPartOf\":{\"@id\":\"https:\\\/\\\/trader-magazine.com\\\/cs\\\/#website\"},\"breadcrumb\":{\"@id\":\"https:\\\/\\\/trader-magazine.com\\\/cs\\\/gdpr\\\/#breadcrumblist\"},\"datePublished\":\"2021-02-04T16:24:44+01:00\",\"dateModified\":\"2023-04-05T08:25:41+02:00\"},{\"@type\":\"WebSite\",\"@id\":\"https:\\\/\\\/trader-magazine.com\\\/cs\\\/#website\",\"url\":\"https:\\\/\\\/trader-magazine.com\\\/cs\\\/\",\"name\":\"Trader Magazine\",\"description\":\"Online magazine about events in the world of investments, Forex and Finacials\",\"inLanguage\":\"cs-CZ\",\"publisher\":{\"@id\":\"https:\\\/\\\/trader-magazine.com\\\/cs\\\/#organization\"}}]}\n\t\t<\/script>\n\t\t<!-- All in One SEO Pro -->\r\n\t\t<title>GDPR | Trader Magazine<\/title>\n\n","aioseo_head_json":{"title":"GDPR | Trader Magazine","description":"chrana va\u0161ich osobn\u00edch \u00fadaj\u016f prob\u00edh\u00e1 v souladu s Obecn\u00fdm na\u0159\u00edzen\u00edm o ochran\u011b osobn\u00edch \u00fadaj\u016f \u2013 Na\u0159\u00edzen\u00edm Evropsk\u00e9ho parlamentu a rady (EU) 2016\/679 ze dne 27.4.2016. \u00dadaje o v\u00e1s nebudou nikdy poskytnuty t\u0159et\u00ed stran\u011b. Z\u00e1kladn\u00ed principy ochrany osobn\u00edch \u00fadaj\u016f Nept\u00e1me se na osobn\u00ed informace, pokud je skute\u010dn\u011b nepot\u0159ebujeme. Nesd\u00edl\u00edme va\u0161e osobn\u00ed informace s nik\u00fdm dal\u0161\u00edm, krom\u011b","canonical_url":"https:\/\/trader-magazine.com\/cs\/gdpr\/","robots":"max-image-preview:large","keywords":"","webmasterTools":{"miscellaneous":""},"schema":{"@context":"https:\/\/schema.org","@graph":[{"@type":"BreadcrumbList","@id":"https:\/\/trader-magazine.com\/cs\/gdpr\/#breadcrumblist","itemListElement":[{"@type":"ListItem","@id":"https:\/\/trader-magazine.com\/cs\/#listItem","position":1,"name":"Home","item":"https:\/\/trader-magazine.com\/cs\/","nextItem":{"@type":"ListItem","@id":"https:\/\/trader-magazine.com\/cs\/gdpr\/#listItem","name":"GDPR"}},{"@type":"ListItem","@id":"https:\/\/trader-magazine.com\/cs\/gdpr\/#listItem","position":2,"name":"GDPR","previousItem":{"@type":"ListItem","@id":"https:\/\/trader-magazine.com\/cs\/#listItem","name":"Home"}}]},{"@type":"Organization","@id":"https:\/\/trader-magazine.com\/cs\/#organization","name":"Trader-Magazine.com","description":"Mezin\u00e1rodn\u00ed port\u00e1l finan\u010dn\u00edho vzd\u011bl\u00e1v\u00e1n\u00ed se zam\u011b\u0159en\u00edm na investice. V sou\u010dasn\u00e9 dob\u011b vych\u00e1z\u00ed v 6 jazykov\u00fdch verz\u00edch a p\u0159in\u00e1\u0161\u00ed denn\u011b aktualizovan\u00e9 zpr\u00e1vy, recenze, varov\u00e1n\u00ed a vzd\u011bl\u00e1vac\u00ed \u010dl\u00e1nky relevantn\u00ed pro investory z cel\u00e9ho sv\u011bta.","url":"https:\/\/trader-magazine.com\/cs\/","email":"info@trader-magazine.com","logo":{"@type":"ImageObject","url":"https:\/\/trader-magazine.com\/wp-content\/uploads\/2026\/01\/logo_logo4-B-kopie.png","@id":"https:\/\/trader-magazine.com\/cs\/gdpr\/#organizationLogo","width":1586,"height":555},"image":{"@id":"https:\/\/trader-magazine.com\/cs\/gdpr\/#organizationLogo"}},{"@type":"WebPage","@id":"https:\/\/trader-magazine.com\/cs\/gdpr\/#webpage","url":"https:\/\/trader-magazine.com\/cs\/gdpr\/","name":"GDPR | Trader Magazine","description":"chrana va\u0161ich osobn\u00edch \u00fadaj\u016f prob\u00edh\u00e1 v souladu s Obecn\u00fdm na\u0159\u00edzen\u00edm o ochran\u011b osobn\u00edch \u00fadaj\u016f \u2013 Na\u0159\u00edzen\u00edm Evropsk\u00e9ho parlamentu a rady (EU) 2016\/679 ze dne 27.4.2016. \u00dadaje o v\u00e1s nebudou nikdy poskytnuty t\u0159et\u00ed stran\u011b. Z\u00e1kladn\u00ed principy ochrany osobn\u00edch \u00fadaj\u016f Nept\u00e1me se na osobn\u00ed informace, pokud je skute\u010dn\u011b nepot\u0159ebujeme. Nesd\u00edl\u00edme va\u0161e osobn\u00ed informace s nik\u00fdm dal\u0161\u00edm, krom\u011b","inLanguage":"cs-CZ","isPartOf":{"@id":"https:\/\/trader-magazine.com\/cs\/#website"},"breadcrumb":{"@id":"https:\/\/trader-magazine.com\/cs\/gdpr\/#breadcrumblist"},"datePublished":"2021-02-04T16:24:44+01:00","dateModified":"2023-04-05T08:25:41+02:00"},{"@type":"WebSite","@id":"https:\/\/trader-magazine.com\/cs\/#website","url":"https:\/\/trader-magazine.com\/cs\/","name":"Trader Magazine","description":"Online magazine about events in the world of investments, Forex and Finacials","inLanguage":"cs-CZ","publisher":{"@id":"https:\/\/trader-magazine.com\/cs\/#organization"}}]},"og:locale":"cs_CZ","og:site_name":"ForexMag","og:type":"article","og:title":"GDPR | Trader Magazine","og:description":"chrana va\u0161ich osobn\u00edch \u00fadaj\u016f prob\u00edh\u00e1 v souladu s Obecn\u00fdm na\u0159\u00edzen\u00edm o ochran\u011b osobn\u00edch \u00fadaj\u016f \u2013 Na\u0159\u00edzen\u00edm Evropsk\u00e9ho parlamentu a rady (EU) 2016\/679 ze dne 27.4.2016. \u00dadaje o v\u00e1s nebudou nikdy poskytnuty t\u0159et\u00ed stran\u011b. Z\u00e1kladn\u00ed principy ochrany osobn\u00edch \u00fadaj\u016f Nept\u00e1me se na osobn\u00ed informace, pokud je skute\u010dn\u011b nepot\u0159ebujeme. Nesd\u00edl\u00edme va\u0161e osobn\u00ed informace s nik\u00fdm dal\u0161\u00edm, krom\u011b","og:url":"https:\/\/trader-magazine.com\/cs\/gdpr\/","article:published_time":"2021-02-04T15:24:44+00:00","article:modified_time":"2023-04-05T06:25:41+00:00","twitter:card":"summary","twitter:title":"GDPR | Trader Magazine","twitter:description":"chrana va\u0161ich osobn\u00edch \u00fadaj\u016f prob\u00edh\u00e1 v souladu s Obecn\u00fdm na\u0159\u00edzen\u00edm o ochran\u011b osobn\u00edch \u00fadaj\u016f \u2013 Na\u0159\u00edzen\u00edm Evropsk\u00e9ho parlamentu a rady (EU) 2016\/679 ze dne 27.4.2016. \u00dadaje o v\u00e1s nebudou nikdy poskytnuty t\u0159et\u00ed stran\u011b. Z\u00e1kladn\u00ed principy ochrany osobn\u00edch \u00fadaj\u016f Nept\u00e1me se na osobn\u00ed informace, pokud je skute\u010dn\u011b nepot\u0159ebujeme. Nesd\u00edl\u00edme va\u0161e osobn\u00ed informace s nik\u00fdm dal\u0161\u00edm, krom\u011b"},"aioseo_meta_data":{"post_id":"20467","title":null,"description":null,"keywords":[],"keyphrases":{"focus":{"keyphrase":"","score":0,"analysis":{"keyphraseInTitle":{"score":0,"maxScore":9,"error":1}}},"additional":[]},"primary_term":null,"canonical_url":null,"og_title":null,"og_description":null,"og_object_type":"default","og_image_type":"default","og_image_url":null,"og_image_width":null,"og_image_height":null,"og_image_custom_url":null,"og_image_custom_fields":null,"og_video":"","og_custom_url":null,"og_article_section":null,"og_article_tags":[],"twitter_use_og":false,"twitter_card":"default","twitter_image_type":"default","twitter_image_url":null,"twitter_image_custom_url":null,"twitter_image_custom_fields":null,"twitter_title":null,"twitter_description":null,"schema":{"blockGraphs":[],"customGraphs":[],"default":{"data":{"Article":[],"Course":[],"Dataset":[],"FAQPage":[],"Movie":[],"Person":[],"Product":[],"ProductReview":[],"Car":[],"Recipe":[],"Service":[],"SoftwareApplication":[],"WebPage":[]},"graphName":"WebPage","isEnabled":true},"graphs":[]},"schema_type":"default","schema_type_options":null,"pillar_content":false,"robots_default":true,"robots_noindex":false,"robots_noarchive":false,"robots_nosnippet":false,"robots_nofollow":false,"robots_noimageindex":false,"robots_noodp":false,"robots_notranslate":false,"robots_max_snippet":"-1","robots_max_videopreview":"-1","robots_max_imagepreview":"large","priority":null,"frequency":"default","local_seo":null,"seo_analyzer_scan_date":"2025-10-12 12:00:17","breadcrumb_settings":null,"limit_modified_date":false,"reviewed_by":null,"open_ai":"{\"title\":{\"suggestions\":[],\"usage\":0},\"description\":{\"suggestions\":[],\"usage\":0}}","ai":null,"created":"2021-11-16 10:11:33","updated":"2025-10-12 12:00:17"},"aioseo_breadcrumb":"<div class=\"aioseo-breadcrumbs\"><span class=\"aioseo-breadcrumb\">\n\t<a href=\"https:\/\/trader-magazine.com\/cs\/\" title=\"Home\">Home<\/a>\n<\/span><span class=\"aioseo-breadcrumb-separator\">&raquo;<\/span><span class=\"aioseo-breadcrumb\">\n\tGDPR\n<\/span><\/div>","aioseo_breadcrumb_json":[{"label":"Home","link":"https:\/\/trader-magazine.com\/cs\/"},{"label":"GDPR","link":"https:\/\/trader-magazine.com\/cs\/gdpr\/"}],"_links":{"self":[{"href":"https:\/\/trader-magazine.com\/cs\/wp-json\/wp\/v2\/pages\/20467","targetHints":{"allow":["GET"]}}],"collection":[{"href":"https:\/\/trader-magazine.com\/cs\/wp-json\/wp\/v2\/pages"}],"about":[{"href":"https:\/\/trader-magazine.com\/cs\/wp-json\/wp\/v2\/types\/page"}],"author":[{"embeddable":true,"href":"https:\/\/trader-magazine.com\/cs\/wp-json\/wp\/v2\/users\/29"}],"replies":[{"embeddable":true,"href":"https:\/\/trader-magazine.com\/cs\/wp-json\/wp\/v2\/comments?post=20467"}],"version-history":[{"count":0,"href":"https:\/\/trader-magazine.com\/cs\/wp-json\/wp\/v2\/pages\/20467\/revisions"}],"wp:attachment":[{"href":"https:\/\/trader-magazine.com\/cs\/wp-json\/wp\/v2\/media?parent=20467"}],"curies":[{"name":"wp","href":"https:\/\/api.w.org\/{rel}","templated":true}]}}