{"id":18295,"date":"2020-11-23T20:26:23","date_gmt":"2020-11-23T19:26:23","guid":{"rendered":"https:\/\/trader-magazine.com\/?page_id=18295"},"modified":"2022-11-14T13:23:16","modified_gmt":"2022-11-14T12:23:16","slug":"ox-czechia-s-r-o","status":"publish","type":"page","link":"https:\/\/trader-magazine.com\/cs\/ox-czechia-s-r-o\/","title":{"rendered":"OX Czechia s.r.o."},"content":{"rendered":"<figure id=\"attachment_18296\" aria-describedby=\"caption-attachment-18296\" style=\"width: 202px\" class=\"wp-caption alignnone\"><img loading=\"lazy\" decoding=\"async\" class=\"wp-image-18296 size-full\" src=\"https:\/\/trader-magazine.com\/wp-content\/uploads\/2020\/11\/OX-Czechia-logo.png\" alt=\"Logo spole\u010dnosti OX Czechia s.r.o.\" width=\"202\" height=\"138\" \/><figcaption id=\"caption-attachment-18296\" class=\"wp-caption-text\">Logo spole\u010dnosti OX Czechia s.r.o.<\/figcaption><\/figure>\n<h2>N\u00e1zev: OX Czechia s.r.o. (OX)<\/h2>\n<h2>Adresa:<\/h2>\n<p>Tu\u0159anka 115a<br \/>\n627 00 Brno<\/p>\n<h2>M\u00e9dia<\/h2>\n<ul>\n<li><a href=\"https:\/\/www.oxczechia.cz\/\">Webov\u00e9 str\u00e1nky<\/a><\/li>\n<li><a href=\"https:\/\/warengo.com\/@oxczechia\">Warengo<\/a><\/li>\n<\/ul>\n<div class=\"mceTemp\"><\/div>\n<figure id=\"attachment_18344\" aria-describedby=\"caption-attachment-18344\" style=\"width: 1024px\" class=\"wp-caption aligncenter\"><img loading=\"lazy\" decoding=\"async\" class=\"wp-image-18344 size-full\" src=\"https:\/\/trader-magazine.com\/wp-content\/uploads\/2020\/11\/\u00davodn\u00ed-webov\u00e1-str\u00e1nka-OX-Czechia-1024x441-1.png\" alt=\"Webov\u00e1 str\u00e1nka OX Czechia\" width=\"1024\" height=\"441\" srcset=\"https:\/\/trader-magazine.com\/wp-content\/uploads\/2020\/11\/\u00davodn\u00ed-webov\u00e1-str\u00e1nka-OX-Czechia-1024x441-1.png 1024w, https:\/\/trader-magazine.com\/wp-content\/uploads\/2020\/11\/\u00davodn\u00ed-webov\u00e1-str\u00e1nka-OX-Czechia-1024x441-1-300x129.png 300w, https:\/\/trader-magazine.com\/wp-content\/uploads\/2020\/11\/\u00davodn\u00ed-webov\u00e1-str\u00e1nka-OX-Czechia-1024x441-1-768x331.png 768w, https:\/\/trader-magazine.com\/wp-content\/uploads\/2020\/11\/\u00davodn\u00ed-webov\u00e1-str\u00e1nka-OX-Czechia-1024x441-1-696x300.png 696w, https:\/\/trader-magazine.com\/wp-content\/uploads\/2020\/11\/\u00davodn\u00ed-webov\u00e1-str\u00e1nka-OX-Czechia-1024x441-1-975x420.png 975w\" sizes=\"auto, (max-width: 1024px) 100vw, 1024px\" \/><figcaption id=\"caption-attachment-18344\" class=\"wp-caption-text\">Webov\u00e1 str\u00e1nka v\u00e1zan\u00e9 spole\u010dnosti OX Czechia<\/figcaption><\/figure>\n<h2>Profil<\/h2>\n<p>Spole\u010dnost <strong>OX Czechia s.r.o. (OX)<\/strong>, kter\u00e1 je na z\u00e1klad\u011b registrace ud\u011blen\u00e9 \u010ceskou n\u00e1rodn\u00ed bankou v\u00e1zan\u00fdm z\u00e1stupcem ve smyslu \u00a7 32a, z\u00e1kona 256\/2004 Sb o podnik\u00e1n\u00ed na kapit\u00e1lov\u00e9m trhu. V \u010cesk\u00e9 republice p\u016fsob\u00ed jako z\u00e1stupce zahrani\u010dn\u00ed spole\u010dnosti BCM Begin Capital Markets CY Ltd. (d\u0159\u00edve OX Capital Markets Ltd.) a je opr\u00e1vn\u011bna k propagaci investi\u010dn\u00edch slu\u017eeb (k n\u00ed\u017e ji oprav\u0148uje spole\u010dnost BCM <a href=\"https:\/\/begincapitalmarkets.com\/\" target=\"_blank\" rel=\"noopener\">Begin Capital Markets<\/a> CY Ltd) a d\u00e1le ke zprost\u0159edkov\u00e1n\u00ed uzav\u00edr\u00e1n\u00ed klientsk\u00fdch smluv \u010di jin\u00fdch smluvn\u00edch dokumentac\u00ed, kter\u00e9 jsou uzav\u0159eny mezi klientem a zahrani\u010dn\u00edm obchodn\u00edkem BCM Begin Capital Markets CY Ltd.<\/p>\n<p>Pokud jste p\u0159\u00edznivcem nov\u011b se objeviv\u0161\u00edch obchodn\u00edch platforem a slu\u017eeb, m\u00e1me pro v\u00e1s n\u011bco zaj\u00edmav\u00e9ho. Spole\u010dnost OX Czechia je prost\u0159edn\u00edkem mezin\u00e1rodn\u00edho brokera BCM Begin Capital Markets CY Ltd, kter\u00fd obchoduje s cenn\u00fdmi pap\u00edry. Jedn\u00e1 se skute\u010dn\u011b o velmi transparentn\u00ed spole\u010dnost.<\/p>\n<p><strong>Na jej\u00ed ofici\u00e1ln\u00ed webov\u00e9 str\u00e1nce najdete v\u0161echny pot\u0159ebn\u00e9 informace<\/strong>. Za\u010d\u00edn\u00e1 sekc\u00ed \u201eO n\u00e1s\u201c a kon\u010d\u00ed videogaleri\u00ed, kter\u00e1 je pln\u00e1 velmi informa\u010dn\u00edch vide\u00ed t\u00fdkaj\u00edc\u00edch se sv\u011bta obchodov\u00e1n\u00ed. V p\u0159\u00edpad\u011b, \u017ee jste zapomn\u011bli na n\u011bjak\u00fd obchodn\u00ed term\u00edn, m\u016f\u017eete v\u017edy naj\u00edt pomoc v sekci \u201eEdukace\u201c, kde jsou um\u00edst\u011bny v\u0161echny informace t\u00fdkaj\u00edc\u00ed se obchodn\u00edch term\u00edn\u016f.<\/p>\n<p>Pokud v\u00e1s zaj\u00edmaj\u00ed sp\u00ed\u0161e pr\u00e1vn\u00ed informace o spole\u010dnosti, sta\u010d\u00ed sjet dol\u016f na domovskou str\u00e1nku a najdete informace t\u00fdkaj\u00edc\u00ed se regulace.<\/p>\n<p><strong>Tato konzulta\u010dn\u00ed spole\u010dnost s\u00eddl\u00ed v Brn\u011b a m\u00e1 tak\u00e9 aktivn\u00ed \u00fa\u010det na soci\u00e1ln\u00edch s\u00edt\u00edch<\/strong>, jako je Facebook, Instragram a samoz\u0159ejm\u011b LinkedIn.<\/p>\n<p>V p\u0159\u00edpad\u011b, \u017ee m\u00e1te n\u011bjak\u00e9 ot\u00e1zky, m\u016f\u017eete vyplnit formul\u00e1\u0159 p\u0159\u00edmo na domovsk\u00e9 str\u00e1nce a obdr\u017eet informativn\u00ed odpov\u011b\u010f na sv\u016fj e-mail.<\/p>\n<p>Ka\u017edop\u00e1dn\u011b, OX Czechia vypad\u00e1 velmi slibn\u011b na m\u00edstn\u00edm obchodn\u00edm trhu a je zcela jist\u011b zaj\u00edmav\u00fdm prostorem k n\u00e1v\u0161t\u011bv\u011b.<\/p>\n","protected":false},"excerpt":{"rendered":"<p>N\u00e1zev: OX Czechia s.r.o. (OX) Adresa: Tu\u0159anka 115a 627 00 Brno M\u00e9dia Webov\u00e9 str\u00e1nky Warengo Profil Spole\u010dnost OX Czechia s.r.o. (OX), kter\u00e1 je na z\u00e1klad\u011b registrace ud\u011blen\u00e9 \u010ceskou n\u00e1rodn\u00ed bankou v\u00e1zan\u00fdm z\u00e1stupcem ve smyslu \u00a7 32a, z\u00e1kona 256\/2004 Sb o podnik\u00e1n\u00ed na kapit\u00e1lov\u00e9m trhu. V \u010cesk\u00e9 republice p\u016fsob\u00ed jako z\u00e1stupce zahrani\u010dn\u00ed spole\u010dnosti BCM Begin Capital [&hellip;]<\/p>\n","protected":false},"author":29,"featured_media":18344,"parent":0,"menu_order":0,"comment_status":"closed","ping_status":"closed","template":"","meta":{"yasr_overall_rating":0,"yasr_post_is_review":"","yasr_auto_insert_disabled":"","yasr_review_type":"","footnotes":""},"class_list":["post-18295","page","type-page","status-publish","has-post-thumbnail"],"aioseo_notices":[],"yasr_visitor_votes":{"stars_attributes":{"read_only":false,"span_bottom":false},"number_of_votes":0,"sum_votes":0},"aioseo_head":"\n\t\t<!-- All in One SEO Pro 4.9.5.2 - aioseo.com -->\n\t<meta name=\"description\" content=\"Spole\u010dnost OX Czechia s.r.o. (OX) p\u016fsob\u00ed v \u010cR jako prost\u0159edn\u00edk brokera BCM Begin Capital Markets CY Ltd., kter\u00fd se zam\u011b\u0159uje na obchodov\u00e1n\u00ed s cenn\u00fdmi pap\u00edry.\" \/>\n\t<meta name=\"robots\" content=\"max-image-preview:large\" \/>\n\t<link rel=\"canonical\" href=\"https:\/\/trader-magazine.com\/cs\/ox-czechia-s-r-o\/\" \/>\n\t<meta name=\"generator\" content=\"All in One SEO Pro (AIOSEO) 4.9.5.2\" \/>\n\t\t<meta property=\"og:locale\" content=\"cs_CZ\" \/>\n\t\t<meta property=\"og:site_name\" content=\"ForexMag\" \/>\n\t\t<meta property=\"og:type\" content=\"article\" \/>\n\t\t<meta property=\"og:title\" content=\"OX Czechia s.r.o. [Aktu\u00e1ln\u011b 2022] | OX Czechia s.r.o.\" \/>\n\t\t<meta property=\"og:description\" content=\"Spole\u010dnost OX Czechia s.r.o. (OX) p\u016fsob\u00ed v \u010cR jako prost\u0159edn\u00edk brokera BCM Begin Capital Markets CY Ltd., kter\u00fd se zam\u011b\u0159uje na obchodov\u00e1n\u00ed s cenn\u00fdmi pap\u00edry.\" \/>\n\t\t<meta property=\"og:url\" content=\"https:\/\/trader-magazine.com\/cs\/ox-czechia-s-r-o\/\" \/>\n\t\t<meta property=\"og:image\" content=\"https:\/\/trader-magazine.com\/wp-content\/uploads\/2020\/11\/OX-Czechia-logo.png\" \/>\n\t\t<meta property=\"og:image:secure_url\" content=\"https:\/\/trader-magazine.com\/wp-content\/uploads\/2020\/11\/OX-Czechia-logo.png\" \/>\n\t\t<meta property=\"og:image:width\" content=\"202\" \/>\n\t\t<meta property=\"og:image:height\" content=\"138\" \/>\n\t\t<meta property=\"article:published_time\" content=\"2020-11-23T19:26:23+00:00\" \/>\n\t\t<meta property=\"article:modified_time\" content=\"2022-11-14T12:23:16+00:00\" \/>\n\t\t<meta name=\"twitter:card\" content=\"summary\" \/>\n\t\t<meta name=\"twitter:title\" content=\"OX Czechia s.r.o. [Aktu\u00e1ln\u011b 2022] | OX Czechia s.r.o.\" \/>\n\t\t<meta name=\"twitter:description\" content=\"Spole\u010dnost OX Czechia s.r.o. (OX) p\u016fsob\u00ed v \u010cR jako prost\u0159edn\u00edk brokera BCM Begin Capital Markets CY Ltd., kter\u00fd se zam\u011b\u0159uje na obchodov\u00e1n\u00ed s cenn\u00fdmi pap\u00edry.\" \/>\n\t\t<meta name=\"twitter:image\" content=\"https:\/\/trader-magazine.com\/wp-content\/uploads\/2020\/11\/OX-Czechia-logo.png\" \/>\n\t\t<script type=\"application\/ld+json\" class=\"aioseo-schema\">\n\t\t\t{\"@context\":\"https:\\\/\\\/schema.org\",\"@graph\":[{\"@type\":\"BreadcrumbList\",\"@id\":\"https:\\\/\\\/trader-magazine.com\\\/cs\\\/ox-czechia-s-r-o\\\/#breadcrumblist\",\"itemListElement\":[{\"@type\":\"ListItem\",\"@id\":\"https:\\\/\\\/trader-magazine.com\\\/cs\\\/#listItem\",\"position\":1,\"name\":\"Home\",\"item\":\"https:\\\/\\\/trader-magazine.com\\\/cs\\\/\",\"nextItem\":{\"@type\":\"ListItem\",\"@id\":\"https:\\\/\\\/trader-magazine.com\\\/cs\\\/ox-czechia-s-r-o\\\/#listItem\",\"name\":\"OX Czechia s.r.o.\"}},{\"@type\":\"ListItem\",\"@id\":\"https:\\\/\\\/trader-magazine.com\\\/cs\\\/ox-czechia-s-r-o\\\/#listItem\",\"position\":2,\"name\":\"OX Czechia s.r.o.\",\"previousItem\":{\"@type\":\"ListItem\",\"@id\":\"https:\\\/\\\/trader-magazine.com\\\/cs\\\/#listItem\",\"name\":\"Home\"}}]},{\"@type\":\"Organization\",\"@id\":\"https:\\\/\\\/trader-magazine.com\\\/cs\\\/#organization\",\"name\":\"Trader-Magazine.com\",\"description\":\"Mezin\\u00e1rodn\\u00ed port\\u00e1l finan\\u010dn\\u00edho vzd\\u011bl\\u00e1v\\u00e1n\\u00ed se zam\\u011b\\u0159en\\u00edm na investice. V sou\\u010dasn\\u00e9 dob\\u011b vych\\u00e1z\\u00ed v 6 jazykov\\u00fdch verz\\u00edch a p\\u0159in\\u00e1\\u0161\\u00ed denn\\u011b aktualizovan\\u00e9 zpr\\u00e1vy, recenze, varov\\u00e1n\\u00ed a vzd\\u011bl\\u00e1vac\\u00ed \\u010dl\\u00e1nky relevantn\\u00ed pro investory z cel\\u00e9ho sv\\u011bta.\",\"url\":\"https:\\\/\\\/trader-magazine.com\\\/cs\\\/\",\"email\":\"info@trader-magazine.com\",\"logo\":{\"@type\":\"ImageObject\",\"url\":\"https:\\\/\\\/trader-magazine.com\\\/wp-content\\\/uploads\\\/2026\\\/01\\\/logo_logo4-B-kopie.png\",\"@id\":\"https:\\\/\\\/trader-magazine.com\\\/cs\\\/ox-czechia-s-r-o\\\/#organizationLogo\",\"width\":1586,\"height\":555},\"image\":{\"@id\":\"https:\\\/\\\/trader-magazine.com\\\/cs\\\/ox-czechia-s-r-o\\\/#organizationLogo\"}},{\"@type\":\"WebPage\",\"@id\":\"https:\\\/\\\/trader-magazine.com\\\/cs\\\/ox-czechia-s-r-o\\\/#webpage\",\"url\":\"https:\\\/\\\/trader-magazine.com\\\/cs\\\/ox-czechia-s-r-o\\\/\",\"name\":\"OX Czechia s.r.o. [Aktu\\u00e1ln\\u011b 2022] | OX Czechia s.r.o.\",\"description\":\"Spole\\u010dnost OX Czechia s.r.o. (OX) p\\u016fsob\\u00ed v \\u010cR jako prost\\u0159edn\\u00edk brokera BCM Begin Capital Markets CY Ltd., kter\\u00fd se zam\\u011b\\u0159uje na obchodov\\u00e1n\\u00ed s cenn\\u00fdmi pap\\u00edry.\",\"inLanguage\":\"cs-CZ\",\"isPartOf\":{\"@id\":\"https:\\\/\\\/trader-magazine.com\\\/cs\\\/#website\"},\"breadcrumb\":{\"@id\":\"https:\\\/\\\/trader-magazine.com\\\/cs\\\/ox-czechia-s-r-o\\\/#breadcrumblist\"},\"image\":{\"@type\":\"ImageObject\",\"url\":\"https:\\\/\\\/trader-magazine.com\\\/wp-content\\\/uploads\\\/2020\\\/11\\\/\\u00davodn\\u00ed-webov\\u00e1-str\\u00e1nka-OX-Czechia-1024x441-1.png\",\"@id\":\"https:\\\/\\\/trader-magazine.com\\\/cs\\\/ox-czechia-s-r-o\\\/#mainImage\",\"width\":1024,\"height\":441,\"caption\":\"Webov\\u00e1 str\\u00e1nka OX Czechia\"},\"primaryImageOfPage\":{\"@id\":\"https:\\\/\\\/trader-magazine.com\\\/cs\\\/ox-czechia-s-r-o\\\/#mainImage\"},\"datePublished\":\"2020-11-23T20:26:23+01:00\",\"dateModified\":\"2022-11-14T13:23:16+01:00\"},{\"@type\":\"WebSite\",\"@id\":\"https:\\\/\\\/trader-magazine.com\\\/cs\\\/#website\",\"url\":\"https:\\\/\\\/trader-magazine.com\\\/cs\\\/\",\"name\":\"Trader Magazine\",\"description\":\"Online magazine about events in the world of investments, Forex and Finacials\",\"inLanguage\":\"cs-CZ\",\"publisher\":{\"@id\":\"https:\\\/\\\/trader-magazine.com\\\/cs\\\/#organization\"}}]}\n\t\t<\/script>\n\t\t<!-- All in One SEO Pro -->\r\n\t\t<title>OX Czechia s.r.o. [Aktu\u00e1ln\u011b 2022] | OX Czechia s.r.o.<\/title>\n\n","aioseo_head_json":{"title":"OX Czechia s.r.o. [Aktu\u00e1ln\u011b 2022] | OX Czechia s.r.o.","description":"Spole\u010dnost OX Czechia s.r.o. (OX) p\u016fsob\u00ed v \u010cR jako prost\u0159edn\u00edk brokera BCM Begin Capital Markets CY Ltd., kter\u00fd se zam\u011b\u0159uje na obchodov\u00e1n\u00ed s cenn\u00fdmi pap\u00edry.","canonical_url":"https:\/\/trader-magazine.com\/cs\/ox-czechia-s-r-o\/","robots":"max-image-preview:large","keywords":"","webmasterTools":{"miscellaneous":""},"schema":{"@context":"https:\/\/schema.org","@graph":[{"@type":"BreadcrumbList","@id":"https:\/\/trader-magazine.com\/cs\/ox-czechia-s-r-o\/#breadcrumblist","itemListElement":[{"@type":"ListItem","@id":"https:\/\/trader-magazine.com\/cs\/#listItem","position":1,"name":"Home","item":"https:\/\/trader-magazine.com\/cs\/","nextItem":{"@type":"ListItem","@id":"https:\/\/trader-magazine.com\/cs\/ox-czechia-s-r-o\/#listItem","name":"OX Czechia s.r.o."}},{"@type":"ListItem","@id":"https:\/\/trader-magazine.com\/cs\/ox-czechia-s-r-o\/#listItem","position":2,"name":"OX Czechia s.r.o.","previousItem":{"@type":"ListItem","@id":"https:\/\/trader-magazine.com\/cs\/#listItem","name":"Home"}}]},{"@type":"Organization","@id":"https:\/\/trader-magazine.com\/cs\/#organization","name":"Trader-Magazine.com","description":"Mezin\u00e1rodn\u00ed port\u00e1l finan\u010dn\u00edho vzd\u011bl\u00e1v\u00e1n\u00ed se zam\u011b\u0159en\u00edm na investice. V sou\u010dasn\u00e9 dob\u011b vych\u00e1z\u00ed v 6 jazykov\u00fdch verz\u00edch a p\u0159in\u00e1\u0161\u00ed denn\u011b aktualizovan\u00e9 zpr\u00e1vy, recenze, varov\u00e1n\u00ed a vzd\u011bl\u00e1vac\u00ed \u010dl\u00e1nky relevantn\u00ed pro investory z cel\u00e9ho sv\u011bta.","url":"https:\/\/trader-magazine.com\/cs\/","email":"info@trader-magazine.com","logo":{"@type":"ImageObject","url":"https:\/\/trader-magazine.com\/wp-content\/uploads\/2026\/01\/logo_logo4-B-kopie.png","@id":"https:\/\/trader-magazine.com\/cs\/ox-czechia-s-r-o\/#organizationLogo","width":1586,"height":555},"image":{"@id":"https:\/\/trader-magazine.com\/cs\/ox-czechia-s-r-o\/#organizationLogo"}},{"@type":"WebPage","@id":"https:\/\/trader-magazine.com\/cs\/ox-czechia-s-r-o\/#webpage","url":"https:\/\/trader-magazine.com\/cs\/ox-czechia-s-r-o\/","name":"OX Czechia s.r.o. [Aktu\u00e1ln\u011b 2022] | OX Czechia s.r.o.","description":"Spole\u010dnost OX Czechia s.r.o. (OX) p\u016fsob\u00ed v \u010cR jako prost\u0159edn\u00edk brokera BCM Begin Capital Markets CY Ltd., kter\u00fd se zam\u011b\u0159uje na obchodov\u00e1n\u00ed s cenn\u00fdmi pap\u00edry.","inLanguage":"cs-CZ","isPartOf":{"@id":"https:\/\/trader-magazine.com\/cs\/#website"},"breadcrumb":{"@id":"https:\/\/trader-magazine.com\/cs\/ox-czechia-s-r-o\/#breadcrumblist"},"image":{"@type":"ImageObject","url":"https:\/\/trader-magazine.com\/wp-content\/uploads\/2020\/11\/\u00davodn\u00ed-webov\u00e1-str\u00e1nka-OX-Czechia-1024x441-1.png","@id":"https:\/\/trader-magazine.com\/cs\/ox-czechia-s-r-o\/#mainImage","width":1024,"height":441,"caption":"Webov\u00e1 str\u00e1nka OX Czechia"},"primaryImageOfPage":{"@id":"https:\/\/trader-magazine.com\/cs\/ox-czechia-s-r-o\/#mainImage"},"datePublished":"2020-11-23T20:26:23+01:00","dateModified":"2022-11-14T13:23:16+01:00"},{"@type":"WebSite","@id":"https:\/\/trader-magazine.com\/cs\/#website","url":"https:\/\/trader-magazine.com\/cs\/","name":"Trader Magazine","description":"Online magazine about events in the world of investments, Forex and Finacials","inLanguage":"cs-CZ","publisher":{"@id":"https:\/\/trader-magazine.com\/cs\/#organization"}}]},"og:locale":"cs_CZ","og:site_name":"ForexMag","og:type":"article","og:title":"OX Czechia s.r.o. [Aktu\u00e1ln\u011b 2022] | OX Czechia s.r.o.","og:description":"Spole\u010dnost OX Czechia s.r.o. (OX) p\u016fsob\u00ed v \u010cR jako prost\u0159edn\u00edk brokera BCM Begin Capital Markets CY Ltd., kter\u00fd se zam\u011b\u0159uje na obchodov\u00e1n\u00ed s cenn\u00fdmi pap\u00edry.","og:url":"https:\/\/trader-magazine.com\/cs\/ox-czechia-s-r-o\/","og:image":"https:\/\/trader-magazine.com\/wp-content\/uploads\/2020\/11\/OX-Czechia-logo.png","og:image:secure_url":"https:\/\/trader-magazine.com\/wp-content\/uploads\/2020\/11\/OX-Czechia-logo.png","og:image:width":202,"og:image:height":138,"article:published_time":"2020-11-23T19:26:23+00:00","article:modified_time":"2022-11-14T12:23:16+00:00","twitter:card":"summary","twitter:title":"OX Czechia s.r.o. [Aktu\u00e1ln\u011b 2022] | OX Czechia s.r.o.","twitter:description":"Spole\u010dnost OX Czechia s.r.o. (OX) p\u016fsob\u00ed v \u010cR jako prost\u0159edn\u00edk brokera BCM Begin Capital Markets CY Ltd., kter\u00fd se zam\u011b\u0159uje na obchodov\u00e1n\u00ed s cenn\u00fdmi pap\u00edry.","twitter:image":"https:\/\/trader-magazine.com\/wp-content\/uploads\/2020\/11\/OX-Czechia-logo.png"},"aioseo_meta_data":{"post_id":"18295","title":"OX Czechia s.r.o. [Aktu\u00e1ln\u011b 2022] #separator_sa #post_title","description":"Spole\u010dnost OX Czechia s.r.o. (OX) p\u016fsob\u00ed v \u010cR jako prost\u0159edn\u00edk brokera BCM Begin Capital Markets CY Ltd., kter\u00fd se zam\u011b\u0159uje na obchodov\u00e1n\u00ed s cenn\u00fdmi pap\u00edry.","keywords":[],"keyphrases":{"focus":{"keyphrase":"","score":0,"analysis":{"keyphraseInTitle":{"score":0,"maxScore":9,"error":1}}},"additional":[]},"primary_term":null,"canonical_url":null,"og_title":null,"og_description":null,"og_object_type":"default","og_image_type":"default","og_image_url":null,"og_image_width":null,"og_image_height":null,"og_image_custom_url":null,"og_image_custom_fields":null,"og_video":"","og_custom_url":null,"og_article_section":null,"og_article_tags":[],"twitter_use_og":false,"twitter_card":"default","twitter_image_type":"default","twitter_image_url":null,"twitter_image_custom_url":null,"twitter_image_custom_fields":null,"twitter_title":null,"twitter_description":null,"schema":{"blockGraphs":[],"customGraphs":[],"default":{"data":{"Article":[],"Course":[],"Dataset":[],"FAQPage":[],"Movie":[],"Person":[],"Product":[],"ProductReview":[],"Car":[],"Recipe":[],"Service":[],"SoftwareApplication":[],"WebPage":[]},"graphName":"WebPage","isEnabled":true},"graphs":[]},"schema_type":"default","schema_type_options":null,"pillar_content":false,"robots_default":true,"robots_noindex":false,"robots_noarchive":false,"robots_nosnippet":false,"robots_nofollow":false,"robots_noimageindex":false,"robots_noodp":false,"robots_notranslate":false,"robots_max_snippet":"-1","robots_max_videopreview":"-1","robots_max_imagepreview":"large","priority":null,"frequency":"default","local_seo":null,"seo_analyzer_scan_date":"2025-10-12 11:53:16","breadcrumb_settings":null,"limit_modified_date":false,"reviewed_by":null,"open_ai":null,"ai":null,"created":"2021-11-16 10:06:39","updated":"2025-10-12 11:53:16"},"aioseo_breadcrumb":"<div class=\"aioseo-breadcrumbs\"><span class=\"aioseo-breadcrumb\">\n\t<a href=\"https:\/\/trader-magazine.com\/cs\/\" title=\"Home\">Home<\/a>\n<\/span><span class=\"aioseo-breadcrumb-separator\">&raquo;<\/span><span class=\"aioseo-breadcrumb\">\n\tOX Czechia s.r.o.\n<\/span><\/div>","aioseo_breadcrumb_json":[{"label":"Home","link":"https:\/\/trader-magazine.com\/cs\/"},{"label":"OX Czechia s.r.o.","link":"https:\/\/trader-magazine.com\/cs\/ox-czechia-s-r-o\/"}],"_links":{"self":[{"href":"https:\/\/trader-magazine.com\/cs\/wp-json\/wp\/v2\/pages\/18295","targetHints":{"allow":["GET"]}}],"collection":[{"href":"https:\/\/trader-magazine.com\/cs\/wp-json\/wp\/v2\/pages"}],"about":[{"href":"https:\/\/trader-magazine.com\/cs\/wp-json\/wp\/v2\/types\/page"}],"author":[{"embeddable":true,"href":"https:\/\/trader-magazine.com\/cs\/wp-json\/wp\/v2\/users\/29"}],"replies":[{"embeddable":true,"href":"https:\/\/trader-magazine.com\/cs\/wp-json\/wp\/v2\/comments?post=18295"}],"version-history":[{"count":0,"href":"https:\/\/trader-magazine.com\/cs\/wp-json\/wp\/v2\/pages\/18295\/revisions"}],"wp:featuredmedia":[{"embeddable":true,"href":"https:\/\/trader-magazine.com\/cs\/wp-json\/wp\/v2\/media\/18344"}],"wp:attachment":[{"href":"https:\/\/trader-magazine.com\/cs\/wp-json\/wp\/v2\/media?parent=18295"}],"curies":[{"name":"wp","href":"https:\/\/api.w.org\/{rel}","templated":true}]}}